{"id":1841,"date":"2024-12-12T17:50:53","date_gmt":"2024-12-12T20:50:53","guid":{"rendered":"https:\/\/site.ifes.edu.br\/lab-instrumentacao\/?page_id=1841"},"modified":"2024-12-28T20:29:51","modified_gmt":"2024-12-28T23:29:51","slug":"sala-de-mecanica","status":"publish","type":"page","link":"https:\/\/site.ifes.edu.br\/lab-instrumentacao\/sala-de-mecanica\/","title":{"rendered":"Sala de Mec\u00e2nica"},"content":{"rendered":"<h4>1 &#8211; Din\u00e2mica de Rota\u00e7\u00e3o<\/h4>\n<p><a href=\"https:\/\/site.ifes.edu.br\/lab-instrumentacao\/wp-content\/uploads\/sites\/15\/2024\/12\/WhatsApp-Image-2024-12-15-at-22.41.01.jpeg\"><img fetchpriority=\"high\" decoding=\"async\" class=\"alignnone wp-image-1912\" src=\"https:\/\/site.ifes.edu.br\/lab-instrumentacao\/wp-content\/uploads\/sites\/15\/2024\/12\/WhatsApp-Image-2024-12-15-at-22.41.01.jpeg\" alt=\"\" width=\"244\" height=\"274\" srcset=\"https:\/\/site.ifes.edu.br\/lab-instrumentacao\/wp-content\/uploads\/sites\/15\/2024\/12\/WhatsApp-Image-2024-12-15-at-22.41.01.jpeg 338w, https:\/\/site.ifes.edu.br\/lab-instrumentacao\/wp-content\/uploads\/sites\/15\/2024\/12\/WhatsApp-Image-2024-12-15-at-22.41.01-268x300.jpeg 268w\" sizes=\"(max-width: 244px) 100vw, 244px\" \/><\/a><\/p>\n<p><a href=\"https:\/\/site.ifes.edu.br\/lab-instrumentacao\/wp-content\/uploads\/sites\/15\/2024\/12\/Roteiro-do-Experimento-da-Dinamica-de-Rotacao.pdf\">Roteiro do experimento &#8220;Din\u00e2mica de Rota\u00e7\u00e3o&#8221;<\/a><\/p>\n<hr \/>\n<h4>2 &#8211; P\u00eandulo Magn\u00e9tico<\/h4>\n<p><a href=\"https:\/\/site.ifes.edu.br\/lab-instrumentacao\/wp-content\/uploads\/sites\/15\/2024\/12\/WhatsApp-Image-2024-12-17-at-23.20.39.jpeg\"><img decoding=\"async\" class=\"alignnone wp-image-2006\" src=\"https:\/\/site.ifes.edu.br\/lab-instrumentacao\/wp-content\/uploads\/sites\/15\/2024\/12\/WhatsApp-Image-2024-12-17-at-23.20.39.jpeg\" alt=\"\" width=\"249\" height=\"337\" srcset=\"https:\/\/site.ifes.edu.br\/lab-instrumentacao\/wp-content\/uploads\/sites\/15\/2024\/12\/WhatsApp-Image-2024-12-17-at-23.20.39.jpeg 569w, https:\/\/site.ifes.edu.br\/lab-instrumentacao\/wp-content\/uploads\/sites\/15\/2024\/12\/WhatsApp-Image-2024-12-17-at-23.20.39-222x300.jpeg 222w\" sizes=\"(max-width: 249px) 100vw, 249px\" \/><\/a><\/p>\n<p><a href=\"https:\/\/site.ifes.edu.br\/lab-instrumentacao\/wp-content\/uploads\/sites\/15\/2024\/12\/Roteiro-do-Experimento-do-Pendulo-Magnetico.pdf\">Roteiro do experimento &#8220;P\u00eandulo Magn\u00e9tico&#8221;<\/a><\/p>\n<hr \/>\n<h4>3 &#8211; Braquist\u00f3crona<\/h4>\n<p><a href=\"https:\/\/site.ifes.edu.br\/lab-instrumentacao\/wp-content\/uploads\/sites\/15\/2024\/12\/WhatsApp-Image-2024-12-17-at-23.19.59.jpeg\"><img decoding=\"async\" class=\"alignnone wp-image-2009\" src=\"https:\/\/site.ifes.edu.br\/lab-instrumentacao\/wp-content\/uploads\/sites\/15\/2024\/12\/WhatsApp-Image-2024-12-17-at-23.19.59.jpeg\" alt=\"\" width=\"301\" height=\"137\" srcset=\"https:\/\/site.ifes.edu.br\/lab-instrumentacao\/wp-content\/uploads\/sites\/15\/2024\/12\/WhatsApp-Image-2024-12-17-at-23.19.59.jpeg 536w, https:\/\/site.ifes.edu.br\/lab-instrumentacao\/wp-content\/uploads\/sites\/15\/2024\/12\/WhatsApp-Image-2024-12-17-at-23.19.59-300x137.jpeg 300w\" sizes=\"(max-width: 301px) 100vw, 301px\" \/><\/a><\/p>\n<p><a href=\"https:\/\/site.ifes.edu.br\/lab-instrumentacao\/wp-content\/uploads\/sites\/15\/2024\/12\/EXPOFISICA-1-SALA-DE-MECANICA-Braquistocrona.pdf\">EXPOF\u00cdSICA 1 &#8211; SALA DE MEC\u00c2NICA &#8211; Braquist\u00f3crona<\/a><\/p>\n<hr \/>\n<h4>4 &#8211; Garrafas (queda livre)<\/h4>\n<p><a href=\"https:\/\/site.ifes.edu.br\/lab-instrumentacao\/wp-content\/uploads\/sites\/15\/2024\/12\/garafas.jpg\"><img loading=\"lazy\" decoding=\"async\" class=\"alignnone wp-image-2030\" src=\"https:\/\/site.ifes.edu.br\/lab-instrumentacao\/wp-content\/uploads\/sites\/15\/2024\/12\/garafas.jpg\" alt=\"\" width=\"286\" height=\"333\" srcset=\"https:\/\/site.ifes.edu.br\/lab-instrumentacao\/wp-content\/uploads\/sites\/15\/2024\/12\/garafas.jpg 310w, https:\/\/site.ifes.edu.br\/lab-instrumentacao\/wp-content\/uploads\/sites\/15\/2024\/12\/garafas-258x300.jpg 258w\" sizes=\"(max-width: 286px) 100vw, 286px\" \/><\/a><\/p>\n<p><a href=\"https:\/\/site.ifes.edu.br\/lab-instrumentacao\/wp-content\/uploads\/sites\/15\/2024\/12\/EXPOFISICA-GARRAFAS.pdf\">Roteiro do experimento das garrafas<\/a><\/p>\n","protected":false},"excerpt":{"rendered":"<p>1 &#8211; Din\u00e2mica de Rota\u00e7\u00e3o Roteiro do experimento &#8220;Din\u00e2mica de Rota\u00e7\u00e3o&#8221; 2 &#8211; P\u00eandulo Magn\u00e9tico Roteiro do experimento &#8220;P\u00eandulo Magn\u00e9tico&#8221; 3 &#8211; Braquist\u00f3crona EXPOF\u00cdSICA 1 &#8211; SALA DE MEC\u00c2NICA &#8211; Braquist\u00f3crona 4 &#8211; Garrafas (queda livre) Roteiro do experimento das garrafas<\/p>\n","protected":false},"author":12,"featured_media":0,"parent":0,"menu_order":0,"comment_status":"closed","ping_status":"closed","template":"","meta":{"footnotes":""},"class_list":["post-1841","page","type-page","status-publish","hentry"],"_links":{"self":[{"href":"https:\/\/site.ifes.edu.br\/lab-instrumentacao\/wp-json\/wp\/v2\/pages\/1841"}],"collection":[{"href":"https:\/\/site.ifes.edu.br\/lab-instrumentacao\/wp-json\/wp\/v2\/pages"}],"about":[{"href":"https:\/\/site.ifes.edu.br\/lab-instrumentacao\/wp-json\/wp\/v2\/types\/page"}],"author":[{"embeddable":true,"href":"https:\/\/site.ifes.edu.br\/lab-instrumentacao\/wp-json\/wp\/v2\/users\/12"}],"replies":[{"embeddable":true,"href":"https:\/\/site.ifes.edu.br\/lab-instrumentacao\/wp-json\/wp\/v2\/comments?post=1841"}],"version-history":[{"count":9,"href":"https:\/\/site.ifes.edu.br\/lab-instrumentacao\/wp-json\/wp\/v2\/pages\/1841\/revisions"}],"predecessor-version":[{"id":2092,"href":"https:\/\/site.ifes.edu.br\/lab-instrumentacao\/wp-json\/wp\/v2\/pages\/1841\/revisions\/2092"}],"wp:attachment":[{"href":"https:\/\/site.ifes.edu.br\/lab-instrumentacao\/wp-json\/wp\/v2\/media?parent=1841"}],"curies":[{"name":"wp","href":"https:\/\/api.w.org\/{rel}","templated":true}]}}