{"id":1838,"date":"2024-12-12T17:51:04","date_gmt":"2024-12-12T20:51:04","guid":{"rendered":"https:\/\/site.ifes.edu.br\/lab-instrumentacao\/?page_id=1838"},"modified":"2024-12-28T20:28:43","modified_gmt":"2024-12-28T23:28:43","slug":"sala-de-termodinamica","status":"publish","type":"page","link":"https:\/\/site.ifes.edu.br\/lab-instrumentacao\/sala-de-termodinamica\/","title":{"rendered":"Sala de Termodin\u00e2mica e Fluidos"},"content":{"rendered":"<h4>1 &#8211; Nuvem na Garrafa<\/h4>\n<p><a href=\"https:\/\/site.ifes.edu.br\/lab-instrumentacao\/wp-content\/uploads\/sites\/15\/2024\/12\/WhatsApp-Image-2024-12-13-at-10.56.28.jpeg\"><img fetchpriority=\"high\" decoding=\"async\" class=\"wp-image-1862 alignnone\" src=\"https:\/\/site.ifes.edu.br\/lab-instrumentacao\/wp-content\/uploads\/sites\/15\/2024\/12\/WhatsApp-Image-2024-12-13-at-10.56.28.jpeg\" alt=\"\" width=\"347\" height=\"284\" srcset=\"https:\/\/site.ifes.edu.br\/lab-instrumentacao\/wp-content\/uploads\/sites\/15\/2024\/12\/WhatsApp-Image-2024-12-13-at-10.56.28.jpeg 466w, https:\/\/site.ifes.edu.br\/lab-instrumentacao\/wp-content\/uploads\/sites\/15\/2024\/12\/WhatsApp-Image-2024-12-13-at-10.56.28-300x246.jpeg 300w\" sizes=\"(max-width: 347px) 100vw, 347px\" \/><\/a><\/p>\n<p><a href=\"https:\/\/site.ifes.edu.br\/lab-instrumentacao\/utilizando-o-experimento-nuvem-na-garrafa-em-uma-sala-tematica-de-termodinamica\/\">Utilizando o experimento &#8220;Nuvem na Garrafa&#8221; para o Ensino de Termodin\u00e2mica em uma Sala Tem\u00e1tica<\/a><\/p>\n<hr \/>\n<p>&nbsp;<\/p>\n<h4>2 &#8211; Submarino na Garrafa<\/h4>\n<p><a href=\"https:\/\/site.ifes.edu.br\/lab-instrumentacao\/wp-content\/uploads\/sites\/15\/2024\/12\/WhatsApp-Image-2024-12-13-at-21.53.13.jpeg\"><img decoding=\"async\" class=\"alignnone wp-image-1883\" src=\"https:\/\/site.ifes.edu.br\/lab-instrumentacao\/wp-content\/uploads\/sites\/15\/2024\/12\/WhatsApp-Image-2024-12-13-at-21.53.13.jpeg\" alt=\"\" width=\"131\" height=\"328\" srcset=\"https:\/\/site.ifes.edu.br\/lab-instrumentacao\/wp-content\/uploads\/sites\/15\/2024\/12\/WhatsApp-Image-2024-12-13-at-21.53.13.jpeg 240w, https:\/\/site.ifes.edu.br\/lab-instrumentacao\/wp-content\/uploads\/sites\/15\/2024\/12\/WhatsApp-Image-2024-12-13-at-21.53.13-120x300.jpeg 120w\" sizes=\"(max-width: 131px) 100vw, 131px\" \/><\/a><\/p>\n<p><a href=\"https:\/\/site.ifes.edu.br\/lab-instrumentacao\/wp-content\/uploads\/sites\/15\/2024\/12\/Roteiro-do-Experimento-do-Submarino-na-garrafa-2.pdf\">Roteiro do experimento &#8220;Submarino na garrafa&#8221;<\/a><\/p>\n<hr \/>\n<p>&nbsp;<\/p>\n<h4>3 &#8211; Aqu\u00e1rio de Convec\u00e7\u00e3o<\/h4>\n<p><a href=\"https:\/\/site.ifes.edu.br\/lab-instrumentacao\/wp-content\/uploads\/sites\/15\/2024\/12\/aquario-convec.jpg\"><img decoding=\"async\" class=\"alignnone wp-image-1902\" src=\"https:\/\/site.ifes.edu.br\/lab-instrumentacao\/wp-content\/uploads\/sites\/15\/2024\/12\/aquario-convec.jpg\" alt=\"\" width=\"394\" height=\"321\" srcset=\"https:\/\/site.ifes.edu.br\/lab-instrumentacao\/wp-content\/uploads\/sites\/15\/2024\/12\/aquario-convec.jpg 398w, https:\/\/site.ifes.edu.br\/lab-instrumentacao\/wp-content\/uploads\/sites\/15\/2024\/12\/aquario-convec-300x245.jpg 300w\" sizes=\"(max-width: 394px) 100vw, 394px\" \/><\/a><\/p>\n<p><a href=\"https:\/\/site.ifes.edu.br\/lab-instrumentacao\/wp-content\/uploads\/sites\/15\/2024\/12\/Experimento-do-Aquario-de-Conveccao.pdf\">Experimento do &#8220;Aqu\u00e1rio de Convec\u00e7\u00e3o&#8221;<\/a><\/p>\n<hr \/>\n<p>&nbsp;<\/p>\n<h4>4 &#8211; Termosc\u00f3pio Colorido<\/h4>\n<p><a href=\"https:\/\/site.ifes.edu.br\/lab-instrumentacao\/wp-content\/uploads\/sites\/15\/2024\/12\/WhatsApp-Image-2024-12-16-at-04.35.25.jpeg\"><img loading=\"lazy\" decoding=\"async\" class=\"alignnone wp-image-1907\" src=\"https:\/\/site.ifes.edu.br\/lab-instrumentacao\/wp-content\/uploads\/sites\/15\/2024\/12\/WhatsApp-Image-2024-12-16-at-04.35.25.jpeg\" alt=\"\" width=\"306\" height=\"323\" srcset=\"https:\/\/site.ifes.edu.br\/lab-instrumentacao\/wp-content\/uploads\/sites\/15\/2024\/12\/WhatsApp-Image-2024-12-16-at-04.35.25.jpeg 377w, https:\/\/site.ifes.edu.br\/lab-instrumentacao\/wp-content\/uploads\/sites\/15\/2024\/12\/WhatsApp-Image-2024-12-16-at-04.35.25-284x300.jpeg 284w\" sizes=\"(max-width: 306px) 100vw, 306px\" \/><\/a><\/p>\n<p><a href=\"https:\/\/site.ifes.edu.br\/lab-instrumentacao\/wp-content\/uploads\/sites\/15\/2024\/12\/Roteiro-do-Experimento-do-Termoscopio-Colorido.pdf\">Roteiro do experimento &#8220;Termosc\u00f3pio Colorido&#8221;<\/a><\/p>\n<hr \/>\n<h4>5 &#8211; Gelo Instant\u00e2neo<\/h4>\n<p><a href=\"https:\/\/site.ifes.edu.br\/lab-instrumentacao\/wp-content\/uploads\/sites\/15\/2024\/12\/Imagem-do-WhatsApp-de-2024-12-13-as-21.13.59_425b3eeb.jpg\"><img loading=\"lazy\" decoding=\"async\" class=\"alignnone wp-image-1878\" src=\"https:\/\/site.ifes.edu.br\/lab-instrumentacao\/wp-content\/uploads\/sites\/15\/2024\/12\/Imagem-do-WhatsApp-de-2024-12-13-as-21.13.59_425b3eeb.jpg\" alt=\"\" width=\"236\" height=\"245\" srcset=\"https:\/\/site.ifes.edu.br\/lab-instrumentacao\/wp-content\/uploads\/sites\/15\/2024\/12\/Imagem-do-WhatsApp-de-2024-12-13-as-21.13.59_425b3eeb.jpg 395w, https:\/\/site.ifes.edu.br\/lab-instrumentacao\/wp-content\/uploads\/sites\/15\/2024\/12\/Imagem-do-WhatsApp-de-2024-12-13-as-21.13.59_425b3eeb-290x300.jpg 290w\" sizes=\"(max-width: 236px) 100vw, 236px\" \/><\/a><\/p>\n<p><a href=\"https:\/\/site.ifes.edu.br\/lab-instrumentacao\/wp-content\/uploads\/sites\/15\/2024\/12\/gelo-instantaneo-corrigido.pdf\">Experimento do &#8220;Gelo Instant\u00e2neo&#8221;<\/a><\/p>\n<hr \/>\n<h4>6 &#8211; Amassador de Latinhas<\/h4>\n<p><a href=\"https:\/\/site.ifes.edu.br\/lab-instrumentacao\/wp-content\/uploads\/sites\/15\/2024\/12\/WhatsApp-Image-2024-12-13-at-11.11.35-AM.jpeg\"><img loading=\"lazy\" decoding=\"async\" class=\"alignnone wp-image-1986\" src=\"https:\/\/site.ifes.edu.br\/lab-instrumentacao\/wp-content\/uploads\/sites\/15\/2024\/12\/WhatsApp-Image-2024-12-13-at-11.11.35-AM.jpeg\" alt=\"\" width=\"262\" height=\"265\" srcset=\"https:\/\/site.ifes.edu.br\/lab-instrumentacao\/wp-content\/uploads\/sites\/15\/2024\/12\/WhatsApp-Image-2024-12-13-at-11.11.35-AM.jpeg 530w, https:\/\/site.ifes.edu.br\/lab-instrumentacao\/wp-content\/uploads\/sites\/15\/2024\/12\/WhatsApp-Image-2024-12-13-at-11.11.35-AM-297x300.jpeg 297w\" sizes=\"(max-width: 262px) 100vw, 262px\" \/><\/a><\/p>\n<p><a href=\"https:\/\/site.ifes.edu.br\/lab-instrumentacao\/wp-content\/uploads\/sites\/15\/2024\/12\/Roteiro-do-Experimento-do-Amassador-de-Latinhas.pdf\">Roteiro do experimento &#8220;Amassador de Latinhas&#8221;<\/a><\/p>\n<hr \/>\n<h4><strong>7 &#8211; Motor de Heron<\/strong><\/h4>\n<p><a href=\"https:\/\/site.ifes.edu.br\/lab-instrumentacao\/wp-content\/uploads\/sites\/15\/2024\/12\/Captura-de-tela-2024-12-19-125315.png\"><img loading=\"lazy\" decoding=\"async\" class=\"alignnone wp-image-2035\" src=\"https:\/\/site.ifes.edu.br\/lab-instrumentacao\/wp-content\/uploads\/sites\/15\/2024\/12\/Captura-de-tela-2024-12-19-125315.png\" alt=\"\" width=\"281\" height=\"361\" srcset=\"https:\/\/site.ifes.edu.br\/lab-instrumentacao\/wp-content\/uploads\/sites\/15\/2024\/12\/Captura-de-tela-2024-12-19-125315.png 789w, https:\/\/site.ifes.edu.br\/lab-instrumentacao\/wp-content\/uploads\/sites\/15\/2024\/12\/Captura-de-tela-2024-12-19-125315-233x300.png 233w, https:\/\/site.ifes.edu.br\/lab-instrumentacao\/wp-content\/uploads\/sites\/15\/2024\/12\/Captura-de-tela-2024-12-19-125315-768x988.png 768w\" sizes=\"(max-width: 281px) 100vw, 281px\" \/><\/a><\/p>\n<p><a href=\"https:\/\/site.ifes.edu.br\/lab-instrumentacao\/wp-content\/uploads\/sites\/15\/2024\/12\/Motor-de-Heron-Expofisica.pdf\">Motor de Heron &#8211; Expof\u00edsica<\/a><\/p>\n<hr \/>\n<h4><strong>8 &#8211; Tornado de Fogo<\/strong><\/h4>\n<p><a href=\"https:\/\/site.ifes.edu.br\/lab-instrumentacao\/wp-content\/uploads\/sites\/15\/2024\/12\/WhatsApp-Image-2024-12-28-at-19.55.17.jpeg\"><img loading=\"lazy\" decoding=\"async\" class=\"alignnone size-full wp-image-2084\" src=\"https:\/\/site.ifes.edu.br\/lab-instrumentacao\/wp-content\/uploads\/sites\/15\/2024\/12\/WhatsApp-Image-2024-12-28-at-19.55.17.jpeg\" alt=\"\" width=\"264\" height=\"296\" \/><\/a><\/p>\n<p><a href=\"https:\/\/site.ifes.edu.br\/lab-instrumentacao\/wp-content\/uploads\/sites\/15\/2024\/12\/Tornado-de-Fogo.pdf\">Roteiro do experimento &#8220;Tornado de Fogo&#8221;<\/a><\/p>\n<hr \/>\n<h4><strong>9 &#8211; Canh\u00e3o de V\u00f3rtice<\/strong><\/h4>\n<p><a href=\"https:\/\/site.ifes.edu.br\/lab-instrumentacao\/wp-content\/uploads\/sites\/15\/2024\/12\/WhatsApp-Image-2024-12-28-at-20.00.47.jpeg\"><img loading=\"lazy\" decoding=\"async\" class=\"alignnone wp-image-2086\" src=\"https:\/\/site.ifes.edu.br\/lab-instrumentacao\/wp-content\/uploads\/sites\/15\/2024\/12\/WhatsApp-Image-2024-12-28-at-20.00.47.jpeg\" alt=\"\" width=\"270\" height=\"270\" srcset=\"https:\/\/site.ifes.edu.br\/lab-instrumentacao\/wp-content\/uploads\/sites\/15\/2024\/12\/WhatsApp-Image-2024-12-28-at-20.00.47.jpeg 626w, https:\/\/site.ifes.edu.br\/lab-instrumentacao\/wp-content\/uploads\/sites\/15\/2024\/12\/WhatsApp-Image-2024-12-28-at-20.00.47-300x300.jpeg 300w, https:\/\/site.ifes.edu.br\/lab-instrumentacao\/wp-content\/uploads\/sites\/15\/2024\/12\/WhatsApp-Image-2024-12-28-at-20.00.47-150x150.jpeg 150w, https:\/\/site.ifes.edu.br\/lab-instrumentacao\/wp-content\/uploads\/sites\/15\/2024\/12\/WhatsApp-Image-2024-12-28-at-20.00.47-435x435.jpeg 435w\" sizes=\"(max-width: 270px) 100vw, 270px\" \/><\/a><\/p>\n<p><a href=\"https:\/\/site.ifes.edu.br\/lab-instrumentacao\/wp-content\/uploads\/sites\/15\/2024\/12\/Canhao-de-Vortice.pdf\">Roteiro do experimento &#8220;Canh\u00e3o de V\u00f3rtice&#8221;<\/a><\/p>\n","protected":false},"excerpt":{"rendered":"<p>1 &#8211; Nuvem na Garrafa Utilizando o experimento &#8220;Nuvem na Garrafa&#8221; para o Ensino de Termodin\u00e2mica em uma Sala Tem\u00e1tica &nbsp; 2 &#8211; Submarino na Garrafa Roteiro do experimento &#8220;Submarino na garrafa&#8221; &nbsp; 3 &#8211; Aqu\u00e1rio de Convec\u00e7\u00e3o Experimento do &#8220;Aqu\u00e1rio de Convec\u00e7\u00e3o&#8221; &nbsp; 4 &#8211; Termosc\u00f3pio Colorido Roteiro do &hellip; <\/p>\n","protected":false},"author":12,"featured_media":0,"parent":0,"menu_order":0,"comment_status":"closed","ping_status":"closed","template":"","meta":{"footnotes":""},"class_list":["post-1838","page","type-page","status-publish","hentry"],"_links":{"self":[{"href":"https:\/\/site.ifes.edu.br\/lab-instrumentacao\/wp-json\/wp\/v2\/pages\/1838"}],"collection":[{"href":"https:\/\/site.ifes.edu.br\/lab-instrumentacao\/wp-json\/wp\/v2\/pages"}],"about":[{"href":"https:\/\/site.ifes.edu.br\/lab-instrumentacao\/wp-json\/wp\/v2\/types\/page"}],"author":[{"embeddable":true,"href":"https:\/\/site.ifes.edu.br\/lab-instrumentacao\/wp-json\/wp\/v2\/users\/12"}],"replies":[{"embeddable":true,"href":"https:\/\/site.ifes.edu.br\/lab-instrumentacao\/wp-json\/wp\/v2\/comments?post=1838"}],"version-history":[{"count":28,"href":"https:\/\/site.ifes.edu.br\/lab-instrumentacao\/wp-json\/wp\/v2\/pages\/1838\/revisions"}],"predecessor-version":[{"id":2091,"href":"https:\/\/site.ifes.edu.br\/lab-instrumentacao\/wp-json\/wp\/v2\/pages\/1838\/revisions\/2091"}],"wp:attachment":[{"href":"https:\/\/site.ifes.edu.br\/lab-instrumentacao\/wp-json\/wp\/v2\/media?parent=1838"}],"curies":[{"name":"wp","href":"https:\/\/api.w.org\/{rel}","templated":true}]}}