{"id":1821,"date":"2024-12-03T14:49:08","date_gmt":"2024-12-03T17:49:08","guid":{"rendered":"https:\/\/site.ifes.edu.br\/lab-instrumentacao\/?page_id=1821"},"modified":"2024-12-03T14:49:19","modified_gmt":"2024-12-03T17:49:19","slug":"sequencia-didatica-sobre-blindagem-eletrostatica-maissi-goncalves-e-matheus-dutra","status":"publish","type":"page","link":"https:\/\/site.ifes.edu.br\/lab-instrumentacao\/sequencia-didatica-sobre-blindagem-eletrostatica-maissi-goncalves-e-matheus-dutra\/","title":{"rendered":"Sequ\u00eancia Did\u00e1tica sobre blindagem eletrost\u00e1tica &#8211; Maissi Gon\u00e7alves e Matheus Dutra"},"content":{"rendered":"<p><a href=\"https:\/\/site.ifes.edu.br\/lab-instrumentacao\/wp-content\/uploads\/sites\/15\/2024\/12\/Atividade-02-Sequencia-Didatica.pdf\">Atividade 02 &#8211; Sequ\u00eancia Did\u00e1tica<\/a><\/p>\n","protected":false},"excerpt":{"rendered":"<p>Atividade 02 &#8211; Sequ\u00eancia Did\u00e1tica<\/p>\n","protected":false},"author":12,"featured_media":0,"parent":0,"menu_order":0,"comment_status":"closed","ping_status":"closed","template":"","meta":{"footnotes":""},"class_list":["post-1821","page","type-page","status-publish","hentry"],"_links":{"self":[{"href":"https:\/\/site.ifes.edu.br\/lab-instrumentacao\/wp-json\/wp\/v2\/pages\/1821"}],"collection":[{"href":"https:\/\/site.ifes.edu.br\/lab-instrumentacao\/wp-json\/wp\/v2\/pages"}],"about":[{"href":"https:\/\/site.ifes.edu.br\/lab-instrumentacao\/wp-json\/wp\/v2\/types\/page"}],"author":[{"embeddable":true,"href":"https:\/\/site.ifes.edu.br\/lab-instrumentacao\/wp-json\/wp\/v2\/users\/12"}],"replies":[{"embeddable":true,"href":"https:\/\/site.ifes.edu.br\/lab-instrumentacao\/wp-json\/wp\/v2\/comments?post=1821"}],"version-history":[{"count":1,"href":"https:\/\/site.ifes.edu.br\/lab-instrumentacao\/wp-json\/wp\/v2\/pages\/1821\/revisions"}],"predecessor-version":[{"id":1824,"href":"https:\/\/site.ifes.edu.br\/lab-instrumentacao\/wp-json\/wp\/v2\/pages\/1821\/revisions\/1824"}],"wp:attachment":[{"href":"https:\/\/site.ifes.edu.br\/lab-instrumentacao\/wp-json\/wp\/v2\/media?parent=1821"}],"curies":[{"name":"wp","href":"https:\/\/api.w.org\/{rel}","templated":true}]}}