{"id":182,"date":"2022-06-27T11:36:11","date_gmt":"2022-06-27T14:36:11","guid":{"rendered":"https:\/\/site.ifes.edu.br\/lab-instrumentacao\/?page_id=182"},"modified":"2022-07-24T20:45:35","modified_gmt":"2022-07-24T23:45:35","slug":"fonte-de-heron","status":"publish","type":"page","link":"https:\/\/site.ifes.edu.br\/lab-instrumentacao\/experimentos\/fonte-de-heron\/","title":{"rendered":"Fonte de Heron"},"content":{"rendered":"\n<h2 class=\"wp-block-heading\">Fonte de Heron<\/h2>\n\n\n\n<p class=\"has-text-align-center\">A fonte de Heron foi um instrumento muito utilizado como enfeite demonstrativo, mas atualmente \u00e9 bastante utilizada como instrumento de aux\u00edlio did\u00e1tico. O experimento traz v\u00e1rios conceitos f\u00edsicos que vemos diariamente <\/p>\n\n\n\n<div class=\"wp-block-image\"><figure class=\"aligncenter size-large\"><img fetchpriority=\"high\" decoding=\"async\" width=\"195\" height=\"257\" src=\"https:\/\/site.ifes.edu.br\/lab-instrumentacao\/wp-content\/uploads\/sites\/15\/2022\/07\/111-1.png\" alt=\"\" class=\"wp-image-221\" srcset=\"https:\/\/site.ifes.edu.br\/lab-instrumentacao\/wp-content\/uploads\/sites\/15\/2022\/07\/111-1.png 195w, https:\/\/site.ifes.edu.br\/lab-instrumentacao\/wp-content\/uploads\/sites\/15\/2022\/07\/111-1-46x60.png 46w\" sizes=\"(max-width: 195px) 100vw, 195px\" \/><\/figure><\/div>\n\n\n\n<div class=\"wp-block-group\"><div class=\"wp-block-group__inner-container is-layout-flow wp-block-group-is-layout-flow\">\n<div class=\"wp-block-file aligncenter\"><a href=\"https:\/\/site.ifes.edu.br\/lab-instrumentacao\/wp-content\/uploads\/sites\/15\/2022\/07\/Fonte-de-Heron.pdf\">Fonte de Heron<\/a><a href=\"https:\/\/site.ifes.edu.br\/lab-instrumentacao\/wp-content\/uploads\/sites\/15\/2022\/07\/Fonte-de-Heron.pdf\" class=\"wp-block-file__button\" download>Baixar<\/a><\/div>\n<\/div><\/div>\n\n\n\n<p><\/p>\n","protected":false},"excerpt":{"rendered":"<p>Fonte de Heron A fonte de Heron foi um instrumento muito utilizado como enfeite demonstrativo, mas atualmente \u00e9 bastante utilizada como instrumento de aux\u00edlio did\u00e1tico. O experimento traz v\u00e1rios conceitos f\u00edsicos que vemos diariamente<\/p>\n","protected":false},"author":12,"featured_media":0,"parent":132,"menu_order":0,"comment_status":"closed","ping_status":"closed","template":"","meta":{"footnotes":""},"class_list":["post-182","page","type-page","status-publish","hentry"],"_links":{"self":[{"href":"https:\/\/site.ifes.edu.br\/lab-instrumentacao\/wp-json\/wp\/v2\/pages\/182"}],"collection":[{"href":"https:\/\/site.ifes.edu.br\/lab-instrumentacao\/wp-json\/wp\/v2\/pages"}],"about":[{"href":"https:\/\/site.ifes.edu.br\/lab-instrumentacao\/wp-json\/wp\/v2\/types\/page"}],"author":[{"embeddable":true,"href":"https:\/\/site.ifes.edu.br\/lab-instrumentacao\/wp-json\/wp\/v2\/users\/12"}],"replies":[{"embeddable":true,"href":"https:\/\/site.ifes.edu.br\/lab-instrumentacao\/wp-json\/wp\/v2\/comments?post=182"}],"version-history":[{"count":5,"href":"https:\/\/site.ifes.edu.br\/lab-instrumentacao\/wp-json\/wp\/v2\/pages\/182\/revisions"}],"predecessor-version":[{"id":298,"href":"https:\/\/site.ifes.edu.br\/lab-instrumentacao\/wp-json\/wp\/v2\/pages\/182\/revisions\/298"}],"up":[{"embeddable":true,"href":"https:\/\/site.ifes.edu.br\/lab-instrumentacao\/wp-json\/wp\/v2\/pages\/132"}],"wp:attachment":[{"href":"https:\/\/site.ifes.edu.br\/lab-instrumentacao\/wp-json\/wp\/v2\/media?parent=182"}],"curies":[{"name":"wp","href":"https:\/\/api.w.org\/{rel}","templated":true}]}}