{"id":1803,"date":"2024-12-02T20:03:28","date_gmt":"2024-12-02T23:03:28","guid":{"rendered":"https:\/\/site.ifes.edu.br\/lab-instrumentacao\/?page_id=1803"},"modified":"2024-12-02T20:03:28","modified_gmt":"2024-12-02T23:03:28","slug":"uso-de-videos-no-ensino-de-forca-magnetica","status":"publish","type":"page","link":"https:\/\/site.ifes.edu.br\/lab-instrumentacao\/uso-de-videos-no-ensino-de-forca-magnetica\/","title":{"rendered":"Uso de v\u00eddeos no ensino de for\u00e7a magn\u00e9tica"},"content":{"rendered":"<p>&nbsp;<\/p>\n<p><a href=\"https:\/\/site.ifes.edu.br\/lab-instrumentacao\/wp-content\/uploads\/sites\/15\/2024\/12\/250px-Linhas_de_campo_de_um_iman_retangular.png\"><img decoding=\"async\" class=\"alignnone size-full wp-image-1805\" src=\"https:\/\/site.ifes.edu.br\/lab-instrumentacao\/wp-content\/uploads\/sites\/15\/2024\/12\/250px-Linhas_de_campo_de_um_iman_retangular.png\" alt=\"\" width=\"250\" height=\"162\" \/><\/a><\/p>\n<p><a href=\"https:\/\/site.ifes.edu.br\/lab-instrumentacao\/wp-content\/uploads\/sites\/15\/2024\/12\/Sequencia-didatica-uso-de-videos.docx.pdf\">Sequ\u00eancia did\u00e1tica &#8211; uso de v\u00eddeos.docx<\/a><\/p>\n","protected":false},"excerpt":{"rendered":"<p>&nbsp; Sequ\u00eancia did\u00e1tica &#8211; uso de v\u00eddeos.docx<\/p>\n","protected":false},"author":12,"featured_media":0,"parent":0,"menu_order":0,"comment_status":"closed","ping_status":"closed","template":"","meta":{"footnotes":""},"class_list":["post-1803","page","type-page","status-publish","hentry"],"_links":{"self":[{"href":"https:\/\/site.ifes.edu.br\/lab-instrumentacao\/wp-json\/wp\/v2\/pages\/1803"}],"collection":[{"href":"https:\/\/site.ifes.edu.br\/lab-instrumentacao\/wp-json\/wp\/v2\/pages"}],"about":[{"href":"https:\/\/site.ifes.edu.br\/lab-instrumentacao\/wp-json\/wp\/v2\/types\/page"}],"author":[{"embeddable":true,"href":"https:\/\/site.ifes.edu.br\/lab-instrumentacao\/wp-json\/wp\/v2\/users\/12"}],"replies":[{"embeddable":true,"href":"https:\/\/site.ifes.edu.br\/lab-instrumentacao\/wp-json\/wp\/v2\/comments?post=1803"}],"version-history":[{"count":1,"href":"https:\/\/site.ifes.edu.br\/lab-instrumentacao\/wp-json\/wp\/v2\/pages\/1803\/revisions"}],"predecessor-version":[{"id":1806,"href":"https:\/\/site.ifes.edu.br\/lab-instrumentacao\/wp-json\/wp\/v2\/pages\/1803\/revisions\/1806"}],"wp:attachment":[{"href":"https:\/\/site.ifes.edu.br\/lab-instrumentacao\/wp-json\/wp\/v2\/media?parent=1803"}],"curies":[{"name":"wp","href":"https:\/\/api.w.org\/{rel}","templated":true}]}}