{"id":1764,"date":"2024-12-02T19:44:02","date_gmt":"2024-12-02T22:44:02","guid":{"rendered":"https:\/\/site.ifes.edu.br\/lab-instrumentacao\/?page_id=1764"},"modified":"2024-12-02T19:44:02","modified_gmt":"2024-12-02T22:44:02","slug":"ensino-de-eletrostatica-com-a-metodologia-peer-instruction","status":"publish","type":"page","link":"https:\/\/site.ifes.edu.br\/lab-instrumentacao\/ensino-de-eletrostatica-com-a-metodologia-peer-instruction\/","title":{"rendered":"Ensino de Eletrost\u00e1tica com a Metodologia Peer Instruction"},"content":{"rendered":"<p><a href=\"https:\/\/site.ifes.edu.br\/lab-instrumentacao\/wp-content\/uploads\/sites\/15\/2024\/12\/Proposta-Peer-Instruction-Eletrostatica.pdf\">Proposta Peer Instruction &#8211; Eletrost\u00e1tica<\/a><\/p>\n<p>Link da apresenta\u00e7\u00e3o: <a href=\"https:\/\/docs.google.com\/presentation\/d\/1K8Nq9zPeqwAqnWkIxDFANrflxHWj6QL6POzPfRlEuSc\/edit?usp=sharing\">https:\/\/docs.google.com\/presentation\/d\/1K8Nq9zPeqwAqnWkIxDFANrflxHWj6QL6POzPfRlEuSc\/edit?usp=sharing<\/a><\/p>\n<p>Link QR Codes: <a href=\"https:\/\/help.plickers.com\/hc\/en-us\/articles\/360008948034-Get-Plickers-Cards\">https:\/\/help.plickers.com\/hc\/en-us\/articles\/360008948034-Get-Plickers-Cards<\/a><\/p>\n","protected":false},"excerpt":{"rendered":"<p>Proposta Peer Instruction &#8211; Eletrost\u00e1tica Link da apresenta\u00e7\u00e3o: https:\/\/docs.google.com\/presentation\/d\/1K8Nq9zPeqwAqnWkIxDFANrflxHWj6QL6POzPfRlEuSc\/edit?usp=sharing Link QR Codes: https:\/\/help.plickers.com\/hc\/en-us\/articles\/360008948034-Get-Plickers-Cards<\/p>\n","protected":false},"author":12,"featured_media":0,"parent":0,"menu_order":0,"comment_status":"closed","ping_status":"closed","template":"","meta":{"footnotes":""},"class_list":["post-1764","page","type-page","status-publish","hentry"],"_links":{"self":[{"href":"https:\/\/site.ifes.edu.br\/lab-instrumentacao\/wp-json\/wp\/v2\/pages\/1764"}],"collection":[{"href":"https:\/\/site.ifes.edu.br\/lab-instrumentacao\/wp-json\/wp\/v2\/pages"}],"about":[{"href":"https:\/\/site.ifes.edu.br\/lab-instrumentacao\/wp-json\/wp\/v2\/types\/page"}],"author":[{"embeddable":true,"href":"https:\/\/site.ifes.edu.br\/lab-instrumentacao\/wp-json\/wp\/v2\/users\/12"}],"replies":[{"embeddable":true,"href":"https:\/\/site.ifes.edu.br\/lab-instrumentacao\/wp-json\/wp\/v2\/comments?post=1764"}],"version-history":[{"count":1,"href":"https:\/\/site.ifes.edu.br\/lab-instrumentacao\/wp-json\/wp\/v2\/pages\/1764\/revisions"}],"predecessor-version":[{"id":1780,"href":"https:\/\/site.ifes.edu.br\/lab-instrumentacao\/wp-json\/wp\/v2\/pages\/1764\/revisions\/1780"}],"wp:attachment":[{"href":"https:\/\/site.ifes.edu.br\/lab-instrumentacao\/wp-json\/wp\/v2\/media?parent=1764"}],"curies":[{"name":"wp","href":"https:\/\/api.w.org\/{rel}","templated":true}]}}