{"id":176,"date":"2022-06-27T11:30:28","date_gmt":"2022-06-27T14:30:28","guid":{"rendered":"https:\/\/site.ifes.edu.br\/lab-instrumentacao\/?page_id=176"},"modified":"2022-07-24T19:08:31","modified_gmt":"2022-07-24T22:08:31","slug":"associacao-de-resistores-2","status":"publish","type":"page","link":"https:\/\/site.ifes.edu.br\/lab-instrumentacao\/experimentos\/associacao-de-resistores-2\/","title":{"rendered":"Associa\u00e7\u00e3o de Resistores"},"content":{"rendered":"\n<h2 class=\"wp-block-heading\">Associa\u00e7\u00e3o de Resistores<\/h2>\n\n\n\n<p>O experimento da Associa\u00e7\u00e3o de Resistores \u00e9 um experimento feito para observar e visualizar como o tipo de associa\u00e7\u00e3o de resistores afeta um circuito el\u00e9trico.<\/p>\n\n\n\n<div class=\"wp-block-image\"><figure class=\"aligncenter size-large\"><img fetchpriority=\"high\" decoding=\"async\" width=\"389\" height=\"337\" src=\"https:\/\/site.ifes.edu.br\/lab-instrumentacao\/wp-content\/uploads\/sites\/15\/2022\/06\/associa\u00e7\u00e3o-de-resistores-1.png\" alt=\"\" class=\"wp-image-177\" srcset=\"https:\/\/site.ifes.edu.br\/lab-instrumentacao\/wp-content\/uploads\/sites\/15\/2022\/06\/associa\u00e7\u00e3o-de-resistores-1.png 389w, https:\/\/site.ifes.edu.br\/lab-instrumentacao\/wp-content\/uploads\/sites\/15\/2022\/06\/associa\u00e7\u00e3o-de-resistores-1-300x260.png 300w, https:\/\/site.ifes.edu.br\/lab-instrumentacao\/wp-content\/uploads\/sites\/15\/2022\/06\/associa\u00e7\u00e3o-de-resistores-1-69x60.png 69w\" sizes=\"(max-width: 389px) 100vw, 389px\" \/><\/figure><\/div>\n\n\n\n<div class=\"wp-block-file aligncenter\"><a href=\"https:\/\/site.ifes.edu.br\/lab-instrumentacao\/wp-content\/uploads\/sites\/15\/2022\/07\/Roteiro-da-Associa\u00e7\u00e3o-de-Resistores-1.pdf\"><strong>Roteiro da Associa\u00e7\u00e3o de Resistores<\/strong><\/a><a href=\"https:\/\/site.ifes.edu.br\/lab-instrumentacao\/wp-content\/uploads\/sites\/15\/2022\/07\/Roteiro-da-Associa\u00e7\u00e3o-de-Resistores-1.pdf\" class=\"wp-block-file__button\" download>Baixar<\/a><\/div>\n\n\n\n<p><\/p>\n","protected":false},"excerpt":{"rendered":"<p>Associa\u00e7\u00e3o de Resistores O experimento da Associa\u00e7\u00e3o de Resistores \u00e9 um experimento feito para observar e visualizar como o tipo de associa\u00e7\u00e3o de resistores afeta um circuito el\u00e9trico.<\/p>\n","protected":false},"author":12,"featured_media":0,"parent":132,"menu_order":0,"comment_status":"closed","ping_status":"closed","template":"","meta":{"footnotes":""},"class_list":["post-176","page","type-page","status-publish","hentry"],"_links":{"self":[{"href":"https:\/\/site.ifes.edu.br\/lab-instrumentacao\/wp-json\/wp\/v2\/pages\/176"}],"collection":[{"href":"https:\/\/site.ifes.edu.br\/lab-instrumentacao\/wp-json\/wp\/v2\/pages"}],"about":[{"href":"https:\/\/site.ifes.edu.br\/lab-instrumentacao\/wp-json\/wp\/v2\/types\/page"}],"author":[{"embeddable":true,"href":"https:\/\/site.ifes.edu.br\/lab-instrumentacao\/wp-json\/wp\/v2\/users\/12"}],"replies":[{"embeddable":true,"href":"https:\/\/site.ifes.edu.br\/lab-instrumentacao\/wp-json\/wp\/v2\/comments?post=176"}],"version-history":[{"count":4,"href":"https:\/\/site.ifes.edu.br\/lab-instrumentacao\/wp-json\/wp\/v2\/pages\/176\/revisions"}],"predecessor-version":[{"id":294,"href":"https:\/\/site.ifes.edu.br\/lab-instrumentacao\/wp-json\/wp\/v2\/pages\/176\/revisions\/294"}],"up":[{"embeddable":true,"href":"https:\/\/site.ifes.edu.br\/lab-instrumentacao\/wp-json\/wp\/v2\/pages\/132"}],"wp:attachment":[{"href":"https:\/\/site.ifes.edu.br\/lab-instrumentacao\/wp-json\/wp\/v2\/media?parent=176"}],"curies":[{"name":"wp","href":"https:\/\/api.w.org\/{rel}","templated":true}]}}