{"id":1738,"date":"2024-11-05T15:17:05","date_gmt":"2024-11-05T18:17:05","guid":{"rendered":"https:\/\/site.ifes.edu.br\/lab-instrumentacao\/?page_id=1738"},"modified":"2024-11-05T15:17:05","modified_gmt":"2024-11-05T18:17:05","slug":"questao-aberta-como-avioes-se-sustentam","status":"publish","type":"page","link":"https:\/\/site.ifes.edu.br\/lab-instrumentacao\/questao-aberta-como-avioes-se-sustentam\/","title":{"rendered":"Quest\u00e3o aberta: Como avi\u00f5es se sustentam?"},"content":{"rendered":"<p><a href=\"https:\/\/site.ifes.edu.br\/lab-instrumentacao\/wp-content\/uploads\/sites\/15\/2024\/11\/voo-de-aviao_24908-64913.avif\"><img fetchpriority=\"high\" decoding=\"async\" class=\"wp-image-1739 aligncenter\" src=\"https:\/\/site.ifes.edu.br\/lab-instrumentacao\/wp-content\/uploads\/sites\/15\/2024\/11\/voo-de-aviao_24908-64913.avif\" alt=\"\" width=\"492\" height=\"295\" \/><\/a><\/p>\n<p>A sustenta\u00e7\u00e3o de um avi\u00e3o no ar durante um voo \u00e9 pouco conhecida pela maior parte das pessoas e trata-se de um resultado de diversos fen\u00f4menos f\u00edsicos complexos que podem ser explicados dentro de estudos das \u00e1reas de aerodin\u00e2mica e mec\u00e2nica de fluidos. Com uma explica\u00e7\u00e3o mais simplificada \u00e9 poss\u00edvel tratar, atrav\u00e9s da hidrodin\u00e2mica, esses fen\u00f4menos trazendo para a sala de aula informa\u00e7\u00f5es importantes de um objeto t\u00e3o interessante e presente no cotidiano.<\/p>\n<p><a href=\"https:\/\/site.ifes.edu.br\/lab-instrumentacao\/wp-content\/uploads\/sites\/15\/2024\/11\/QUESTAO-ABERTA_-COMO-AVIOES-SE-SUSTENTAM-NO-AR_-1.pdf\">QUESTAO-ABERTA-PDF (1)<\/a><\/p>\n","protected":false},"excerpt":{"rendered":"<p>A sustenta\u00e7\u00e3o de um avi\u00e3o no ar durante um voo \u00e9 pouco conhecida pela maior parte das pessoas e trata-se de um resultado de diversos fen\u00f4menos f\u00edsicos complexos que podem ser explicados dentro de estudos das \u00e1reas de aerodin\u00e2mica e mec\u00e2nica de fluidos. Com uma explica\u00e7\u00e3o mais simplificada \u00e9 poss\u00edvel &hellip; <\/p>\n","protected":false},"author":12,"featured_media":0,"parent":0,"menu_order":0,"comment_status":"closed","ping_status":"closed","template":"","meta":{"footnotes":""},"class_list":["post-1738","page","type-page","status-publish","hentry"],"_links":{"self":[{"href":"https:\/\/site.ifes.edu.br\/lab-instrumentacao\/wp-json\/wp\/v2\/pages\/1738"}],"collection":[{"href":"https:\/\/site.ifes.edu.br\/lab-instrumentacao\/wp-json\/wp\/v2\/pages"}],"about":[{"href":"https:\/\/site.ifes.edu.br\/lab-instrumentacao\/wp-json\/wp\/v2\/types\/page"}],"author":[{"embeddable":true,"href":"https:\/\/site.ifes.edu.br\/lab-instrumentacao\/wp-json\/wp\/v2\/users\/12"}],"replies":[{"embeddable":true,"href":"https:\/\/site.ifes.edu.br\/lab-instrumentacao\/wp-json\/wp\/v2\/comments?post=1738"}],"version-history":[{"count":3,"href":"https:\/\/site.ifes.edu.br\/lab-instrumentacao\/wp-json\/wp\/v2\/pages\/1738\/revisions"}],"predecessor-version":[{"id":1743,"href":"https:\/\/site.ifes.edu.br\/lab-instrumentacao\/wp-json\/wp\/v2\/pages\/1738\/revisions\/1743"}],"wp:attachment":[{"href":"https:\/\/site.ifes.edu.br\/lab-instrumentacao\/wp-json\/wp\/v2\/media?parent=1738"}],"curies":[{"name":"wp","href":"https:\/\/api.w.org\/{rel}","templated":true}]}}