{"id":1673,"date":"2024-10-14T20:34:42","date_gmt":"2024-10-14T23:34:42","guid":{"rendered":"https:\/\/site.ifes.edu.br\/lab-instrumentacao\/?page_id=1673"},"modified":"2024-12-16T11:28:08","modified_gmt":"2024-12-16T14:28:08","slug":"questao-aberta-sequencia-investigativa-utilizando-o-elevador-de-mao-na-praca-da-ciencia-matheus-braga","status":"publish","type":"page","link":"https:\/\/site.ifes.edu.br\/lab-instrumentacao\/questao-aberta-sequencia-investigativa-utilizando-o-elevador-de-mao-na-praca-da-ciencia-matheus-braga\/","title":{"rendered":"Quest\u00e3o Aberta &#8211; Sequ\u00eancia Investigativa utilizando o elevador de m\u00e3o na Pra\u00e7a da Ci\u00eancia"},"content":{"rendered":"<p><a href=\"https:\/\/site.ifes.edu.br\/lab-instrumentacao\/wp-content\/uploads\/sites\/15\/2024\/10\/images.jpg\"><img fetchpriority=\"high\" decoding=\"async\" class=\"wp-image-1683 alignleft\" src=\"https:\/\/site.ifes.edu.br\/lab-instrumentacao\/wp-content\/uploads\/sites\/15\/2024\/10\/images.jpg\" alt=\"\" width=\"252\" height=\"380\" \/><\/a><\/p>\n<p>&nbsp;<\/p>\n<p>&nbsp;<\/p>\n<p>&nbsp;<\/p>\n<p>&nbsp;<\/p>\n<p>&nbsp;<\/p>\n<p>&nbsp;<\/p>\n<p>&nbsp;<\/p>\n<p>&nbsp;<\/p>\n<p>&nbsp;<\/p>\n<p>&nbsp;<\/p>\n<p><a href=\"https:\/\/site.ifes.edu.br\/lab-instrumentacao\/wp-content\/uploads\/sites\/15\/2024\/10\/Questao-aberta-Praticas-de-Ensino-de-fisica.pdf\">Quest\u00e3o aberta &#8211; Pr\u00e1ticas de Ensino de f\u00edsica<\/a><\/p>\n","protected":false},"excerpt":{"rendered":"<p>&nbsp; &nbsp; &nbsp; &nbsp; &nbsp; &nbsp; &nbsp; &nbsp; &nbsp; &nbsp; Quest\u00e3o aberta &#8211; Pr\u00e1ticas de Ensino de f\u00edsica<\/p>\n","protected":false},"author":12,"featured_media":0,"parent":0,"menu_order":0,"comment_status":"closed","ping_status":"closed","template":"","meta":{"footnotes":""},"class_list":["post-1673","page","type-page","status-publish","hentry"],"_links":{"self":[{"href":"https:\/\/site.ifes.edu.br\/lab-instrumentacao\/wp-json\/wp\/v2\/pages\/1673"}],"collection":[{"href":"https:\/\/site.ifes.edu.br\/lab-instrumentacao\/wp-json\/wp\/v2\/pages"}],"about":[{"href":"https:\/\/site.ifes.edu.br\/lab-instrumentacao\/wp-json\/wp\/v2\/types\/page"}],"author":[{"embeddable":true,"href":"https:\/\/site.ifes.edu.br\/lab-instrumentacao\/wp-json\/wp\/v2\/users\/12"}],"replies":[{"embeddable":true,"href":"https:\/\/site.ifes.edu.br\/lab-instrumentacao\/wp-json\/wp\/v2\/comments?post=1673"}],"version-history":[{"count":4,"href":"https:\/\/site.ifes.edu.br\/lab-instrumentacao\/wp-json\/wp\/v2\/pages\/1673\/revisions"}],"predecessor-version":[{"id":1921,"href":"https:\/\/site.ifes.edu.br\/lab-instrumentacao\/wp-json\/wp\/v2\/pages\/1673\/revisions\/1921"}],"wp:attachment":[{"href":"https:\/\/site.ifes.edu.br\/lab-instrumentacao\/wp-json\/wp\/v2\/media?parent=1673"}],"curies":[{"name":"wp","href":"https:\/\/api.w.org\/{rel}","templated":true}]}}