{"id":1648,"date":"2024-10-14T19:43:42","date_gmt":"2024-10-14T22:43:42","guid":{"rendered":"https:\/\/site.ifes.edu.br\/lab-instrumentacao\/?page_id=1648"},"modified":"2024-12-03T14:46:55","modified_gmt":"2024-12-03T17:46:55","slug":"questoes-investigativas-2","status":"publish","type":"page","link":"https:\/\/site.ifes.edu.br\/lab-instrumentacao\/questoes-investigativas-2\/","title":{"rendered":"MATERIAL DID\u00c1TICO &#8211; QUEST\u00d5ES INVESTIGATIVAS"},"content":{"rendered":"<p>Espa\u00e7o reservado para que os alunos postem seus materiais did\u00e1ticos sobre quest\u00f5es investigativas.<\/p>\n<p><span style=\"color: #003366\"><a style=\"color: #003366\" href=\"https:\/\/site.ifes.edu.br\/lab-instrumentacao\/?page_id=1675&amp;preview=true\">Quest\u00e3o aberta &#8211; As Leis de Newton e o Tr\u00e2nsito<\/a><\/span><\/p>\n<p><span style=\"color: #003366\"><a style=\"color: #003366\" href=\"https:\/\/site.ifes.edu.br\/lab-instrumentacao\/uso-do-plano-inclinado-no-cotidiano\/\">Uso do plano inclinado no cotidiano<\/a><\/span><\/p>\n<p><span style=\"color: #003366\"><a style=\"color: #003366\" href=\"https:\/\/site.ifes.edu.br\/lab-instrumentacao\/?page_id=1672&amp;preview=true\">Quest\u00e3o aberta &#8211; Lan\u00e7amento obl\u00edquo<\/a><\/span><\/p>\n<p><span style=\"color: #003366\"><a style=\"color: #003366\" href=\"https:\/\/site.ifes.edu.br\/lab-instrumentacao\/questao-aberta-sequencia-investigativa-utilizando-o-elevador-de-mao-na-praca-da-ciencia-matheus-braga\/\">Utilizando um elevador de m\u00e3o em um museu a c\u00e9u aberto para uma proposta investigativa<\/a><\/span><\/p>\n<p><span style=\"color: #003366\"><a style=\"color: #003366\" href=\"https:\/\/site.ifes.edu.br\/lab-instrumentacao\/questao-aberta-como-avioes-se-sustentam\/\">Quest\u00e3o aberta &#8211; Sustenta\u00e7\u00e3o de avi\u00f5es<\/a><\/span><\/p>\n<p><a href=\"https:\/\/site.ifes.edu.br\/lab-instrumentacao\/?page_id=1751&amp;preview=true\">Carros el\u00e9tricos<\/a><\/p>\n<p><a href=\"https:\/\/site.ifes.edu.br\/lab-instrumentacao\/wp-content\/uploads\/sites\/15\/2024\/12\/Questao-contextualizada-praticas-4.pdf\">Efeito de mar\u00e9<\/a><\/p>\n<p><a href=\"https:\/\/site.ifes.edu.br\/lab-instrumentacao\/questao-aberta-hidrodinamica\/\">Hidrodin\u00e2mica<\/a><\/p>\n<p>&nbsp;<\/p>\n","protected":false},"excerpt":{"rendered":"<p>Espa\u00e7o reservado para que os alunos postem seus materiais did\u00e1ticos sobre quest\u00f5es investigativas. Quest\u00e3o aberta &#8211; As Leis de Newton e o Tr\u00e2nsito Uso do plano inclinado no cotidiano Quest\u00e3o aberta &#8211; Lan\u00e7amento obl\u00edquo Utilizando um elevador de m\u00e3o em um museu a c\u00e9u aberto para uma proposta investigativa Quest\u00e3o &hellip; <\/p>\n","protected":false},"author":12,"featured_media":0,"parent":0,"menu_order":0,"comment_status":"closed","ping_status":"closed","template":"","meta":{"footnotes":""},"class_list":["post-1648","page","type-page","status-publish","hentry"],"_links":{"self":[{"href":"https:\/\/site.ifes.edu.br\/lab-instrumentacao\/wp-json\/wp\/v2\/pages\/1648"}],"collection":[{"href":"https:\/\/site.ifes.edu.br\/lab-instrumentacao\/wp-json\/wp\/v2\/pages"}],"about":[{"href":"https:\/\/site.ifes.edu.br\/lab-instrumentacao\/wp-json\/wp\/v2\/types\/page"}],"author":[{"embeddable":true,"href":"https:\/\/site.ifes.edu.br\/lab-instrumentacao\/wp-json\/wp\/v2\/users\/12"}],"replies":[{"embeddable":true,"href":"https:\/\/site.ifes.edu.br\/lab-instrumentacao\/wp-json\/wp\/v2\/comments?post=1648"}],"version-history":[{"count":41,"href":"https:\/\/site.ifes.edu.br\/lab-instrumentacao\/wp-json\/wp\/v2\/pages\/1648\/revisions"}],"predecessor-version":[{"id":1822,"href":"https:\/\/site.ifes.edu.br\/lab-instrumentacao\/wp-json\/wp\/v2\/pages\/1648\/revisions\/1822"}],"wp:attachment":[{"href":"https:\/\/site.ifes.edu.br\/lab-instrumentacao\/wp-json\/wp\/v2\/media?parent=1648"}],"curies":[{"name":"wp","href":"https:\/\/api.w.org\/{rel}","templated":true}]}}