{"id":1590,"date":"2024-07-11T15:34:06","date_gmt":"2024-07-11T18:34:06","guid":{"rendered":"https:\/\/site.ifes.edu.br\/lab-instrumentacao\/?page_id=1590"},"modified":"2024-07-11T15:34:06","modified_gmt":"2024-07-11T18:34:06","slug":"efeito-fotoeletrico-2","status":"publish","type":"page","link":"https:\/\/site.ifes.edu.br\/lab-instrumentacao\/efeito-fotoeletrico-2\/","title":{"rendered":"Efeito Fotoel\u00e9trico"},"content":{"rendered":"<p><strong>Descri\u00e7\u00e3o:<\/strong> Este experimento demonstra a automa\u00e7\u00e3o de ilumina\u00e7\u00e3o usando o efeito fotoel\u00e9trico, acendendo uma l\u00e2mpada incandescente quando a luz ambiente diminui.<\/p>\n<p><strong>Roteiro de constru\u00e7\u00e3o<\/strong>: <a href=\"https:\/\/site.ifes.edu.br\/lab-instrumentacao\/wp-content\/uploads\/sites\/15\/2024\/07\/fotoeletrico_rc.pdf\">fotoeletrico_rc<\/a><\/p>\n<p><strong>Plano de aula baseado no experimento<\/strong>: <a href=\"https:\/\/site.ifes.edu.br\/lab-instrumentacao\/wp-content\/uploads\/sites\/15\/2024\/07\/fotoeletrico_ra.pdf\">fotoeletrico_ra<\/a><\/p>\n","protected":false},"excerpt":{"rendered":"<p>Descri\u00e7\u00e3o: Este experimento demonstra a automa\u00e7\u00e3o de ilumina\u00e7\u00e3o usando o efeito fotoel\u00e9trico, acendendo uma l\u00e2mpada incandescente quando a luz ambiente diminui. Roteiro de constru\u00e7\u00e3o: fotoeletrico_rc Plano de aula baseado no experimento: fotoeletrico_ra<\/p>\n","protected":false},"author":12,"featured_media":0,"parent":0,"menu_order":0,"comment_status":"closed","ping_status":"closed","template":"","meta":{"footnotes":""},"class_list":["post-1590","page","type-page","status-publish","hentry"],"_links":{"self":[{"href":"https:\/\/site.ifes.edu.br\/lab-instrumentacao\/wp-json\/wp\/v2\/pages\/1590"}],"collection":[{"href":"https:\/\/site.ifes.edu.br\/lab-instrumentacao\/wp-json\/wp\/v2\/pages"}],"about":[{"href":"https:\/\/site.ifes.edu.br\/lab-instrumentacao\/wp-json\/wp\/v2\/types\/page"}],"author":[{"embeddable":true,"href":"https:\/\/site.ifes.edu.br\/lab-instrumentacao\/wp-json\/wp\/v2\/users\/12"}],"replies":[{"embeddable":true,"href":"https:\/\/site.ifes.edu.br\/lab-instrumentacao\/wp-json\/wp\/v2\/comments?post=1590"}],"version-history":[{"count":1,"href":"https:\/\/site.ifes.edu.br\/lab-instrumentacao\/wp-json\/wp\/v2\/pages\/1590\/revisions"}],"predecessor-version":[{"id":1593,"href":"https:\/\/site.ifes.edu.br\/lab-instrumentacao\/wp-json\/wp\/v2\/pages\/1590\/revisions\/1593"}],"wp:attachment":[{"href":"https:\/\/site.ifes.edu.br\/lab-instrumentacao\/wp-json\/wp\/v2\/media?parent=1590"}],"curies":[{"name":"wp","href":"https:\/\/api.w.org\/{rel}","templated":true}]}}