{"id":1583,"date":"2024-07-11T02:28:59","date_gmt":"2024-07-11T05:28:59","guid":{"rendered":"https:\/\/site.ifes.edu.br\/lab-instrumentacao\/?page_id=1583"},"modified":"2024-07-12T18:39:05","modified_gmt":"2024-07-12T21:39:05","slug":"motor-de-stirling","status":"publish","type":"page","link":"https:\/\/site.ifes.edu.br\/lab-instrumentacao\/experimentos\/motor-de-stirling\/","title":{"rendered":"Motor de Stirling"},"content":{"rendered":"<p><span style=\"font-weight: 400\">O motor de Stirling foi criado com o intuito de substituir o motor a vapor. Este roteiro visa apontar quais fen\u00f4menos e processos acontecem dentro de um motor de Stirling de baixo custo e algumas das possibilidades de aplica\u00e7\u00e3o dele dentro do ensino de F\u00edsica.<\/span><\/p>\n<p>&#8211; Maria Alice Ribeiro e Bernardo Machado<\/p>\n<p><a href=\"https:\/\/site.ifes.edu.br\/lab-instrumentacao\/wp-content\/uploads\/sites\/15\/2024\/07\/Roteiro-de-experimento-Motor-Stirling.pdf\">Roteiro de experimento- Motor Stirling<\/a><\/p>\n","protected":false},"excerpt":{"rendered":"<p>O motor de Stirling foi criado com o intuito de substituir o motor a vapor. Este roteiro visa apontar quais fen\u00f4menos e processos acontecem dentro de um motor de Stirling de baixo custo e algumas das possibilidades de aplica\u00e7\u00e3o dele dentro do ensino de F\u00edsica. &#8211; Maria Alice Ribeiro e &hellip; <\/p>\n","protected":false},"author":12,"featured_media":1585,"parent":132,"menu_order":0,"comment_status":"closed","ping_status":"closed","template":"","meta":{"footnotes":""},"class_list":["post-1583","page","type-page","status-publish","has-post-thumbnail","hentry"],"_links":{"self":[{"href":"https:\/\/site.ifes.edu.br\/lab-instrumentacao\/wp-json\/wp\/v2\/pages\/1583"}],"collection":[{"href":"https:\/\/site.ifes.edu.br\/lab-instrumentacao\/wp-json\/wp\/v2\/pages"}],"about":[{"href":"https:\/\/site.ifes.edu.br\/lab-instrumentacao\/wp-json\/wp\/v2\/types\/page"}],"author":[{"embeddable":true,"href":"https:\/\/site.ifes.edu.br\/lab-instrumentacao\/wp-json\/wp\/v2\/users\/12"}],"replies":[{"embeddable":true,"href":"https:\/\/site.ifes.edu.br\/lab-instrumentacao\/wp-json\/wp\/v2\/comments?post=1583"}],"version-history":[{"count":3,"href":"https:\/\/site.ifes.edu.br\/lab-instrumentacao\/wp-json\/wp\/v2\/pages\/1583\/revisions"}],"predecessor-version":[{"id":1588,"href":"https:\/\/site.ifes.edu.br\/lab-instrumentacao\/wp-json\/wp\/v2\/pages\/1583\/revisions\/1588"}],"up":[{"embeddable":true,"href":"https:\/\/site.ifes.edu.br\/lab-instrumentacao\/wp-json\/wp\/v2\/pages\/132"}],"wp:featuredmedia":[{"embeddable":true,"href":"https:\/\/site.ifes.edu.br\/lab-instrumentacao\/wp-json\/wp\/v2\/media\/1585"}],"wp:attachment":[{"href":"https:\/\/site.ifes.edu.br\/lab-instrumentacao\/wp-json\/wp\/v2\/media?parent=1583"}],"curies":[{"name":"wp","href":"https:\/\/api.w.org\/{rel}","templated":true}]}}