{"id":1576,"date":"2024-07-11T02:12:28","date_gmt":"2024-07-11T05:12:28","guid":{"rendered":"https:\/\/site.ifes.edu.br\/lab-instrumentacao\/?page_id=1576"},"modified":"2024-07-12T19:04:08","modified_gmt":"2024-07-12T22:04:08","slug":"sequencia-didatica-baseada-em-videos-disco-8-trabalho-energia-e-potencia-maria-alice-ribeiro-dias-e-bernardo-machado","status":"publish","type":"page","link":"https:\/\/site.ifes.edu.br\/lab-instrumentacao\/produto-didatico-baseado-em-videos\/sequencia-didatica-baseada-em-videos-disco-8-trabalho-energia-e-potencia-maria-alice-ribeiro-dias-e-bernardo-machado\/","title":{"rendered":"Sequ\u00eancia did\u00e1tica baseada em v\u00eddeos &#8211; Disco 8: Trabalho, energia e pot\u00eancia &#8211; Maria Alice Ribeiro Dias e Bernardo Machado"},"content":{"rendered":"<p><span style=\"font-weight: 400\">Roteiro descritivo para apresenta\u00e7\u00e3o do tema &#8220;Trabalho, energia e pot\u00eancia&#8221; com a metodologia de ensino P.O.E. (Predizer, Observar e Explicar) e v\u00eddeos demonstra\u00e7\u00e3o de fen\u00f4menos.<\/span><\/p>\n<p><b>Conte\u00fados:<\/b><\/p>\n<ul>\n<li style=\"font-weight: 400\"><span style=\"font-weight: 400\">Trabalho de uma for\u00e7a qualquer;<\/span><\/li>\n<li style=\"font-weight: 400\"><span style=\"font-weight: 400\">PESO E FOR\u00c7A EL\u00c1STICA;<\/span><\/li>\n<li style=\"font-weight: 400\"><span style=\"font-weight: 400\">Energia potencial gravitacional e energia potencial el\u00e1stica;<\/span><\/li>\n<li style=\"font-weight: 400\"><span style=\"font-weight: 400\">Diagramas de energia;<\/span><\/li>\n<li style=\"font-weight: 400\"><span style=\"font-weight: 400\">Outras formas de energia.<\/span><\/li>\n<\/ul>\n<p>Roteiro:<\/p>\n<ul>\n<li style=\"font-weight: 400\"><span style=\"font-weight: 400\"><a href=\"https:\/\/site.ifes.edu.br\/lab-instrumentacao\/wp-content\/uploads\/sites\/15\/2024\/07\/roteiro-videos.pdf\">roteiro videos disco 8 trabalho energia potencia<\/a><\/span><\/li>\n<\/ul>\n","protected":false},"excerpt":{"rendered":"<p>Roteiro descritivo para apresenta\u00e7\u00e3o do tema &#8220;Trabalho, energia e pot\u00eancia&#8221; com a metodologia de ensino P.O.E. (Predizer, Observar e Explicar) e v\u00eddeos demonstra\u00e7\u00e3o de fen\u00f4menos. Conte\u00fados: Trabalho de uma for\u00e7a qualquer; PESO E FOR\u00c7A EL\u00c1STICA; Energia potencial gravitacional e energia potencial el\u00e1stica; Diagramas de energia; Outras formas de energia. Roteiro: &hellip; <\/p>\n","protected":false},"author":12,"featured_media":0,"parent":492,"menu_order":0,"comment_status":"closed","ping_status":"closed","template":"","meta":{"footnotes":""},"class_list":["post-1576","page","type-page","status-publish","hentry"],"_links":{"self":[{"href":"https:\/\/site.ifes.edu.br\/lab-instrumentacao\/wp-json\/wp\/v2\/pages\/1576"}],"collection":[{"href":"https:\/\/site.ifes.edu.br\/lab-instrumentacao\/wp-json\/wp\/v2\/pages"}],"about":[{"href":"https:\/\/site.ifes.edu.br\/lab-instrumentacao\/wp-json\/wp\/v2\/types\/page"}],"author":[{"embeddable":true,"href":"https:\/\/site.ifes.edu.br\/lab-instrumentacao\/wp-json\/wp\/v2\/users\/12"}],"replies":[{"embeddable":true,"href":"https:\/\/site.ifes.edu.br\/lab-instrumentacao\/wp-json\/wp\/v2\/comments?post=1576"}],"version-history":[{"count":2,"href":"https:\/\/site.ifes.edu.br\/lab-instrumentacao\/wp-json\/wp\/v2\/pages\/1576\/revisions"}],"predecessor-version":[{"id":1603,"href":"https:\/\/site.ifes.edu.br\/lab-instrumentacao\/wp-json\/wp\/v2\/pages\/1576\/revisions\/1603"}],"up":[{"embeddable":true,"href":"https:\/\/site.ifes.edu.br\/lab-instrumentacao\/wp-json\/wp\/v2\/pages\/492"}],"wp:attachment":[{"href":"https:\/\/site.ifes.edu.br\/lab-instrumentacao\/wp-json\/wp\/v2\/media?parent=1576"}],"curies":[{"name":"wp","href":"https:\/\/api.w.org\/{rel}","templated":true}]}}