{"id":1573,"date":"2024-07-11T02:04:31","date_gmt":"2024-07-11T05:04:31","guid":{"rendered":"https:\/\/site.ifes.edu.br\/lab-instrumentacao\/?page_id=1573"},"modified":"2024-12-18T11:15:03","modified_gmt":"2024-12-18T14:15:03","slug":"roteiros-de-aplicacao-e-construcao-de-experimento-tubo-de-kundt-maria-alice-ribeiro-dias","status":"publish","type":"page","link":"https:\/\/site.ifes.edu.br\/lab-instrumentacao\/experimentos\/roteiros-de-aplicacao-e-construcao-de-experimento-tubo-de-kundt-maria-alice-ribeiro-dias\/","title":{"rendered":"Roteiro de aplica\u00e7\u00e3o e constru\u00e7\u00e3o de experimento: Tubo de Kundt"},"content":{"rendered":"<p><span style=\"font-weight: 400\">O Tubo de Kundt \u00e9 uma montagem experimental desenvolvida no s\u00e9culo XIX pelo f\u00edsico alem\u00e3o August Kundt para medir a velocidade do som nos gases.\u00a0 <\/span><\/p>\n<p><span style=\"font-weight: 400\">O som gerado, quando em resson\u00e2ncia dentro do tubo, organizou o p\u00f3 de corti\u00e7a em pequenos montes nas posi\u00e7\u00f5es nodais.\u00a0 Em f\u00edsica, resson\u00e2ncia \u00e9 o fen\u00f4meno em que um sistema vibrat\u00f3rio ou for\u00e7a externa conduz outro sistema a oscilar com maior amplitude em frequ\u00eancias espec\u00edficas, conhecidas como frequ\u00eancias ressonantes ou frequ\u00eancias naturais do sistema. <\/span><span style=\"font-weight: 400\">Conhecendo-se a frequ\u00eancia do som emitido \u00e9 poss\u00edvel determinar a velocidade do som no interior do tubo.<\/span><\/p>\n<p>Conte\u00fados: Ondas; v<span style=\"font-weight: 400\">elocidade do som nos gases, ondas e resson\u00e2ncia.<\/span><\/p>\n<p>Roteiro:<\/p>\n<p><a href=\"https:\/\/site.ifes.edu.br\/lab-instrumentacao\/wp-content\/uploads\/sites\/15\/2024\/12\/ATUBO-DE-KUNDT-RELATORIO.pdf\"><span style=\"font-weight: 400\">Roteiro de aplica\u00e7\u00e3o do exmperimento<\/span><\/a><\/p>\n","protected":false},"excerpt":{"rendered":"<p>O Tubo de Kundt \u00e9 uma montagem experimental desenvolvida no s\u00e9culo XIX pelo f\u00edsico alem\u00e3o August Kundt para medir a velocidade do som nos gases.\u00a0 O som gerado, quando em resson\u00e2ncia dentro do tubo, organizou o p\u00f3 de corti\u00e7a em pequenos montes nas posi\u00e7\u00f5es nodais.\u00a0 Em f\u00edsica, resson\u00e2ncia \u00e9 o &hellip; <\/p>\n","protected":false},"author":12,"featured_media":0,"parent":132,"menu_order":0,"comment_status":"closed","ping_status":"closed","template":"","meta":{"footnotes":""},"class_list":["post-1573","page","type-page","status-publish","hentry"],"_links":{"self":[{"href":"https:\/\/site.ifes.edu.br\/lab-instrumentacao\/wp-json\/wp\/v2\/pages\/1573"}],"collection":[{"href":"https:\/\/site.ifes.edu.br\/lab-instrumentacao\/wp-json\/wp\/v2\/pages"}],"about":[{"href":"https:\/\/site.ifes.edu.br\/lab-instrumentacao\/wp-json\/wp\/v2\/types\/page"}],"author":[{"embeddable":true,"href":"https:\/\/site.ifes.edu.br\/lab-instrumentacao\/wp-json\/wp\/v2\/users\/12"}],"replies":[{"embeddable":true,"href":"https:\/\/site.ifes.edu.br\/lab-instrumentacao\/wp-json\/wp\/v2\/comments?post=1573"}],"version-history":[{"count":5,"href":"https:\/\/site.ifes.edu.br\/lab-instrumentacao\/wp-json\/wp\/v2\/pages\/1573\/revisions"}],"predecessor-version":[{"id":2029,"href":"https:\/\/site.ifes.edu.br\/lab-instrumentacao\/wp-json\/wp\/v2\/pages\/1573\/revisions\/2029"}],"up":[{"embeddable":true,"href":"https:\/\/site.ifes.edu.br\/lab-instrumentacao\/wp-json\/wp\/v2\/pages\/132"}],"wp:attachment":[{"href":"https:\/\/site.ifes.edu.br\/lab-instrumentacao\/wp-json\/wp\/v2\/media?parent=1573"}],"curies":[{"name":"wp","href":"https:\/\/api.w.org\/{rel}","templated":true}]}}