{"id":1566,"date":"2024-07-11T01:56:04","date_gmt":"2024-07-11T04:56:04","guid":{"rendered":"https:\/\/site.ifes.edu.br\/lab-instrumentacao\/?page_id=1566"},"modified":"2024-07-12T19:13:44","modified_gmt":"2024-07-12T22:13:44","slug":"roteiro-radiacao-de-corpo-negro-com-simulador-phet-colorado","status":"publish","type":"page","link":"https:\/\/site.ifes.edu.br\/lab-instrumentacao\/sequencias-didaticas-baseadas-em-simulacoes\/roteiro-radiacao-de-corpo-negro-com-simulador-phet-colorado\/","title":{"rendered":"Radia\u00e7\u00e3o de Corpo Negro"},"content":{"rendered":"<p><span style=\"font-weight: 400\">Roteiro para explorar as ferramentas dispon\u00edveis do simulador Phet na explica\u00e7\u00e3o dos conceitos de radia\u00e7\u00e3o de corpo negro e suas leis fundamentais, como a lei de Stefan-Boltzmann e a lei de Wien.<\/span><\/p>\n<p>Maria Alice Ribeiro Dias e Bernardo Machado.<\/p>\n<p><span style=\"font-weight: 400\"><a href=\"https:\/\/site.ifes.edu.br\/lab-instrumentacao\/wp-content\/uploads\/sites\/15\/2024\/07\/Roteiro-Simuladores-de-Fisica-Moderna.pdf\">Roteiro &#8211; Simuladores de F\u00edsica Moderna<\/a><\/span><\/p>\n","protected":false},"excerpt":{"rendered":"<p>Este roteiro foi planejado para ser utilizado como base e estrutura de uma interven\u00e7\u00e3o em turma de ensino m\u00e9dio. Trazendo um conte\u00fado de f\u00edsica moderna de forma did\u00e1tica para melhor assimila\u00e7\u00e3o pelos alunos.<\/p>\n","protected":false},"author":12,"featured_media":1581,"parent":1502,"menu_order":1,"comment_status":"closed","ping_status":"closed","template":"","meta":{"footnotes":""},"class_list":["post-1566","page","type-page","status-publish","has-post-thumbnail","hentry"],"_links":{"self":[{"href":"https:\/\/site.ifes.edu.br\/lab-instrumentacao\/wp-json\/wp\/v2\/pages\/1566"}],"collection":[{"href":"https:\/\/site.ifes.edu.br\/lab-instrumentacao\/wp-json\/wp\/v2\/pages"}],"about":[{"href":"https:\/\/site.ifes.edu.br\/lab-instrumentacao\/wp-json\/wp\/v2\/types\/page"}],"author":[{"embeddable":true,"href":"https:\/\/site.ifes.edu.br\/lab-instrumentacao\/wp-json\/wp\/v2\/users\/12"}],"replies":[{"embeddable":true,"href":"https:\/\/site.ifes.edu.br\/lab-instrumentacao\/wp-json\/wp\/v2\/comments?post=1566"}],"version-history":[{"count":7,"href":"https:\/\/site.ifes.edu.br\/lab-instrumentacao\/wp-json\/wp\/v2\/pages\/1566\/revisions"}],"predecessor-version":[{"id":1582,"href":"https:\/\/site.ifes.edu.br\/lab-instrumentacao\/wp-json\/wp\/v2\/pages\/1566\/revisions\/1582"}],"up":[{"embeddable":true,"href":"https:\/\/site.ifes.edu.br\/lab-instrumentacao\/wp-json\/wp\/v2\/pages\/1502"}],"wp:featuredmedia":[{"embeddable":true,"href":"https:\/\/site.ifes.edu.br\/lab-instrumentacao\/wp-json\/wp\/v2\/media\/1581"}],"wp:attachment":[{"href":"https:\/\/site.ifes.edu.br\/lab-instrumentacao\/wp-json\/wp\/v2\/media?parent=1566"}],"curies":[{"name":"wp","href":"https:\/\/api.w.org\/{rel}","templated":true}]}}