{"id":1559,"date":"2024-07-10T22:06:32","date_gmt":"2024-07-11T01:06:32","guid":{"rendered":"https:\/\/site.ifes.edu.br\/lab-instrumentacao\/?page_id=1559"},"modified":"2024-07-10T22:06:32","modified_gmt":"2024-07-11T01:06:32","slug":"espiral-giratorio","status":"publish","type":"page","link":"https:\/\/site.ifes.edu.br\/lab-instrumentacao\/espiral-giratorio\/","title":{"rendered":"Espiral girat\u00f3rio"},"content":{"rendered":"<p><strong>Descri\u00e7\u00e3o<\/strong>: Este experimento demonstra a convec\u00e7\u00e3o t\u00e9rmica: uma espiral de papel suspensa sobre uma vela gira quando o ar aquecido sobe, convertendo energia t\u00e9rmica em movimento mec\u00e2nico.<\/p>\n<p>&nbsp;<\/p>\n<p><strong>Roteiro: <a href=\"https:\/\/site.ifes.edu.br\/lab-instrumentacao\/wp-content\/uploads\/sites\/15\/2024\/07\/roteiro-espiral.pdf\">roteiro espiral<\/a><\/strong><\/p>\n","protected":false},"excerpt":{"rendered":"<p>Descri\u00e7\u00e3o: Este experimento demonstra a convec\u00e7\u00e3o t\u00e9rmica: uma espiral de papel suspensa sobre uma vela gira quando o ar aquecido sobe, convertendo energia t\u00e9rmica em movimento mec\u00e2nico. &nbsp; Roteiro: roteiro espiral<\/p>\n","protected":false},"author":12,"featured_media":0,"parent":0,"menu_order":0,"comment_status":"closed","ping_status":"closed","template":"","meta":{"footnotes":""},"class_list":["post-1559","page","type-page","status-publish","hentry"],"_links":{"self":[{"href":"https:\/\/site.ifes.edu.br\/lab-instrumentacao\/wp-json\/wp\/v2\/pages\/1559"}],"collection":[{"href":"https:\/\/site.ifes.edu.br\/lab-instrumentacao\/wp-json\/wp\/v2\/pages"}],"about":[{"href":"https:\/\/site.ifes.edu.br\/lab-instrumentacao\/wp-json\/wp\/v2\/types\/page"}],"author":[{"embeddable":true,"href":"https:\/\/site.ifes.edu.br\/lab-instrumentacao\/wp-json\/wp\/v2\/users\/12"}],"replies":[{"embeddable":true,"href":"https:\/\/site.ifes.edu.br\/lab-instrumentacao\/wp-json\/wp\/v2\/comments?post=1559"}],"version-history":[{"count":1,"href":"https:\/\/site.ifes.edu.br\/lab-instrumentacao\/wp-json\/wp\/v2\/pages\/1559\/revisions"}],"predecessor-version":[{"id":1561,"href":"https:\/\/site.ifes.edu.br\/lab-instrumentacao\/wp-json\/wp\/v2\/pages\/1559\/revisions\/1561"}],"wp:attachment":[{"href":"https:\/\/site.ifes.edu.br\/lab-instrumentacao\/wp-json\/wp\/v2\/media?parent=1559"}],"curies":[{"name":"wp","href":"https:\/\/api.w.org\/{rel}","templated":true}]}}