{"id":1550,"date":"2024-07-09T17:22:16","date_gmt":"2024-07-09T20:22:16","guid":{"rendered":"https:\/\/site.ifes.edu.br\/lab-instrumentacao\/?page_id=1550"},"modified":"2024-07-09T17:22:16","modified_gmt":"2024-07-09T20:22:16","slug":"cinematica-linear","status":"publish","type":"page","link":"https:\/\/site.ifes.edu.br\/lab-instrumentacao\/cinematica-linear\/","title":{"rendered":"Cinem\u00e1tica Linear"},"content":{"rendered":"<h1>Cinem\u00e1tica Linear<\/h1>\n<p>Roteiro com base em v\u00eddeos de experimentos de Cinem\u00e1tica linear.<\/p>\n<p><a href=\"https:\/\/site.ifes.edu.br\/lab-instrumentacao\/wp-content\/uploads\/sites\/15\/2024\/07\/roteiro.pdf\">roteiro<\/a><\/p>\n<p>&nbsp;<\/p>\n<p>&nbsp;<\/p>\n","protected":false},"excerpt":{"rendered":"<p>Cinem\u00e1tica Linear Roteiro com base em v\u00eddeos de experimentos de Cinem\u00e1tica linear. roteiro &nbsp; &nbsp;<\/p>\n","protected":false},"author":12,"featured_media":0,"parent":0,"menu_order":0,"comment_status":"closed","ping_status":"closed","template":"","meta":{"footnotes":""},"class_list":["post-1550","page","type-page","status-publish","hentry"],"_links":{"self":[{"href":"https:\/\/site.ifes.edu.br\/lab-instrumentacao\/wp-json\/wp\/v2\/pages\/1550"}],"collection":[{"href":"https:\/\/site.ifes.edu.br\/lab-instrumentacao\/wp-json\/wp\/v2\/pages"}],"about":[{"href":"https:\/\/site.ifes.edu.br\/lab-instrumentacao\/wp-json\/wp\/v2\/types\/page"}],"author":[{"embeddable":true,"href":"https:\/\/site.ifes.edu.br\/lab-instrumentacao\/wp-json\/wp\/v2\/users\/12"}],"replies":[{"embeddable":true,"href":"https:\/\/site.ifes.edu.br\/lab-instrumentacao\/wp-json\/wp\/v2\/comments?post=1550"}],"version-history":[{"count":1,"href":"https:\/\/site.ifes.edu.br\/lab-instrumentacao\/wp-json\/wp\/v2\/pages\/1550\/revisions"}],"predecessor-version":[{"id":1552,"href":"https:\/\/site.ifes.edu.br\/lab-instrumentacao\/wp-json\/wp\/v2\/pages\/1550\/revisions\/1552"}],"wp:attachment":[{"href":"https:\/\/site.ifes.edu.br\/lab-instrumentacao\/wp-json\/wp\/v2\/media?parent=1550"}],"curies":[{"name":"wp","href":"https:\/\/api.w.org\/{rel}","templated":true}]}}