{"id":1502,"date":"2024-04-26T13:32:51","date_gmt":"2024-04-26T16:32:51","guid":{"rendered":"https:\/\/site.ifes.edu.br\/lab-instrumentacao\/?page_id=1502"},"modified":"2024-07-12T19:15:44","modified_gmt":"2024-07-12T22:15:44","slug":"sequencias-didaticas-baseadas-em-simulacoes","status":"publish","type":"page","link":"https:\/\/site.ifes.edu.br\/lab-instrumentacao\/sequencias-didaticas-baseadas-em-simulacoes\/","title":{"rendered":"Sequ\u00eancias did\u00e1ticas baseadas em simula\u00e7\u00f5es"},"content":{"rendered":"<h4><span style=\"color: #000080\"><a style=\"color: #000080\" href=\"https:\/\/site.ifes.edu.br\/lab-instrumentacao\/moleculas-e-luz\/\">Mol\u00e9culas e Luz<\/a><\/span><\/h4>\n<p><a href=\"https:\/\/site.ifes.edu.br\/lab-instrumentacao\/wp-content\/uploads\/sites\/15\/2024\/07\/Screenshot_257.png\"><img fetchpriority=\"high\" decoding=\"async\" class=\"alignnone size-full wp-image-1557\" src=\"https:\/\/site.ifes.edu.br\/lab-instrumentacao\/wp-content\/uploads\/sites\/15\/2024\/07\/Screenshot_257.png\" alt=\"\" width=\"595\" height=\"284\" srcset=\"https:\/\/site.ifes.edu.br\/lab-instrumentacao\/wp-content\/uploads\/sites\/15\/2024\/07\/Screenshot_257.png 595w, https:\/\/site.ifes.edu.br\/lab-instrumentacao\/wp-content\/uploads\/sites\/15\/2024\/07\/Screenshot_257-300x143.png 300w, https:\/\/site.ifes.edu.br\/lab-instrumentacao\/wp-content\/uploads\/sites\/15\/2024\/07\/Screenshot_257-126x60.png 126w\" sizes=\"(max-width: 595px) 100vw, 595px\" \/><\/a><\/p>\n<h4><\/h4>\n<hr class=\"wp-block-separator is-style-wide\" \/>\n<h4><span style=\"color: #000080\"><a style=\"color: #000080\" href=\"https:\/\/site.ifes.edu.br\/lab-instrumentacao\/fisica-nuclear-2\/\">F\u00edsica\u00a0<\/a><a style=\"color: #000080\" href=\"https:\/\/site.ifes.edu.br\/lab-instrumentacao\/fisica-nuclear-2\/\">Nuclear<\/a><\/span><\/h4>\n<p><a href=\"https:\/\/site.ifes.edu.br\/lab-instrumentacao\/wp-content\/uploads\/sites\/15\/2024\/06\/Captura-de-tela-2024-06-28-151943.png\"><img decoding=\"async\" class=\"alignnone  wp-image-1543\" src=\"https:\/\/site.ifes.edu.br\/lab-instrumentacao\/wp-content\/uploads\/sites\/15\/2024\/06\/Captura-de-tela-2024-06-28-151943.png\" alt=\"\" width=\"722\" height=\"429\" srcset=\"https:\/\/site.ifes.edu.br\/lab-instrumentacao\/wp-content\/uploads\/sites\/15\/2024\/06\/Captura-de-tela-2024-06-28-151943.png 1020w, https:\/\/site.ifes.edu.br\/lab-instrumentacao\/wp-content\/uploads\/sites\/15\/2024\/06\/Captura-de-tela-2024-06-28-151943-300x178.png 300w, https:\/\/site.ifes.edu.br\/lab-instrumentacao\/wp-content\/uploads\/sites\/15\/2024\/06\/Captura-de-tela-2024-06-28-151943-768x456.png 768w, https:\/\/site.ifes.edu.br\/lab-instrumentacao\/wp-content\/uploads\/sites\/15\/2024\/06\/Captura-de-tela-2024-06-28-151943-101x60.png 101w\" sizes=\"(max-width: 722px) 100vw, 722px\" \/><\/a><\/p>\n<hr class=\"wp-block-separator is-style-wide\" \/>\n<h4><span style=\"color: #000080\"><a style=\"color: #000080\" href=\"https:\/\/site.ifes.edu.br\/lab-instrumentacao\/efeito-fotoeletrico\/\">Efeito Fotoel\u00e9trico<\/a><\/span><\/h4>\n<p><a href=\"https:\/\/site.ifes.edu.br\/lab-instrumentacao\/wp-content\/uploads\/sites\/15\/2024\/04\/photoelectric-600.png\"><img decoding=\"async\" class=\"alignnone wp-image-1518\" src=\"https:\/\/site.ifes.edu.br\/lab-instrumentacao\/wp-content\/uploads\/sites\/15\/2024\/04\/photoelectric-600.png\" alt=\"\" width=\"630\" height=\"414\" srcset=\"https:\/\/site.ifes.edu.br\/lab-instrumentacao\/wp-content\/uploads\/sites\/15\/2024\/04\/photoelectric-600.png 600w, https:\/\/site.ifes.edu.br\/lab-instrumentacao\/wp-content\/uploads\/sites\/15\/2024\/04\/photoelectric-600-300x197.png 300w, https:\/\/site.ifes.edu.br\/lab-instrumentacao\/wp-content\/uploads\/sites\/15\/2024\/04\/photoelectric-600-91x60.png 91w\" sizes=\"(max-width: 630px) 100vw, 630px\" \/><\/a><\/p>\n<hr class=\"wp-block-separator is-style-wide\" \/>\n<h3><span style=\"color: #000080\"><a style=\"color: #000080\" href=\"https:\/\/site.ifes.edu.br\/lab-instrumentacao\/sequencias-didaticas-baseadas-em-simulacoes\/roteiro-radiacao-de-corpo-negro-com-simulador-phet-colorado\/\">Radia\u00e7\u00e3o de corpo negro<\/a><\/span><\/h3>\n<p><a href=\"https:\/\/site.ifes.edu.br\/lab-instrumentacao\/wp-content\/uploads\/sites\/15\/2024\/07\/radiacao-e1720822410186.jpg\"><img loading=\"lazy\" decoding=\"async\" class=\"alignnone size-full wp-image-1581\" src=\"https:\/\/site.ifes.edu.br\/lab-instrumentacao\/wp-content\/uploads\/sites\/15\/2024\/07\/radiacao-e1720822410186.jpg\" alt=\"\" width=\"600\" height=\"319\" \/><\/a><\/p>\n<p>&nbsp;<\/p>\n","protected":false},"excerpt":{"rendered":"<p>Mol\u00e9culas e Luz F\u00edsica\u00a0Nuclear Efeito Fotoel\u00e9trico Radia\u00e7\u00e3o de corpo negro &nbsp;<\/p>\n","protected":false},"author":12,"featured_media":0,"parent":0,"menu_order":0,"comment_status":"closed","ping_status":"closed","template":"","meta":{"footnotes":""},"class_list":["post-1502","page","type-page","status-publish","hentry"],"_links":{"self":[{"href":"https:\/\/site.ifes.edu.br\/lab-instrumentacao\/wp-json\/wp\/v2\/pages\/1502"}],"collection":[{"href":"https:\/\/site.ifes.edu.br\/lab-instrumentacao\/wp-json\/wp\/v2\/pages"}],"about":[{"href":"https:\/\/site.ifes.edu.br\/lab-instrumentacao\/wp-json\/wp\/v2\/types\/page"}],"author":[{"embeddable":true,"href":"https:\/\/site.ifes.edu.br\/lab-instrumentacao\/wp-json\/wp\/v2\/users\/12"}],"replies":[{"embeddable":true,"href":"https:\/\/site.ifes.edu.br\/lab-instrumentacao\/wp-json\/wp\/v2\/comments?post=1502"}],"version-history":[{"count":8,"href":"https:\/\/site.ifes.edu.br\/lab-instrumentacao\/wp-json\/wp\/v2\/pages\/1502\/revisions"}],"predecessor-version":[{"id":1607,"href":"https:\/\/site.ifes.edu.br\/lab-instrumentacao\/wp-json\/wp\/v2\/pages\/1502\/revisions\/1607"}],"wp:attachment":[{"href":"https:\/\/site.ifes.edu.br\/lab-instrumentacao\/wp-json\/wp\/v2\/media?parent=1502"}],"curies":[{"name":"wp","href":"https:\/\/api.w.org\/{rel}","templated":true}]}}