{"id":1488,"date":"2024-04-26T13:05:49","date_gmt":"2024-04-26T16:05:49","guid":{"rendered":"https:\/\/site.ifes.edu.br\/lab-instrumentacao\/?page_id=1488"},"modified":"2024-04-26T13:08:12","modified_gmt":"2024-04-26T16:08:12","slug":"cinematica-rotacional","status":"publish","type":"page","link":"https:\/\/site.ifes.edu.br\/lab-instrumentacao\/cinematica-rotacional\/","title":{"rendered":"Cinem\u00e1tica Rotacional"},"content":{"rendered":"<p>Roteiro com base em v\u00eddeos de experimentos de Cinem\u00e1tica Rotacional.<\/p>\n<p><a href=\"https:\/\/site.ifes.edu.br\/lab-instrumentacao\/wp-content\/uploads\/sites\/15\/2024\/04\/Cinematica-Rotacional.pdf\">Arquivo<\/a><\/p>\n","protected":false},"excerpt":{"rendered":"<p>Roteiro com base em v\u00eddeos de experimentos de Cinem\u00e1tica Rotacional. Arquivo<\/p>\n","protected":false},"author":12,"featured_media":0,"parent":0,"menu_order":0,"comment_status":"closed","ping_status":"closed","template":"","meta":{"footnotes":""},"class_list":["post-1488","page","type-page","status-publish","hentry"],"_links":{"self":[{"href":"https:\/\/site.ifes.edu.br\/lab-instrumentacao\/wp-json\/wp\/v2\/pages\/1488"}],"collection":[{"href":"https:\/\/site.ifes.edu.br\/lab-instrumentacao\/wp-json\/wp\/v2\/pages"}],"about":[{"href":"https:\/\/site.ifes.edu.br\/lab-instrumentacao\/wp-json\/wp\/v2\/types\/page"}],"author":[{"embeddable":true,"href":"https:\/\/site.ifes.edu.br\/lab-instrumentacao\/wp-json\/wp\/v2\/users\/12"}],"replies":[{"embeddable":true,"href":"https:\/\/site.ifes.edu.br\/lab-instrumentacao\/wp-json\/wp\/v2\/comments?post=1488"}],"version-history":[{"count":4,"href":"https:\/\/site.ifes.edu.br\/lab-instrumentacao\/wp-json\/wp\/v2\/pages\/1488\/revisions"}],"predecessor-version":[{"id":1494,"href":"https:\/\/site.ifes.edu.br\/lab-instrumentacao\/wp-json\/wp\/v2\/pages\/1488\/revisions\/1494"}],"wp:attachment":[{"href":"https:\/\/site.ifes.edu.br\/lab-instrumentacao\/wp-json\/wp\/v2\/media?parent=1488"}],"curies":[{"name":"wp","href":"https:\/\/api.w.org\/{rel}","templated":true}]}}