{"id":1449,"date":"2024-03-01T09:41:11","date_gmt":"2024-03-01T12:41:11","guid":{"rendered":"https:\/\/site.ifes.edu.br\/lab-instrumentacao\/?page_id=1449"},"modified":"2024-03-01T09:41:11","modified_gmt":"2024-03-01T12:41:11","slug":"curva-da-braquistocrona","status":"publish","type":"page","link":"https:\/\/site.ifes.edu.br\/lab-instrumentacao\/curva-da-braquistocrona\/","title":{"rendered":"Curva da Braquist\u00f3crona"},"content":{"rendered":"<h1><strong>Curva da Braquist\u00f3crona<\/strong><\/h1>\n<p>&nbsp;<\/p>\n<p><strong>Curva da Braquist\u00f3crona<\/strong><\/p>\n<p>O experimento da Braquist\u00f3crona compara o tempo de descida de uma bolinha por um plano inclinado e por uma curva espec\u00edfica, mostrando que a bolinha chega mais r\u00e1pido ao final do percurso na curva braquist\u00f3crona, apesar de parecer mais longa.<\/p>\n<p><a href=\"https:\/\/site.ifes.edu.br\/lab-instrumentacao\/wp-content\/uploads\/sites\/15\/2024\/03\/Roteiro-Curva-da-Braquist\u00f3crona.pdf\">Roteiro Curva da Braquist\u00f3crona<\/a><\/p>\n","protected":false},"excerpt":{"rendered":"<p>Curva da Braquist\u00f3crona &nbsp; Curva da Braquist\u00f3crona O experimento da Braquist\u00f3crona compara o tempo de descida de uma bolinha por um plano inclinado e por uma curva espec\u00edfica, mostrando que a bolinha chega mais r\u00e1pido ao final do percurso na curva braquist\u00f3crona, apesar de parecer mais longa. Roteiro Curva da &hellip; <\/p>\n","protected":false},"author":12,"featured_media":0,"parent":0,"menu_order":0,"comment_status":"closed","ping_status":"closed","template":"","meta":{"footnotes":""},"class_list":["post-1449","page","type-page","status-publish","hentry"],"_links":{"self":[{"href":"https:\/\/site.ifes.edu.br\/lab-instrumentacao\/wp-json\/wp\/v2\/pages\/1449"}],"collection":[{"href":"https:\/\/site.ifes.edu.br\/lab-instrumentacao\/wp-json\/wp\/v2\/pages"}],"about":[{"href":"https:\/\/site.ifes.edu.br\/lab-instrumentacao\/wp-json\/wp\/v2\/types\/page"}],"author":[{"embeddable":true,"href":"https:\/\/site.ifes.edu.br\/lab-instrumentacao\/wp-json\/wp\/v2\/users\/12"}],"replies":[{"embeddable":true,"href":"https:\/\/site.ifes.edu.br\/lab-instrumentacao\/wp-json\/wp\/v2\/comments?post=1449"}],"version-history":[{"count":1,"href":"https:\/\/site.ifes.edu.br\/lab-instrumentacao\/wp-json\/wp\/v2\/pages\/1449\/revisions"}],"predecessor-version":[{"id":1452,"href":"https:\/\/site.ifes.edu.br\/lab-instrumentacao\/wp-json\/wp\/v2\/pages\/1449\/revisions\/1452"}],"wp:attachment":[{"href":"https:\/\/site.ifes.edu.br\/lab-instrumentacao\/wp-json\/wp\/v2\/media?parent=1449"}],"curies":[{"name":"wp","href":"https:\/\/api.w.org\/{rel}","templated":true}]}}