{"id":1440,"date":"2024-02-23T15:00:31","date_gmt":"2024-02-23T18:00:31","guid":{"rendered":"https:\/\/site.ifes.edu.br\/lab-instrumentacao\/?page_id=1440"},"modified":"2024-02-23T15:06:25","modified_gmt":"2024-02-23T18:06:25","slug":"duplo-loop","status":"publish","type":"page","link":"https:\/\/site.ifes.edu.br\/lab-instrumentacao\/duplo-loop\/","title":{"rendered":"Duplo Loop"},"content":{"rendered":"<p><strong>Descri\u00e7\u00e3o<\/strong>: Este experimento busca explorar e analisar o movimento de um objeto ao atravessar um sistema de duplo loop constru\u00eddo com canos PVC.<\/p>\n<p><strong>Roteiro de constru\u00e7\u00e3o<\/strong>: <a href=\"https:\/\/site.ifes.edu.br\/lab-instrumentacao\/wp-content\/uploads\/sites\/15\/2024\/02\/Instrumenta\u00e7\u00e3o-atividade-02-Roteiro-de-Constru\u00e7\u00e3o.pdf\">montagemDLoop<\/a><\/p>\n<p><strong>Plano de aula baseado no experimento<\/strong>: <a href=\"https:\/\/site.ifes.edu.br\/lab-instrumentacao\/wp-content\/uploads\/sites\/15\/2024\/02\/Instrumenta\u00e7\u00e3o-atividade-02-Roteiro-de-Aplica\u00e7\u00e3o.pdf\">plano-DLoop<\/a><\/p>\n","protected":false},"excerpt":{"rendered":"<p>Descri\u00e7\u00e3o: Este experimento busca explorar e analisar o movimento de um objeto ao atravessar um sistema de duplo loop constru\u00eddo com canos PVC. Roteiro de constru\u00e7\u00e3o: montagemDLoop Plano de aula baseado no experimento: plano-DLoop<\/p>\n","protected":false},"author":12,"featured_media":0,"parent":0,"menu_order":0,"comment_status":"closed","ping_status":"closed","template":"","meta":{"footnotes":""},"class_list":["post-1440","page","type-page","status-publish","hentry"],"_links":{"self":[{"href":"https:\/\/site.ifes.edu.br\/lab-instrumentacao\/wp-json\/wp\/v2\/pages\/1440"}],"collection":[{"href":"https:\/\/site.ifes.edu.br\/lab-instrumentacao\/wp-json\/wp\/v2\/pages"}],"about":[{"href":"https:\/\/site.ifes.edu.br\/lab-instrumentacao\/wp-json\/wp\/v2\/types\/page"}],"author":[{"embeddable":true,"href":"https:\/\/site.ifes.edu.br\/lab-instrumentacao\/wp-json\/wp\/v2\/users\/12"}],"replies":[{"embeddable":true,"href":"https:\/\/site.ifes.edu.br\/lab-instrumentacao\/wp-json\/wp\/v2\/comments?post=1440"}],"version-history":[{"count":2,"href":"https:\/\/site.ifes.edu.br\/lab-instrumentacao\/wp-json\/wp\/v2\/pages\/1440\/revisions"}],"predecessor-version":[{"id":1448,"href":"https:\/\/site.ifes.edu.br\/lab-instrumentacao\/wp-json\/wp\/v2\/pages\/1440\/revisions\/1448"}],"wp:attachment":[{"href":"https:\/\/site.ifes.edu.br\/lab-instrumentacao\/wp-json\/wp\/v2\/media?parent=1440"}],"curies":[{"name":"wp","href":"https:\/\/api.w.org\/{rel}","templated":true}]}}