{"id":1327,"date":"2023-12-18T10:50:21","date_gmt":"2023-12-18T13:50:21","guid":{"rendered":"https:\/\/site.ifes.edu.br\/lab-instrumentacao\/?page_id=1327"},"modified":"2023-12-18T21:01:25","modified_gmt":"2023-12-19T00:01:25","slug":"balanca-de-roberval-2","status":"publish","type":"page","link":"https:\/\/site.ifes.edu.br\/lab-instrumentacao\/balanca-de-roberval-2\/","title":{"rendered":"Balan\u00e7a de Roberval"},"content":{"rendered":"<p><iframe title=\"Balan\u00e7a de Roberval e cultura maker\" width=\"1020\" height=\"574\" src=\"https:\/\/www.youtube.com\/embed\/I2PGTCSm9TQ?feature=oembed\" frameborder=\"0\" allow=\"accelerometer; autoplay; clipboard-write; encrypted-media; gyroscope; picture-in-picture; web-share\" allowfullscreen><\/iframe><\/p>\n<p>V\u00eddeo feito de acordo com o solicitado para a disciplina de Pr\u00e1ticas de Ensino de F\u00edsica.<\/p>\n","protected":false},"excerpt":{"rendered":"<p>V\u00eddeo feito de acordo com o solicitado para a disciplina de Pr\u00e1ticas de Ensino de F\u00edsica.<\/p>\n","protected":false},"author":12,"featured_media":0,"parent":0,"menu_order":0,"comment_status":"closed","ping_status":"closed","template":"","meta":{"footnotes":""},"class_list":["post-1327","page","type-page","status-publish","hentry"],"_links":{"self":[{"href":"https:\/\/site.ifes.edu.br\/lab-instrumentacao\/wp-json\/wp\/v2\/pages\/1327"}],"collection":[{"href":"https:\/\/site.ifes.edu.br\/lab-instrumentacao\/wp-json\/wp\/v2\/pages"}],"about":[{"href":"https:\/\/site.ifes.edu.br\/lab-instrumentacao\/wp-json\/wp\/v2\/types\/page"}],"author":[{"embeddable":true,"href":"https:\/\/site.ifes.edu.br\/lab-instrumentacao\/wp-json\/wp\/v2\/users\/12"}],"replies":[{"embeddable":true,"href":"https:\/\/site.ifes.edu.br\/lab-instrumentacao\/wp-json\/wp\/v2\/comments?post=1327"}],"version-history":[{"count":3,"href":"https:\/\/site.ifes.edu.br\/lab-instrumentacao\/wp-json\/wp\/v2\/pages\/1327\/revisions"}],"predecessor-version":[{"id":1333,"href":"https:\/\/site.ifes.edu.br\/lab-instrumentacao\/wp-json\/wp\/v2\/pages\/1327\/revisions\/1333"}],"wp:attachment":[{"href":"https:\/\/site.ifes.edu.br\/lab-instrumentacao\/wp-json\/wp\/v2\/media?parent=1327"}],"curies":[{"name":"wp","href":"https:\/\/api.w.org\/{rel}","templated":true}]}}