{"id":1319,"date":"2023-12-18T10:32:23","date_gmt":"2023-12-18T13:32:23","guid":{"rendered":"https:\/\/site.ifes.edu.br\/lab-instrumentacao\/?page_id=1319"},"modified":"2023-12-18T10:55:01","modified_gmt":"2023-12-18T13:55:01","slug":"balanca-de-roberval","status":"publish","type":"page","link":"https:\/\/site.ifes.edu.br\/lab-instrumentacao\/balanca-de-roberval\/","title":{"rendered":"Balan\u00e7a de Roberval"},"content":{"rendered":"<p><strong>Descri\u00e7\u00e3o<\/strong>: Despertando o Protagonismo na Educa\u00e7\u00e3o: Uma Jornada Educativa com a Balan\u00e7a de Roberval associado a Cultura Maker<\/p>\n<p><strong>V\u00eddeo<\/strong>: <a href=\"https:\/\/site.ifes.edu.br\/lab-instrumentacao\/balanca-de-roberval-2\/\">https:\/\/site.ifes.edu.br\/lab-instrumentacao\/balanca-de-roberval-2\/<\/a><\/p>\n<p><strong>Roteiro de constru\u00e7\u00e3o: <a href=\"https:\/\/site.ifes.edu.br\/lab-instrumentacao\/wp-content\/uploads\/sites\/15\/2023\/12\/Roteiro-de-Constru\u00e7\u00e3o-Balan\u00e7a-de-Roberval-1.pdf\">Roteiro de Constru\u00e7\u00e3o Balan\u00e7a de Roberval<\/a><\/strong><\/p>\n<p><strong>Roteiro de aplica\u00e7\u00e3o: <a href=\"https:\/\/site.ifes.edu.br\/lab-instrumentacao\/wp-content\/uploads\/sites\/15\/2023\/12\/Roteiro-de-Aplica\u00e7\u00e3o-Experimento-Balan\u00e7a-de-Roberval.pdf\">Roteiro de Aplica\u00e7\u00e3o Experimento Balan\u00e7a de Roberval<\/a><\/strong><\/p>\n","protected":false},"excerpt":{"rendered":"<p>Descri\u00e7\u00e3o: Despertando o Protagonismo na Educa\u00e7\u00e3o: Uma Jornada Educativa com a Balan\u00e7a de Roberval associado a Cultura Maker V\u00eddeo: https:\/\/site.ifes.edu.br\/lab-instrumentacao\/balanca-de-roberval-2\/ Roteiro de constru\u00e7\u00e3o: Roteiro de Constru\u00e7\u00e3o Balan\u00e7a de Roberval Roteiro de aplica\u00e7\u00e3o: Roteiro de Aplica\u00e7\u00e3o Experimento Balan\u00e7a de Roberval<\/p>\n","protected":false},"author":12,"featured_media":0,"parent":0,"menu_order":0,"comment_status":"closed","ping_status":"closed","template":"","meta":{"footnotes":""},"class_list":["post-1319","page","type-page","status-publish","hentry"],"_links":{"self":[{"href":"https:\/\/site.ifes.edu.br\/lab-instrumentacao\/wp-json\/wp\/v2\/pages\/1319"}],"collection":[{"href":"https:\/\/site.ifes.edu.br\/lab-instrumentacao\/wp-json\/wp\/v2\/pages"}],"about":[{"href":"https:\/\/site.ifes.edu.br\/lab-instrumentacao\/wp-json\/wp\/v2\/types\/page"}],"author":[{"embeddable":true,"href":"https:\/\/site.ifes.edu.br\/lab-instrumentacao\/wp-json\/wp\/v2\/users\/12"}],"replies":[{"embeddable":true,"href":"https:\/\/site.ifes.edu.br\/lab-instrumentacao\/wp-json\/wp\/v2\/comments?post=1319"}],"version-history":[{"count":4,"href":"https:\/\/site.ifes.edu.br\/lab-instrumentacao\/wp-json\/wp\/v2\/pages\/1319\/revisions"}],"predecessor-version":[{"id":1332,"href":"https:\/\/site.ifes.edu.br\/lab-instrumentacao\/wp-json\/wp\/v2\/pages\/1319\/revisions\/1332"}],"wp:attachment":[{"href":"https:\/\/site.ifes.edu.br\/lab-instrumentacao\/wp-json\/wp\/v2\/media?parent=1319"}],"curies":[{"name":"wp","href":"https:\/\/api.w.org\/{rel}","templated":true}]}}