{"id":1308,"date":"2023-12-15T21:17:55","date_gmt":"2023-12-16T00:17:55","guid":{"rendered":"https:\/\/site.ifes.edu.br\/lab-instrumentacao\/?page_id=1308"},"modified":"2023-12-15T21:21:59","modified_gmt":"2023-12-16T00:21:59","slug":"roteiro-experimental-plano-inclinado-na-praca-da-ciencia-leonardo-jose-piazzarolo-dalbem-e-tatiana-souza-graca","status":"publish","type":"page","link":"https:\/\/site.ifes.edu.br\/lab-instrumentacao\/roteiro-experimental-plano-inclinado-na-praca-da-ciencia-leonardo-jose-piazzarolo-dalbem-e-tatiana-souza-graca\/","title":{"rendered":"Roteiro Experimental &#8211; Plano inclinado na Pra\u00e7a da Ci\u00eancia &#8211; Leonardo Jos\u00e9 Piazzarolo Dalbem e Tatiana Souza Gra\u00e7a"},"content":{"rendered":"<p><a href=\"https:\/\/site.ifes.edu.br\/lab-instrumentacao\/wp-content\/uploads\/sites\/15\/2023\/12\/roteiro-1-.pdf\">roteiro 1<\/a><\/p>\n","protected":false},"excerpt":{"rendered":"<p>roteiro 1<\/p>\n","protected":false},"author":12,"featured_media":0,"parent":0,"menu_order":0,"comment_status":"closed","ping_status":"closed","template":"","meta":{"footnotes":""},"class_list":["post-1308","page","type-page","status-publish","hentry"],"_links":{"self":[{"href":"https:\/\/site.ifes.edu.br\/lab-instrumentacao\/wp-json\/wp\/v2\/pages\/1308"}],"collection":[{"href":"https:\/\/site.ifes.edu.br\/lab-instrumentacao\/wp-json\/wp\/v2\/pages"}],"about":[{"href":"https:\/\/site.ifes.edu.br\/lab-instrumentacao\/wp-json\/wp\/v2\/types\/page"}],"author":[{"embeddable":true,"href":"https:\/\/site.ifes.edu.br\/lab-instrumentacao\/wp-json\/wp\/v2\/users\/12"}],"replies":[{"embeddable":true,"href":"https:\/\/site.ifes.edu.br\/lab-instrumentacao\/wp-json\/wp\/v2\/comments?post=1308"}],"version-history":[{"count":2,"href":"https:\/\/site.ifes.edu.br\/lab-instrumentacao\/wp-json\/wp\/v2\/pages\/1308\/revisions"}],"predecessor-version":[{"id":1311,"href":"https:\/\/site.ifes.edu.br\/lab-instrumentacao\/wp-json\/wp\/v2\/pages\/1308\/revisions\/1311"}],"wp:attachment":[{"href":"https:\/\/site.ifes.edu.br\/lab-instrumentacao\/wp-json\/wp\/v2\/media?parent=1308"}],"curies":[{"name":"wp","href":"https:\/\/api.w.org\/{rel}","templated":true}]}}