{"id":1293,"date":"2023-12-15T20:20:38","date_gmt":"2023-12-15T23:20:38","guid":{"rendered":"https:\/\/site.ifes.edu.br\/lab-instrumentacao\/?page_id=1293"},"modified":"2023-12-20T20:03:54","modified_gmt":"2023-12-20T23:03:54","slug":"experimento-do-plano-inclinado-na-praca-da-ciencia","status":"publish","type":"page","link":"https:\/\/site.ifes.edu.br\/lab-instrumentacao\/experimento-do-plano-inclinado-na-praca-da-ciencia\/","title":{"rendered":"Plano inclinado na pra\u00e7a da ci\u00eancia"},"content":{"rendered":"<p>Conte\u00fado postado por Leonardo Jos\u00e9 Piazzarolo Dalbem e Tatiana Souza Gra\u00e7a. Segue abaixo o v\u00eddeo junto a um roteiro de uma atividade investigativa:<\/p>\n<p>&nbsp;<\/p>\n<p><iframe title=\"tirolesa\" width=\"1020\" height=\"574\" src=\"https:\/\/www.youtube.com\/embed\/zYiTjESuG8E?feature=oembed\" frameborder=\"0\" allow=\"accelerometer; autoplay; clipboard-write; encrypted-media; gyroscope; picture-in-picture; web-share\" allowfullscreen><\/iframe><\/p>\n<p><a href=\"https:\/\/site.ifes.edu.br\/lab-instrumentacao\/wp-content\/uploads\/sites\/15\/2023\/12\/roteiro-1-.pdf\">Roteiro <\/a><\/p>\n<p>&nbsp;<\/p>\n<p>&nbsp;<\/p>\n","protected":false},"excerpt":{"rendered":"<p>Conte\u00fado postado por Leonardo Jos\u00e9 Piazzarolo Dalbem e Tatiana Souza Gra\u00e7a. Segue abaixo o v\u00eddeo junto a um roteiro de uma atividade investigativa: &nbsp; Roteiro &nbsp; &nbsp;<\/p>\n","protected":false},"author":12,"featured_media":0,"parent":0,"menu_order":0,"comment_status":"closed","ping_status":"closed","template":"","meta":{"footnotes":""},"class_list":["post-1293","page","type-page","status-publish","hentry"],"_links":{"self":[{"href":"https:\/\/site.ifes.edu.br\/lab-instrumentacao\/wp-json\/wp\/v2\/pages\/1293"}],"collection":[{"href":"https:\/\/site.ifes.edu.br\/lab-instrumentacao\/wp-json\/wp\/v2\/pages"}],"about":[{"href":"https:\/\/site.ifes.edu.br\/lab-instrumentacao\/wp-json\/wp\/v2\/types\/page"}],"author":[{"embeddable":true,"href":"https:\/\/site.ifes.edu.br\/lab-instrumentacao\/wp-json\/wp\/v2\/users\/12"}],"replies":[{"embeddable":true,"href":"https:\/\/site.ifes.edu.br\/lab-instrumentacao\/wp-json\/wp\/v2\/comments?post=1293"}],"version-history":[{"count":8,"href":"https:\/\/site.ifes.edu.br\/lab-instrumentacao\/wp-json\/wp\/v2\/pages\/1293\/revisions"}],"predecessor-version":[{"id":1410,"href":"https:\/\/site.ifes.edu.br\/lab-instrumentacao\/wp-json\/wp\/v2\/pages\/1293\/revisions\/1410"}],"wp:attachment":[{"href":"https:\/\/site.ifes.edu.br\/lab-instrumentacao\/wp-json\/wp\/v2\/media?parent=1293"}],"curies":[{"name":"wp","href":"https:\/\/api.w.org\/{rel}","templated":true}]}}