{"id":1272,"date":"2023-12-14T19:24:44","date_gmt":"2023-12-14T22:24:44","guid":{"rendered":"https:\/\/site.ifes.edu.br\/lab-instrumentacao\/?page_id=1272"},"modified":"2023-12-14T19:26:48","modified_gmt":"2023-12-14T22:26:48","slug":"refracao-da-luz","status":"publish","type":"page","link":"https:\/\/site.ifes.edu.br\/lab-instrumentacao\/refracao-da-luz\/","title":{"rendered":"Roteiro experimental &#8211; refra\u00e7\u00e3o da Luz &#8211; Matheus Leone e Henrique Palassi"},"content":{"rendered":"<p>Experimento seguindo um roteiro investigativo para abordar a refra\u00e7\u00e3o da luz<\/p>\n<p>&nbsp;<\/p>\n<p><a href=\"https:\/\/site.ifes.edu.br\/lab-instrumentacao\/wp-content\/uploads\/sites\/15\/2023\/12\/Roteiro-Experimental-refra\u00e7\u00e3o-da-luz.pdf\">Roteiro Experimental refra\u00e7\u00e3o da luz<\/a><\/p>\n","protected":false},"excerpt":{"rendered":"<p>Experimento seguindo um roteiro investigativo para abordar a refra\u00e7\u00e3o da luz &nbsp; Roteiro Experimental refra\u00e7\u00e3o da luz<\/p>\n","protected":false},"author":12,"featured_media":0,"parent":0,"menu_order":0,"comment_status":"closed","ping_status":"closed","template":"","meta":{"footnotes":""},"class_list":["post-1272","page","type-page","status-publish","hentry"],"_links":{"self":[{"href":"https:\/\/site.ifes.edu.br\/lab-instrumentacao\/wp-json\/wp\/v2\/pages\/1272"}],"collection":[{"href":"https:\/\/site.ifes.edu.br\/lab-instrumentacao\/wp-json\/wp\/v2\/pages"}],"about":[{"href":"https:\/\/site.ifes.edu.br\/lab-instrumentacao\/wp-json\/wp\/v2\/types\/page"}],"author":[{"embeddable":true,"href":"https:\/\/site.ifes.edu.br\/lab-instrumentacao\/wp-json\/wp\/v2\/users\/12"}],"replies":[{"embeddable":true,"href":"https:\/\/site.ifes.edu.br\/lab-instrumentacao\/wp-json\/wp\/v2\/comments?post=1272"}],"version-history":[{"count":4,"href":"https:\/\/site.ifes.edu.br\/lab-instrumentacao\/wp-json\/wp\/v2\/pages\/1272\/revisions"}],"predecessor-version":[{"id":1278,"href":"https:\/\/site.ifes.edu.br\/lab-instrumentacao\/wp-json\/wp\/v2\/pages\/1272\/revisions\/1278"}],"wp:attachment":[{"href":"https:\/\/site.ifes.edu.br\/lab-instrumentacao\/wp-json\/wp\/v2\/media?parent=1272"}],"curies":[{"name":"wp","href":"https:\/\/api.w.org\/{rel}","templated":true}]}}