{"id":1219,"date":"2023-12-12T13:10:30","date_gmt":"2023-12-12T16:10:30","guid":{"rendered":"https:\/\/site.ifes.edu.br\/lab-instrumentacao\/?page_id=1219"},"modified":"2023-12-12T14:22:21","modified_gmt":"2023-12-12T17:22:21","slug":"transformador-didatico-2","status":"publish","type":"page","link":"https:\/\/site.ifes.edu.br\/lab-instrumentacao\/transformador-didatico-2\/","title":{"rendered":"Transformador Did\u00e1tico"},"content":{"rendered":"<p><strong>Descri\u00e7\u00e3o<\/strong>: O experimento em quest\u00e3o se consiste em um transformador desmont\u00e1vel que permite abordar as principais caracter\u00edsticas deste componente el\u00e9trico.<\/p>\n<p><strong>V\u00eddeo<\/strong>: <a href=\"https:\/\/site.ifes.edu.br\/lab-instrumentacao\/transformador-didatico\/\">site.ifes.edu.br\/lab-instrumentacao\/transformador-didatico\/<\/a><\/p>\n<p><strong>Roteiro de constru\u00e7\u00e3o<\/strong>: <a href=\"https:\/\/site.ifes.edu.br\/lab-instrumentacao\/wp-content\/uploads\/sites\/15\/2023\/12\/montagemTransformadorD.pdf\">montagemTransformadorD<\/a><\/p>\n<p><strong>Plano de aula baseado no experimento<\/strong>: <a href=\"https:\/\/site.ifes.edu.br\/lab-instrumentacao\/wp-content\/uploads\/sites\/15\/2023\/12\/plano-transformadorD.pdf\">plano-transformadorD<\/a><\/p>\n","protected":false},"excerpt":{"rendered":"<p>Descri\u00e7\u00e3o: O experimento em quest\u00e3o se consiste em um transformador desmont\u00e1vel que permite abordar as principais caracter\u00edsticas deste componente el\u00e9trico. V\u00eddeo: site.ifes.edu.br\/lab-instrumentacao\/transformador-didatico\/ Roteiro de constru\u00e7\u00e3o: montagemTransformadorD Plano de aula baseado no experimento: plano-transformadorD<\/p>\n","protected":false},"author":12,"featured_media":0,"parent":0,"menu_order":0,"comment_status":"closed","ping_status":"closed","template":"","meta":{"footnotes":""},"class_list":["post-1219","page","type-page","status-publish","hentry"],"_links":{"self":[{"href":"https:\/\/site.ifes.edu.br\/lab-instrumentacao\/wp-json\/wp\/v2\/pages\/1219"}],"collection":[{"href":"https:\/\/site.ifes.edu.br\/lab-instrumentacao\/wp-json\/wp\/v2\/pages"}],"about":[{"href":"https:\/\/site.ifes.edu.br\/lab-instrumentacao\/wp-json\/wp\/v2\/types\/page"}],"author":[{"embeddable":true,"href":"https:\/\/site.ifes.edu.br\/lab-instrumentacao\/wp-json\/wp\/v2\/users\/12"}],"replies":[{"embeddable":true,"href":"https:\/\/site.ifes.edu.br\/lab-instrumentacao\/wp-json\/wp\/v2\/comments?post=1219"}],"version-history":[{"count":3,"href":"https:\/\/site.ifes.edu.br\/lab-instrumentacao\/wp-json\/wp\/v2\/pages\/1219\/revisions"}],"predecessor-version":[{"id":1441,"href":"https:\/\/site.ifes.edu.br\/lab-instrumentacao\/wp-json\/wp\/v2\/pages\/1219\/revisions\/1441"}],"wp:attachment":[{"href":"https:\/\/site.ifes.edu.br\/lab-instrumentacao\/wp-json\/wp\/v2\/media?parent=1219"}],"curies":[{"name":"wp","href":"https:\/\/api.w.org\/{rel}","templated":true}]}}