{"id":1209,"date":"2023-12-12T12:40:36","date_gmt":"2023-12-12T15:40:36","guid":{"rendered":"https:\/\/site.ifes.edu.br\/lab-instrumentacao\/?page_id=1209"},"modified":"2023-12-12T12:55:05","modified_gmt":"2023-12-12T15:55:05","slug":"transformador-didatico","status":"publish","type":"page","link":"https:\/\/site.ifes.edu.br\/lab-instrumentacao\/transformador-didatico\/","title":{"rendered":"Transformador Did\u00e1tico"},"content":{"rendered":"<p><iframe title=\"Transformador Did\u00e1tico\" width=\"1020\" height=\"574\" src=\"https:\/\/www.youtube.com\/embed\/wNza-an9Fo8?feature=oembed\" frameborder=\"0\" allow=\"accelerometer; autoplay; clipboard-write; encrypted-media; gyroscope; picture-in-picture; web-share\" allowfullscreen><\/iframe><\/p>\n<p>V\u00eddeo feito de acordo com o solicitado para a disciplina de Pr\u00e1ticas de Ensino de F\u00edsica.<\/p>\n","protected":false},"excerpt":{"rendered":"<p>V\u00eddeo feito de acordo com o solicitado para a disciplina de Pr\u00e1ticas de Ensino de F\u00edsica.<\/p>\n","protected":false},"author":12,"featured_media":0,"parent":0,"menu_order":0,"comment_status":"closed","ping_status":"closed","template":"","meta":{"footnotes":""},"class_list":["post-1209","page","type-page","status-publish","hentry"],"_links":{"self":[{"href":"https:\/\/site.ifes.edu.br\/lab-instrumentacao\/wp-json\/wp\/v2\/pages\/1209"}],"collection":[{"href":"https:\/\/site.ifes.edu.br\/lab-instrumentacao\/wp-json\/wp\/v2\/pages"}],"about":[{"href":"https:\/\/site.ifes.edu.br\/lab-instrumentacao\/wp-json\/wp\/v2\/types\/page"}],"author":[{"embeddable":true,"href":"https:\/\/site.ifes.edu.br\/lab-instrumentacao\/wp-json\/wp\/v2\/users\/12"}],"replies":[{"embeddable":true,"href":"https:\/\/site.ifes.edu.br\/lab-instrumentacao\/wp-json\/wp\/v2\/comments?post=1209"}],"version-history":[{"count":3,"href":"https:\/\/site.ifes.edu.br\/lab-instrumentacao\/wp-json\/wp\/v2\/pages\/1209\/revisions"}],"predecessor-version":[{"id":1218,"href":"https:\/\/site.ifes.edu.br\/lab-instrumentacao\/wp-json\/wp\/v2\/pages\/1209\/revisions\/1218"}],"wp:attachment":[{"href":"https:\/\/site.ifes.edu.br\/lab-instrumentacao\/wp-json\/wp\/v2\/media?parent=1209"}],"curies":[{"name":"wp","href":"https:\/\/api.w.org\/{rel}","templated":true}]}}