{"id":1181,"date":"2023-12-04T09:25:59","date_gmt":"2023-12-04T12:25:59","guid":{"rendered":"https:\/\/site.ifes.edu.br\/lab-instrumentacao\/?page_id=1181"},"modified":"2023-12-04T09:36:14","modified_gmt":"2023-12-04T12:36:14","slug":"roteiro-otica-geometrica-marison-e-joao-celio","status":"publish","type":"page","link":"https:\/\/site.ifes.edu.br\/lab-instrumentacao\/roteiro-otica-geometrica-marison-e-joao-celio\/","title":{"rendered":"Roteiro &#8211; \u00d3tica Geom\u00e9trica &#8211; Marison e Jo\u00e3o C\u00e9lio"},"content":{"rendered":"<p>Feito em 2023 para a mat\u00e9ria &#8220;Pr\u00e1tica de Ensino em Fisica&#8221;.<\/p>\n<p><a href=\"https:\/\/site.ifes.edu.br\/lab-instrumentacao\/roteiro-otica-geometrica-marison-e-joao-celio\/roteiro_og_joaoemarison\/\" rel=\"attachment wp-att-1182\">roteiro_OG_Jo\u00e3oEMarison<\/a><\/p>\n","protected":false},"excerpt":{"rendered":"<p>Feito em 2023 para a mat\u00e9ria &#8220;Pr\u00e1tica de Ensino em Fisica&#8221;. roteiro_OG_Jo\u00e3oEMarison<\/p>\n","protected":false},"author":12,"featured_media":0,"parent":0,"menu_order":0,"comment_status":"closed","ping_status":"closed","template":"","meta":{"footnotes":""},"class_list":["post-1181","page","type-page","status-publish","hentry"],"_links":{"self":[{"href":"https:\/\/site.ifes.edu.br\/lab-instrumentacao\/wp-json\/wp\/v2\/pages\/1181"}],"collection":[{"href":"https:\/\/site.ifes.edu.br\/lab-instrumentacao\/wp-json\/wp\/v2\/pages"}],"about":[{"href":"https:\/\/site.ifes.edu.br\/lab-instrumentacao\/wp-json\/wp\/v2\/types\/page"}],"author":[{"embeddable":true,"href":"https:\/\/site.ifes.edu.br\/lab-instrumentacao\/wp-json\/wp\/v2\/users\/12"}],"replies":[{"embeddable":true,"href":"https:\/\/site.ifes.edu.br\/lab-instrumentacao\/wp-json\/wp\/v2\/comments?post=1181"}],"version-history":[{"count":3,"href":"https:\/\/site.ifes.edu.br\/lab-instrumentacao\/wp-json\/wp\/v2\/pages\/1181\/revisions"}],"predecessor-version":[{"id":1190,"href":"https:\/\/site.ifes.edu.br\/lab-instrumentacao\/wp-json\/wp\/v2\/pages\/1181\/revisions\/1190"}],"wp:attachment":[{"href":"https:\/\/site.ifes.edu.br\/lab-instrumentacao\/wp-json\/wp\/v2\/media?parent=1181"}],"curies":[{"name":"wp","href":"https:\/\/api.w.org\/{rel}","templated":true}]}}