{"id":1178,"date":"2023-12-04T09:17:29","date_gmt":"2023-12-04T12:17:29","guid":{"rendered":"https:\/\/site.ifes.edu.br\/lab-instrumentacao\/?page_id=1178"},"modified":"2023-12-15T21:19:34","modified_gmt":"2023-12-16T00:19:34","slug":"roteiros-experimentais","status":"publish","type":"page","link":"https:\/\/site.ifes.edu.br\/lab-instrumentacao\/roteiros-experimentais\/","title":{"rendered":"Roteiros Experimentais"},"content":{"rendered":"<blockquote class=\"wp-embedded-content\" data-secret=\"rNAl1st80n\"><p><a href=\"https:\/\/site.ifes.edu.br\/lab-instrumentacao\/roteiro-experimental-plano-inclinado-na-praca-da-ciencia-leonardo-jose-piazzarolo-dalbem-e-tatiana-souza-graca\/\">Roteiro Experimental plano inclinado na Pra\u00e7a da Ci\u00eancia- Leonardo Jos\u00e9 Piazzarolo Dalbem e Tatiana Souza Gra\u00e7a<\/a><\/p><\/blockquote>\n<p><iframe class=\"wp-embedded-content\" sandbox=\"allow-scripts\" security=\"restricted\" style=\"position: absolute; clip: rect(1px, 1px, 1px, 1px);\" title=\"&#8220;Roteiro Experimental plano inclinado na Pra\u00e7a da Ci\u00eancia- Leonardo Jos\u00e9 Piazzarolo Dalbem e Tatiana Souza Gra\u00e7a&#8221; &#8212; Laborat\u00f3rio de Instrumenta\u00e7\u00e3o - IFES\" src=\"https:\/\/site.ifes.edu.br\/lab-instrumentacao\/roteiro-experimental-plano-inclinado-na-praca-da-ciencia-leonardo-jose-piazzarolo-dalbem-e-tatiana-souza-graca\/embed\/#?secret=rNAl1st80n\" data-secret=\"rNAl1st80n\" width=\"600\" height=\"338\" frameborder=\"0\" marginwidth=\"0\" marginheight=\"0\" scrolling=\"no\"><\/iframe><\/p>\n<blockquote class=\"wp-embedded-content\" data-secret=\"RTsIirjHPA\"><p><a href=\"https:\/\/site.ifes.edu.br\/lab-instrumentacao\/refracao-da-luz\/\">Roteiro experimental &#8211; refra\u00e7\u00e3o da Luz &#8211; Matheus Leone e Henrique Palassi<\/a><\/p><\/blockquote>\n<p><iframe class=\"wp-embedded-content\" sandbox=\"allow-scripts\" security=\"restricted\" style=\"position: absolute; clip: rect(1px, 1px, 1px, 1px);\" title=\"&#8220;Roteiro experimental &#8211; refra\u00e7\u00e3o da Luz &#8211; Matheus Leone e Henrique Palassi&#8221; &#8212; Laborat\u00f3rio de Instrumenta\u00e7\u00e3o - IFES\" src=\"https:\/\/site.ifes.edu.br\/lab-instrumentacao\/refracao-da-luz\/embed\/#?secret=RTsIirjHPA\" data-secret=\"RTsIirjHPA\" width=\"600\" height=\"338\" frameborder=\"0\" marginwidth=\"0\" marginheight=\"0\" scrolling=\"no\"><\/iframe><\/p>\n<blockquote class=\"wp-embedded-content\" data-secret=\"neczT2SBp0\"><p><a href=\"https:\/\/site.ifes.edu.br\/lab-instrumentacao\/roteiro-otica-geometrica-marison-e-joao-celio\/\">Roteiro &#8211; \u00d3tica Geom\u00e9trica &#8211; Marison e Jo\u00e3o C\u00e9lio<\/a><\/p><\/blockquote>\n<p><iframe class=\"wp-embedded-content\" sandbox=\"allow-scripts\" security=\"restricted\" style=\"position: absolute; clip: rect(1px, 1px, 1px, 1px);\" title=\"&#8220;Roteiro &#8211; \u00d3tica Geom\u00e9trica &#8211; Marison e Jo\u00e3o C\u00e9lio&#8221; &#8212; Laborat\u00f3rio de Instrumenta\u00e7\u00e3o - IFES\" src=\"https:\/\/site.ifes.edu.br\/lab-instrumentacao\/roteiro-otica-geometrica-marison-e-joao-celio\/embed\/#?secret=neczT2SBp0\" data-secret=\"neczT2SBp0\" width=\"600\" height=\"338\" frameborder=\"0\" marginwidth=\"0\" marginheight=\"0\" scrolling=\"no\"><\/iframe><\/p>\n<blockquote class=\"wp-embedded-content\" data-secret=\"2MSovlyCFE\"><p><a href=\"https:\/\/site.ifes.edu.br\/lab-instrumentacao\/roteiro-de-otica-geometrica-principios-fundamentais-da-propagacao-da-luz\/\">Roteiro de \u00d3tica Geom\u00e9trica, princ\u00edpios fundamentais da propaga\u00e7\u00e3o da luz &#8211; Julya e Arthur<\/a><\/p><\/blockquote>\n<p><iframe class=\"wp-embedded-content\" sandbox=\"allow-scripts\" security=\"restricted\" style=\"position: absolute; clip: rect(1px, 1px, 1px, 1px);\" title=\"&#8220;Roteiro de \u00d3tica Geom\u00e9trica, princ\u00edpios fundamentais da propaga\u00e7\u00e3o da luz &#8211; Julya e Arthur&#8221; &#8212; Laborat\u00f3rio de Instrumenta\u00e7\u00e3o - IFES\" src=\"https:\/\/site.ifes.edu.br\/lab-instrumentacao\/roteiro-de-otica-geometrica-principios-fundamentais-da-propagacao-da-luz\/embed\/#?secret=2MSovlyCFE\" data-secret=\"2MSovlyCFE\" width=\"600\" height=\"338\" frameborder=\"0\" marginwidth=\"0\" marginheight=\"0\" scrolling=\"no\"><\/iframe><\/p>\n<blockquote class=\"wp-embedded-content\" data-secret=\"s8Xa8t0jMh\"><p><a href=\"https:\/\/site.ifes.edu.br\/lab-instrumentacao\/simulador-de-propagacao-de-ondas-mecanicas-em-meios-solidos\/\">Simulador de propaga\u00e7\u00e3o de ondas mec\u00e2nicas em meios s\u00f3lidos &#8211; Julya e Arthur<\/a><\/p><\/blockquote>\n<p><iframe class=\"wp-embedded-content\" sandbox=\"allow-scripts\" security=\"restricted\" style=\"position: absolute; clip: rect(1px, 1px, 1px, 1px);\" title=\"&#8220;Simulador de propaga\u00e7\u00e3o de ondas mec\u00e2nicas em meios s\u00f3lidos &#8211; Julya e Arthur&#8221; &#8212; Laborat\u00f3rio de Instrumenta\u00e7\u00e3o - IFES\" src=\"https:\/\/site.ifes.edu.br\/lab-instrumentacao\/simulador-de-propagacao-de-ondas-mecanicas-em-meios-solidos\/embed\/#?secret=s8Xa8t0jMh\" data-secret=\"s8Xa8t0jMh\" width=\"600\" height=\"338\" frameborder=\"0\" marginwidth=\"0\" marginheight=\"0\" scrolling=\"no\"><\/iframe><\/p>\n<blockquote class=\"wp-embedded-content\" data-secret=\"XTjF1zJ5CB\"><p><a href=\"https:\/\/site.ifes.edu.br\/lab-instrumentacao\/roteiro-camera-escura\/\">Roteiro C\u00e2mera Escura &#8211; Roger Broetto e Savio Heringer<\/a><\/p><\/blockquote>\n<p><iframe class=\"wp-embedded-content\" sandbox=\"allow-scripts\" security=\"restricted\" style=\"position: absolute; clip: rect(1px, 1px, 1px, 1px);\" title=\"&#8220;Roteiro C\u00e2mera Escura &#8211; Roger Broetto e Savio Heringer&#8221; &#8212; Laborat\u00f3rio de Instrumenta\u00e7\u00e3o - IFES\" src=\"https:\/\/site.ifes.edu.br\/lab-instrumentacao\/roteiro-camera-escura\/embed\/#?secret=XTjF1zJ5CB\" data-secret=\"XTjF1zJ5CB\" width=\"600\" height=\"338\" frameborder=\"0\" marginwidth=\"0\" marginheight=\"0\" scrolling=\"no\"><\/iframe><\/p>\n<blockquote class=\"wp-embedded-content\" data-secret=\"lHmWXBsN3U\"><p><a href=\"https:\/\/site.ifes.edu.br\/lab-instrumentacao\/explorando-a-teoria-das-cores-com-lentes-e-espelhos\/\">Explorando a teoria das cores com lentes e espelhos &#8211; Christian Saymon e Gabriel Das Posses<\/a><\/p><\/blockquote>\n<p><iframe class=\"wp-embedded-content\" sandbox=\"allow-scripts\" security=\"restricted\" style=\"position: absolute; clip: rect(1px, 1px, 1px, 1px);\" title=\"&#8220;Explorando a teoria das cores com lentes e espelhos &#8211; Christian Saymon e Gabriel Das Posses&#8221; &#8212; Laborat\u00f3rio de Instrumenta\u00e7\u00e3o - IFES\" src=\"https:\/\/site.ifes.edu.br\/lab-instrumentacao\/explorando-a-teoria-das-cores-com-lentes-e-espelhos\/embed\/#?secret=lHmWXBsN3U\" data-secret=\"lHmWXBsN3U\" width=\"600\" height=\"338\" frameborder=\"0\" marginwidth=\"0\" marginheight=\"0\" scrolling=\"no\"><\/iframe><\/p>\n","protected":false},"excerpt":{"rendered":"<p>Roteiro experimental &#8211; refra\u00e7\u00e3o da Luz &#8211; Matheus Leone e Henrique Palassi Roteiro &#8211; \u00d3tica Geom\u00e9trica &#8211; Marison e Jo\u00e3o C\u00e9lio Roteiro de \u00d3tica Geom\u00e9trica, princ\u00edpios fundamentais da propaga\u00e7\u00e3o da luz &#8211; Julya e Arthur Simulador de propaga\u00e7\u00e3o de ondas mec\u00e2nicas em meios s\u00f3lidos &#8211; Julya e Arthur Roteiro C\u00e2mera &hellip; <\/p>\n","protected":false},"author":12,"featured_media":0,"parent":0,"menu_order":0,"comment_status":"closed","ping_status":"closed","template":"","meta":{"footnotes":""},"class_list":["post-1178","page","type-page","status-publish","hentry"],"_links":{"self":[{"href":"https:\/\/site.ifes.edu.br\/lab-instrumentacao\/wp-json\/wp\/v2\/pages\/1178"}],"collection":[{"href":"https:\/\/site.ifes.edu.br\/lab-instrumentacao\/wp-json\/wp\/v2\/pages"}],"about":[{"href":"https:\/\/site.ifes.edu.br\/lab-instrumentacao\/wp-json\/wp\/v2\/types\/page"}],"author":[{"embeddable":true,"href":"https:\/\/site.ifes.edu.br\/lab-instrumentacao\/wp-json\/wp\/v2\/users\/12"}],"replies":[{"embeddable":true,"href":"https:\/\/site.ifes.edu.br\/lab-instrumentacao\/wp-json\/wp\/v2\/comments?post=1178"}],"version-history":[{"count":9,"href":"https:\/\/site.ifes.edu.br\/lab-instrumentacao\/wp-json\/wp\/v2\/pages\/1178\/revisions"}],"predecessor-version":[{"id":1310,"href":"https:\/\/site.ifes.edu.br\/lab-instrumentacao\/wp-json\/wp\/v2\/pages\/1178\/revisions\/1310"}],"wp:attachment":[{"href":"https:\/\/site.ifes.edu.br\/lab-instrumentacao\/wp-json\/wp\/v2\/media?parent=1178"}],"curies":[{"name":"wp","href":"https:\/\/api.w.org\/{rel}","templated":true}]}}