{"id":1042,"date":"2023-07-06T19:41:52","date_gmt":"2023-07-06T22:41:52","guid":{"rendered":"https:\/\/site.ifes.edu.br\/lab-instrumentacao\/?page_id=1042"},"modified":"2023-07-06T19:41:53","modified_gmt":"2023-07-06T22:41:53","slug":"experimento-associacao-de-resistores","status":"publish","type":"page","link":"https:\/\/site.ifes.edu.br\/lab-instrumentacao\/experimento-associacao-de-resistores\/","title":{"rendered":"Experimento: Associa\u00e7\u00e3o de Resistores"},"content":{"rendered":"\n<div class=\"wp-block-media-text alignwide is-stacked-on-mobile\"><figure class=\"wp-block-media-text__media\"><img fetchpriority=\"high\" decoding=\"async\" width=\"387\" height=\"335\" src=\"https:\/\/site.ifes.edu.br\/lab-instrumentacao\/wp-content\/uploads\/sites\/15\/2022\/06\/image.png\" alt=\"\" class=\"wp-image-172\" srcset=\"https:\/\/site.ifes.edu.br\/lab-instrumentacao\/wp-content\/uploads\/sites\/15\/2022\/06\/image.png 387w, https:\/\/site.ifes.edu.br\/lab-instrumentacao\/wp-content\/uploads\/sites\/15\/2022\/06\/image-300x260.png 300w, https:\/\/site.ifes.edu.br\/lab-instrumentacao\/wp-content\/uploads\/sites\/15\/2022\/06\/image-69x60.png 69w\" sizes=\"(max-width: 387px) 100vw, 387px\" \/><\/figure><div class=\"wp-block-media-text__content\">\n<p style=\"font-size:18px\"><a href=\"https:\/\/site.ifes.edu.br\/lab-instrumentacao\/experimentos\/associacao-de-resistores-2\/\">Roteiro &#8211; Associa\u00e7\u00e3o de Resistores<\/a><\/p>\n\n\n\n<p style=\"font-size:15px\"><a href=\"https:\/\/www.youtube.com\/watch?v=jd7-4t25a5M\">Apresenta\u00e7\u00e3o do Experimento<\/a><\/p>\n<\/div><\/div>\n\n\n\n<p>V\u00eddeo produzido no canal do Youtube do laborat\u00f3rio de instrumenta\u00e7\u00e3o do IFES Campus Cariacica, onde foi explicado sobre o experimento \u201cAssocia\u00e7\u00e3o de Resistores\u201d.<\/p>\n","protected":false},"excerpt":{"rendered":"<p>Roteiro &#8211; Associa\u00e7\u00e3o de Resistores Apresenta\u00e7\u00e3o do Experimento V\u00eddeo produzido no canal do Youtube do laborat\u00f3rio de instrumenta\u00e7\u00e3o do IFES Campus Cariacica, onde foi explicado sobre o experimento \u201cAssocia\u00e7\u00e3o de Resistores\u201d.<\/p>\n","protected":false},"author":12,"featured_media":0,"parent":0,"menu_order":0,"comment_status":"closed","ping_status":"closed","template":"","meta":{"footnotes":""},"class_list":["post-1042","page","type-page","status-publish","hentry"],"_links":{"self":[{"href":"https:\/\/site.ifes.edu.br\/lab-instrumentacao\/wp-json\/wp\/v2\/pages\/1042"}],"collection":[{"href":"https:\/\/site.ifes.edu.br\/lab-instrumentacao\/wp-json\/wp\/v2\/pages"}],"about":[{"href":"https:\/\/site.ifes.edu.br\/lab-instrumentacao\/wp-json\/wp\/v2\/types\/page"}],"author":[{"embeddable":true,"href":"https:\/\/site.ifes.edu.br\/lab-instrumentacao\/wp-json\/wp\/v2\/users\/12"}],"replies":[{"embeddable":true,"href":"https:\/\/site.ifes.edu.br\/lab-instrumentacao\/wp-json\/wp\/v2\/comments?post=1042"}],"version-history":[{"count":1,"href":"https:\/\/site.ifes.edu.br\/lab-instrumentacao\/wp-json\/wp\/v2\/pages\/1042\/revisions"}],"predecessor-version":[{"id":1044,"href":"https:\/\/site.ifes.edu.br\/lab-instrumentacao\/wp-json\/wp\/v2\/pages\/1042\/revisions\/1044"}],"wp:attachment":[{"href":"https:\/\/site.ifes.edu.br\/lab-instrumentacao\/wp-json\/wp\/v2\/media?parent=1042"}],"curies":[{"name":"wp","href":"https:\/\/api.w.org\/{rel}","templated":true}]}}