{"id":1016,"date":"2023-07-06T17:05:26","date_gmt":"2023-07-06T20:05:26","guid":{"rendered":"https:\/\/site.ifes.edu.br\/lab-instrumentacao\/?page_id=1016"},"modified":"2023-07-06T20:02:26","modified_gmt":"2023-07-06T23:02:26","slug":"experimento-foguete","status":"publish","type":"page","link":"https:\/\/site.ifes.edu.br\/lab-instrumentacao\/experimento-foguete\/","title":{"rendered":"Experimento &#8220;foguete&#8221;"},"content":{"rendered":"\n<figure class=\"wp-block-image size-large\"><img fetchpriority=\"high\" decoding=\"async\" width=\"940\" height=\"529\" src=\"https:\/\/site.ifes.edu.br\/lab-instrumentacao\/wp-content\/uploads\/sites\/15\/2023\/07\/image-5.png\" alt=\"\" class=\"wp-image-1017\" srcset=\"https:\/\/site.ifes.edu.br\/lab-instrumentacao\/wp-content\/uploads\/sites\/15\/2023\/07\/image-5.png 940w, https:\/\/site.ifes.edu.br\/lab-instrumentacao\/wp-content\/uploads\/sites\/15\/2023\/07\/image-5-300x169.png 300w, https:\/\/site.ifes.edu.br\/lab-instrumentacao\/wp-content\/uploads\/sites\/15\/2023\/07\/image-5-768x432.png 768w, https:\/\/site.ifes.edu.br\/lab-instrumentacao\/wp-content\/uploads\/sites\/15\/2023\/07\/image-5-107x60.png 107w\" sizes=\"(max-width: 940px) 100vw, 940px\" \/><figcaption><strong><a href=\"https:\/\/www.youtube.com\/watch?v=vgmD-f7b9v4&amp;t\" target=\"_blank\" rel=\"noreferrer noopener\">Experimento foguete<\/a><\/strong><\/figcaption><\/figure>\n\n\n\n<p>V\u00eddeo produzido no canal do Youtube do laborat\u00f3rio de instrumenta\u00e7\u00e3o do IFES Campus Cariacica, onde foi explicado sobre o experimento do &#8220;foguete&#8221;<\/p>\n\n\n\n<p><a href=\"https:\/\/site.ifes.edu.br\/lab-instrumentacao\/foguetes\/\" target=\"_blank\" rel=\"noreferrer noopener\">Roteiro do v\u00eddeo<\/a><\/p>\n","protected":false},"excerpt":{"rendered":"<p>V\u00eddeo produzido no canal do Youtube do laborat\u00f3rio de instrumenta\u00e7\u00e3o do IFES Campus Cariacica, onde foi explicado sobre o experimento do &#8220;foguete&#8221; Roteiro do v\u00eddeo<\/p>\n","protected":false},"author":12,"featured_media":0,"parent":0,"menu_order":0,"comment_status":"closed","ping_status":"closed","template":"","meta":{"footnotes":""},"class_list":["post-1016","page","type-page","status-publish","hentry"],"_links":{"self":[{"href":"https:\/\/site.ifes.edu.br\/lab-instrumentacao\/wp-json\/wp\/v2\/pages\/1016"}],"collection":[{"href":"https:\/\/site.ifes.edu.br\/lab-instrumentacao\/wp-json\/wp\/v2\/pages"}],"about":[{"href":"https:\/\/site.ifes.edu.br\/lab-instrumentacao\/wp-json\/wp\/v2\/types\/page"}],"author":[{"embeddable":true,"href":"https:\/\/site.ifes.edu.br\/lab-instrumentacao\/wp-json\/wp\/v2\/users\/12"}],"replies":[{"embeddable":true,"href":"https:\/\/site.ifes.edu.br\/lab-instrumentacao\/wp-json\/wp\/v2\/comments?post=1016"}],"version-history":[{"count":5,"href":"https:\/\/site.ifes.edu.br\/lab-instrumentacao\/wp-json\/wp\/v2\/pages\/1016\/revisions"}],"predecessor-version":[{"id":1058,"href":"https:\/\/site.ifes.edu.br\/lab-instrumentacao\/wp-json\/wp\/v2\/pages\/1016\/revisions\/1058"}],"wp:attachment":[{"href":"https:\/\/site.ifes.edu.br\/lab-instrumentacao\/wp-json\/wp\/v2\/media?parent=1016"}],"curies":[{"name":"wp","href":"https:\/\/api.w.org\/{rel}","templated":true}]}}