{"id":85,"date":"2020-10-25T18:09:57","date_gmt":"2020-10-25T21:09:57","guid":{"rendered":"https:\/\/site.ifes.edu.br\/grupem\/?page_id=85"},"modified":"2021-04-01T10:52:01","modified_gmt":"2021-04-01T13:52:01","slug":"producoes","status":"publish","type":"page","link":"https:\/\/site.ifes.edu.br\/grupem\/producoes\/","title":{"rendered":"Produ\u00e7\u00f5es"},"content":{"rendered":"\n<p>S\u00e3o muitas produ\u00e7\u00f5es realizadas ao longo dos anos, primamos por apresentar resultados de pesquisas e extens\u00f5es realizadas pelo grupo em suas diversas a\u00e7\u00f5es.\u00a0 As produ\u00e7\u00f5es apresentam mudan\u00e7as te\u00f3ricas e metodol\u00f3gicas ao longo dos anos que traduzem diferentes percursos adotados no grupo.<\/p>\n","protected":false},"excerpt":{"rendered":"<p>S\u00e3o muitas produ\u00e7\u00f5es realizadas ao longo dos anos, primamos por apresentar resultados de pesquisas e extens\u00f5es realizadas pelo grupo em suas diversas a\u00e7\u00f5es.\u00a0 As produ\u00e7\u00f5es apresentam mudan\u00e7as te\u00f3ricas e metodol\u00f3gicas ao longo dos anos que traduzem diferentes percursos adotados no grupo.<\/p>\n","protected":false},"author":5,"featured_media":0,"parent":0,"menu_order":0,"comment_status":"closed","ping_status":"closed","template":"","meta":{"footnotes":""},"class_list":["post-85","page","type-page","status-publish","hentry"],"_links":{"self":[{"href":"https:\/\/site.ifes.edu.br\/grupem\/wp-json\/wp\/v2\/pages\/85"}],"collection":[{"href":"https:\/\/site.ifes.edu.br\/grupem\/wp-json\/wp\/v2\/pages"}],"about":[{"href":"https:\/\/site.ifes.edu.br\/grupem\/wp-json\/wp\/v2\/types\/page"}],"author":[{"embeddable":true,"href":"https:\/\/site.ifes.edu.br\/grupem\/wp-json\/wp\/v2\/users\/5"}],"replies":[{"embeddable":true,"href":"https:\/\/site.ifes.edu.br\/grupem\/wp-json\/wp\/v2\/comments?post=85"}],"version-history":[{"count":2,"href":"https:\/\/site.ifes.edu.br\/grupem\/wp-json\/wp\/v2\/pages\/85\/revisions"}],"predecessor-version":[{"id":386,"href":"https:\/\/site.ifes.edu.br\/grupem\/wp-json\/wp\/v2\/pages\/85\/revisions\/386"}],"wp:attachment":[{"href":"https:\/\/site.ifes.edu.br\/grupem\/wp-json\/wp\/v2\/media?parent=85"}],"curies":[{"name":"wp","href":"https:\/\/api.w.org\/{rel}","templated":true}]}}