{"id":166,"date":"2020-11-13T16:43:24","date_gmt":"2020-11-13T19:43:24","guid":{"rendered":"https:\/\/site.ifes.edu.br\/grupem\/?page_id=166"},"modified":"2025-04-22T19:07:21","modified_gmt":"2025-04-22T22:07:21","slug":"iniciacoes-cientificas","status":"publish","type":"page","link":"https:\/\/site.ifes.edu.br\/grupem\/iniciacoes-cientificas\/","title":{"rendered":"Egressos"},"content":{"rendered":"\r\n<p>Alex Jordane<\/p>\r\n<p>Alexandre Carlos Augusto Souza Nascimento<\/p>\r\n\r\n\r\n\r\n<p>Alexandre Kr\u00fcger Zocolotti<\/p>\r\n\r\n\r\n\r\n<p>Ang\u00e9lica Bergamini Giostri<\/p>\r\n\r\n\r\n\r\n<p>Anna Christina Alcoforado Corr\u00eaa<\/p>\r\n\r\n\r\n\r\n<p>Ariel Wesley Soares<\/p>\r\n\r\n\r\n\r\n<p>Camila dos Santos de Souza<\/p>\r\n<p>Carlos Bruno<\/p>\r\n<p>Caroline da Silva Soares<\/p>\r\n<p>Christoan Tonete Gomes<\/p>\r\n\r\n\r\n\r\n<p>Davi Gasparoni Gomes<\/p>\r\n\r\n\r\n\r\n<p>Danielly Fraga Santana<\/p>\r\n<p>Dayane de Souza Gomes<\/p>\r\n\r\n\r\n\r\n<p>Ebenezer Lopes Ferreira<\/p>\r\n\r\n\r\n\r\n<p>Emerson Clayton do Nascimento Miranda<\/p>\r\n\r\n\r\n\r\n<p>Fabiola Barcelos Risso<\/p>\r\n\r\n\r\n\r\n<p>Fernando Campos Alves<\/p>\r\n\r\n\r\n\r\n<p>Fl\u00e1via Gavinho Ferreira de Ara\u00fajo<\/p>\r\n\r\n\r\n\r\n<p>Francielle Quaresma Farias da Silva<\/p>\r\n<p>Gabriele Gon\u00e7alves Soares<\/p>\r\n<p>Gabrielly dos Anjos de Souza<\/p>\r\n\r\n\r\n\r\n<p>Gilberto de Mello Guerra Junior<\/p>\r\n\r\n\r\n\r\n<p>Glauciony Espiridon<\/p>\r\n\r\n\r\n\r\n<p>Grazzielly Mazzarim Bernades<\/p>\r\n\r\n\r\n\r\n<p>Guilherme Pedruzzi Sunderhus<\/p>\r\n\r\n\r\n\r\n<p>Henrique Ribeiro<\/p>\r\n\r\n\r\n\r\n<p>Ivania Cover<\/p>\r\n\r\n\r\n\r\n<p>Jenifer Heleno Stoffel<\/p>\r\n\r\n\r\n\r\n<p>J\u00e9ssica Monteiro Falquetto<\/p>\r\n\r\n\r\n\r\n<p>Jo\u00e3o Vitor Cardozo Fernandes<\/p>\r\n\r\n\r\n\r\n<p>Jos\u00e9 Alves de Paula<\/p>\r\n\r\n\r\n\r\n<p>Jos\u00e9 Carlos Thompson da Silva<\/p>\r\n\r\n\r\n\r\n<p>Katherine Santos<\/p>\r\n\r\n\r\n\r\n<p>Kevila Cezario de Morais<\/p>\r\n\r\n\r\n\r\n<p>Laira Lamburghini Brand\u00e3o Ribeiro<\/p>\r\n\r\n\r\n\r\n<p>Lauro Chagas e S\u00e1<\/p>\r\n\r\n\r\n\r\n<p>Laysa Alvarenga Nascimento<\/p>\r\n\r\n\r\n\r\n<p>L\u00edvia Silva Oliveira Santos<\/p>\r\n<p>Luana Gon\u00e7alves Moulin<\/p>\r\n<p>Luciano Fonseca Pinto<\/p>\r\n\r\n\r\n\r\n<p>Lydia Marcia Braga Bazet<\/p>\r\n<p>Marcela Mariah Leite Silva<\/p>\r\n\r\n\r\n\r\n<p>Marcela Santana Santos<\/p>\r\n<p>Marcos Paulo Tavares da Silva<\/p>\r\n\r\n\r\n\r\n<p>Maria Cordeiro Moreira Cunillo Zacchei<\/p>\r\n\r\n\r\n\r\n<p>Maria das Dores Damaceno Jardim<\/p>\r\n\r\n\r\n\r\n<p>Marinalva Concei\u00e7\u00e3o de Souza<\/p>\r\n<p>Priscila Chist\u00e9<\/p>\r\n\r\n\r\n\r\n<p>Rafael Jordane de Souza Oliveira<\/p>\r\n\r\n\r\n\r\n<p>Roberta Resurrei\u00e7\u00e3o Souza<\/p>\r\n\r\n\r\n\r\n<p>Rosana Martins Mattiuzzi dos Santos<\/p>\r\n\r\n\r\n\r\n<p>Sabrine Costa Oliveira<\/p>\r\n<p>Samuel Souza Vaz<\/p>\r\n<p>Sarah Guimar\u00e3es Cunha<\/p>\r\n\r\n\r\n\r\n<p>Solange Taranto de Reis<\/p>\r\n<p>Tayrini Vieira Alves<\/p>\r\n\r\n\r\n\r\n<p>Thaciane J\u00e4hring Schunk<\/p>\r\n\r\n\r\n\r\n<p>Thatiana Rocha Silva<\/p>\r\n\r\n\r\n\r\n<p>Thiago Guedes Strassemann<\/p>\r\n\r\n\r\n\r\n<p>Waldil\u00e9ria Silva Viana<\/p>\r\n<p>Zleinda Schultz Kuster<\/p>\r\n","protected":false},"excerpt":{"rendered":"<p>Alex Jordane Alexandre Carlos Augusto Souza Nascimento Alexandre Kr\u00fcger Zocolotti Ang\u00e9lica Bergamini Giostri Anna Christina Alcoforado Corr\u00eaa Ariel Wesley Soares Camila dos Santos de Souza Carlos Bruno Caroline da Silva Soares Christoan Tonete Gomes Davi Gasparoni Gomes Danielly Fraga Santana Dayane de Souza Gomes Ebenezer Lopes Ferreira Emerson Clayton do Nascimento Miranda Fabiola Barcelos Risso &hellip; <a href=\"https:\/\/site.ifes.edu.br\/grupem\/iniciacoes-cientificas\/\" class=\"more-link\">Continue lendo <span class=\"screen-reader-text\">Egressos<\/span> <span class=\"meta-nav\">&rarr;<\/span><\/a><\/p>\n","protected":false},"author":5,"featured_media":0,"parent":0,"menu_order":0,"comment_status":"closed","ping_status":"closed","template":"","meta":{"footnotes":""},"class_list":["post-166","page","type-page","status-publish","hentry"],"_links":{"self":[{"href":"https:\/\/site.ifes.edu.br\/grupem\/wp-json\/wp\/v2\/pages\/166"}],"collection":[{"href":"https:\/\/site.ifes.edu.br\/grupem\/wp-json\/wp\/v2\/pages"}],"about":[{"href":"https:\/\/site.ifes.edu.br\/grupem\/wp-json\/wp\/v2\/types\/page"}],"author":[{"embeddable":true,"href":"https:\/\/site.ifes.edu.br\/grupem\/wp-json\/wp\/v2\/users\/5"}],"replies":[{"embeddable":true,"href":"https:\/\/site.ifes.edu.br\/grupem\/wp-json\/wp\/v2\/comments?post=166"}],"version-history":[{"count":14,"href":"https:\/\/site.ifes.edu.br\/grupem\/wp-json\/wp\/v2\/pages\/166\/revisions"}],"predecessor-version":[{"id":854,"href":"https:\/\/site.ifes.edu.br\/grupem\/wp-json\/wp\/v2\/pages\/166\/revisions\/854"}],"wp:attachment":[{"href":"https:\/\/site.ifes.edu.br\/grupem\/wp-json\/wp\/v2\/media?parent=166"}],"curies":[{"name":"wp","href":"https:\/\/api.w.org\/{rel}","templated":true}]}}