{"id":20,"date":"2021-12-28T16:38:42","date_gmt":"2021-12-28T19:38:42","guid":{"rendered":"https:\/\/site.ifes.edu.br\/gem\/?page_id=20"},"modified":"2021-12-29T16:36:53","modified_gmt":"2021-12-29T19:36:53","slug":"infraestrutura","status":"publish","type":"page","link":"https:\/\/site.ifes.edu.br\/gem\/infraestrutura\/","title":{"rendered":"Infraestrutura"},"content":{"rendered":"\n<p>O grupo de pesquisa GEM \u2013 Gest\u00e3o de energia, m\u00e1quinas e manuten\u00e7\u00e3o compartilha o Laborat\u00f3rio de Energias localizado no IFES-Campus Vit\u00f3ria.<br>O laborat\u00f3rio cont\u00e9m uma \u00e1rea aproximada de 50 m\u00b2 e disponibiliza aos seus usu\u00e1rios:<\/p>\n\n\n\n<ul class=\"wp-block-list\"><li>Esta\u00e7\u00f5es de trabalho com microcomputadores;<\/li><li>Notebooks;<\/li><li>Analisadores de energia;<\/li><li>Medidor de energia solar;<\/li><li>Caixa de calibra\u00e7\u00e3o de rel\u00e9s;<\/li><li>Fontes de tens\u00e3o, mult\u00edmetros, alicates watt\u00edmetros trif\u00e1sicos, pir\u00f4metros, tac\u00f4metros e diversas ferramentas.<\/li><li>O grupo de pesquisa conta ainda com dois pequenos sistemas fotovoltaicos, um est\u00e1tico e outro com rastreamento solar, al\u00e9m de uma esta\u00e7\u00e3o meteorol\u00f3gica, para estudos.<\/li><\/ul>\n\n\n\n<figure class=\"wp-block-image size-large\"><img fetchpriority=\"high\" decoding=\"async\" width=\"1024\" height=\"768\" src=\"https:\/\/site.ifes.edu.br\/gem\/wp-content\/uploads\/sites\/11\/2021\/12\/WhatsApp-Image-2021-12-29-at-13.12.31-1024x768.jpeg\" alt=\"\" class=\"wp-image-23\" srcset=\"https:\/\/site.ifes.edu.br\/gem\/wp-content\/uploads\/sites\/11\/2021\/12\/WhatsApp-Image-2021-12-29-at-13.12.31-1024x768.jpeg 1024w, https:\/\/site.ifes.edu.br\/gem\/wp-content\/uploads\/sites\/11\/2021\/12\/WhatsApp-Image-2021-12-29-at-13.12.31-300x225.jpeg 300w, https:\/\/site.ifes.edu.br\/gem\/wp-content\/uploads\/sites\/11\/2021\/12\/WhatsApp-Image-2021-12-29-at-13.12.31-768x576.jpeg 768w, https:\/\/site.ifes.edu.br\/gem\/wp-content\/uploads\/sites\/11\/2021\/12\/WhatsApp-Image-2021-12-29-at-13.12.31-1536x1153.jpeg 1536w, https:\/\/site.ifes.edu.br\/gem\/wp-content\/uploads\/sites\/11\/2021\/12\/WhatsApp-Image-2021-12-29-at-13.12.31-1200x901.jpeg 1200w, https:\/\/site.ifes.edu.br\/gem\/wp-content\/uploads\/sites\/11\/2021\/12\/WhatsApp-Image-2021-12-29-at-13.12.31.jpeg 1599w\" sizes=\"(max-width: 1024px) 100vw, 1024px\" \/><figcaption>Vista do Laborat\u00f3rio de Energias<\/figcaption><\/figure>\n\n\n\n<p><\/p>\n","protected":false},"excerpt":{"rendered":"<p>O grupo de pesquisa GEM \u2013 Gest\u00e3o de energia, m\u00e1quinas e manuten\u00e7\u00e3o compartilha o Laborat\u00f3rio de Energias localizado no IFES-Campus Vit\u00f3ria.O laborat\u00f3rio cont\u00e9m uma \u00e1rea aproximada de 50 m\u00b2 e disponibiliza aos seus usu\u00e1rios: Esta\u00e7\u00f5es de trabalho com microcomputadores; Notebooks; Analisadores de energia; Medidor de energia solar; Caixa de calibra\u00e7\u00e3o de rel\u00e9s; Fontes de tens\u00e3o, [&hellip;]<\/p>\n","protected":false},"author":9,"featured_media":0,"parent":0,"menu_order":0,"comment_status":"closed","ping_status":"closed","template":"","meta":{"footnotes":""},"class_list":["post-20","page","type-page","status-publish","hentry"],"_links":{"self":[{"href":"https:\/\/site.ifes.edu.br\/gem\/wp-json\/wp\/v2\/pages\/20"}],"collection":[{"href":"https:\/\/site.ifes.edu.br\/gem\/wp-json\/wp\/v2\/pages"}],"about":[{"href":"https:\/\/site.ifes.edu.br\/gem\/wp-json\/wp\/v2\/types\/page"}],"author":[{"embeddable":true,"href":"https:\/\/site.ifes.edu.br\/gem\/wp-json\/wp\/v2\/users\/9"}],"replies":[{"embeddable":true,"href":"https:\/\/site.ifes.edu.br\/gem\/wp-json\/wp\/v2\/comments?post=20"}],"version-history":[{"count":2,"href":"https:\/\/site.ifes.edu.br\/gem\/wp-json\/wp\/v2\/pages\/20\/revisions"}],"predecessor-version":[{"id":24,"href":"https:\/\/site.ifes.edu.br\/gem\/wp-json\/wp\/v2\/pages\/20\/revisions\/24"}],"wp:attachment":[{"href":"https:\/\/site.ifes.edu.br\/gem\/wp-json\/wp\/v2\/media?parent=20"}],"curies":[{"name":"wp","href":"https:\/\/api.w.org\/{rel}","templated":true}]}}