{"id":963,"date":"2024-10-28T18:13:58","date_gmt":"2024-10-28T21:13:58","guid":{"rendered":"https:\/\/site.ifes.edu.br\/cmvv\/?page_id=963"},"modified":"2024-11-03T14:24:10","modified_gmt":"2024-11-03T17:24:10","slug":"artigos-2020","status":"publish","type":"page","link":"https:\/\/site.ifes.edu.br\/cmvv\/artigos-2020\/","title":{"rendered":"Artigos 2020"},"content":{"rendered":"<p style=\"text-align: justify\">1. FRAN\u00c7A, HILDEGARDO S.; ACOSTA, ALEXANDER; JAMAL, ADEEL; ROMAO, WANDERSON; MULLOOR, JEROME; ALMIRALL, JOSE R. <strong>Experimental and ab initio investigation of the products of reaction from -9-tetrahydrocannabinol (-9-THC) and the fast blue BB spot reagent in presumptive drug tests for cannabinoids<\/strong>. FORENSIC CHEMISTRY. v.17, p.100212, 2020. DOI:\u00a0<a href=\"https:\/\/doi.org\/10.1016\/j.forc.2019.100212\" target=\"_blank\" rel=\"noopener\">https:\/\/doi.org\/10.1016\/j.forc.2019.100212<\/a><\/p>\n<p>&nbsp;<\/p>\n<p style=\"text-align: justify\">2. MORO, M. K.; C. NETO, A.; LACERDA JR., VALDEMAR; ROM\u00c3O, W.; CHINELATTO JR, L. S.; CASTRO, E.V.R.; FILGUEIRAS, P. R. \u00a0<strong>FTIR, 1H and\u00a0 13C NMR data fusion to predict crude oils properties. <\/strong>FUEL. v.263, p.116721, 2020. DOI:\u00a0<a href=\"https:\/\/doi.org\/10.1016\/j.fuel.2019.116721\" target=\"_blank\" rel=\"noopener\">https:\/\/doi.org\/10.1016\/j.fuel.2019.116721<\/a><\/p>\n<p>&nbsp;<\/p>\n<p style=\"text-align: justify\">3. OLIVEIRA, BRUNO G.; PIMENTEL, ELISANGELA F.; PEREIRA, ANA C. HERTEL; TOSATO, FL\u00c1VIA; PINTO, FERNANDA E.; VENTURA, JOS\u00c9 A.; ENDRINGER, DENISE C.; ROM\u00c3O, WANDERSON <strong>Phenolic and Glycidic Profiling of Bananas Musa sp Associated with Maturation Stage and Cancer Chemoprevention Activities<\/strong>. MICROCHEMICAL JOURNAL, v.153, p.104391, 2020. DOI:\u00a0<a href=\"https:\/\/doi.org\/10.1016\/j.microc.2019.104391\" target=\"_blank\" rel=\"noopener\">https:\/\/doi.org\/10.1016\/j.microc.2019.104391<\/a><\/p>\n<p>&nbsp;<\/p>\n<p style=\"text-align: justify\">4. BORGES, AUGUSTO SANTOS; MINOZZO, BRUNO RODRIGO; SANTOS, HELOA; ARDISSON, JULIANA SANTA; RODRIGUES, RICARDO PEREIRA; ROM\u00c3O, WANDERSON; BORGES, WARLEY DE SOUZA; GON\u00c7ALVES, RITA DE C\u00c1SSIA RIBEIRO; BELTRAME, FL\u00c1VIO LUIS; KITAGAWA, RODRIGO REZENDE <strong>Plectranthus barbatus Andrews as anti-Helicobacter pylori agent with activity against adenocarcinoma gastric cells<\/strong>. INDUSTRIAL CROPS AND PRODUCTS. v.146, p.112207, 2020. DOI:\u00a0<a href=\"https:\/\/doi.org\/10.1016\/j.indcrop.2020.112207\" target=\"_blank\" rel=\"noopener\">https:\/\/doi.org\/10.1016\/j.indcrop.2020.112207<\/a><\/p>\n<p>&nbsp;<\/p>\n<p style=\"text-align: justify\">5. MARTINS, LUCAS; CUBIDES-ROM\u00c1N, DIANA; DA SILVEIRA, VIVIAN; AQUIJE, GL\u00d3RIA; ROM\u00c3O, WANDERSON; DOS SANTOS, REGINALDO; CUNHA NETO, \u00c1LVARO; LACERDA JR., VALDEMAR <strong>Synthesis of New Phenolic-Schiff Base and Its Application as Antioxidant in Soybean Biodiesel and Corrosion Inhibitor in AISI 1020 Carbon Steel. <\/strong>JOURNAL OF THE BRAZILIAN CHEMICAL SOCIETY. v.31, p.556 &#8211; 565, 2020. DOI:\u00a0<a href=\"http:\/\/dx.doi.org\/10.21577\/0103-5053.20190217\" target=\"_blank\" rel=\"noopener\">http:\/\/dx.doi.org\/10.21577\/0103-5053.20190217<\/a><\/p>\n<p>&nbsp;<\/p>\n<p style=\"text-align: justify\">6. LAZZARI, L. ; DOMINGOS, ELOILSON ; SILVA, L. ; KUZNETSOV, A. ; Rom\u00e3o, W. ; ARAUJO, JOYCE R. . <strong>Kraft lignin and polyethylene terephthalate blends: effect on thermal and mechanical properties.<\/strong> Pol\u00edmeros: ci\u00eancia e Tecnologia, v. 29, p. e2019055, 2020. DOI:\u00a0<a href=\"https:\/\/doi.org\/10.1590\/0104-1428.06618\" target=\"_blank\" rel=\"noopener\">https:\/\/doi.org\/10.1590\/0104-1428.06618<\/a><\/p>\n<p>&nbsp;<\/p>\n<p style=\"text-align: justify\">7. VITTORAZZI, B. V. ; COSTA, R. A. ; ISIDORO, M. M. ; LIMA, K. M. G. ; FILGUEIRAS, P. R. ; Rom\u00e3o, W. . <strong>CLASSIFICANDO C\u00c9DULAS BRASILEIRAS (R$) USANDO AN\u00c1LISE DE IMAGEM POR SMARTPHONE<\/strong>. QUIMICA NOVA, v. 43, p. 447-454, 2020. DOI:\u00a0<a href=\"http:\/\/dx.doi.org\/10.21577\/0100-4042.20170508\" target=\"_blank\" rel=\"noopener\">http:\/\/dx.doi.org\/10.21577\/0100-4042.20170508<\/a><\/p>\n<p>&nbsp;<\/p>\n<p style=\"text-align: justify\">8. PEREIRA, I. ; Rom\u00e3o, W. ; LACERDA JR., VALDEMAR . <strong>APLICA\u00c7\u00c3O DA FLUIDODIN\u00c2MICA COMPUTACIONAL (CFD) E AN\u00c1LISE DE ACELERANTES NA INVESTIGA\u00c7\u00c3O DE INC\u00caNDIO.<\/strong> QUIMICA NOVA, v. 43, p. 540-551, 2020. DOI: <a href=\"http:\/\/dx.doi.org\/10.21577\/0100-4042.20170519\" target=\"_blank\" rel=\"noopener\">http:\/\/dx.doi.org\/10.21577\/0100-4042.20170519<\/a><\/p>\n<p>&nbsp;<\/p>\n<p style=\"text-align: justify\">9. A. FILHO, J. F. ; SANTOS, N. A. ; BORGES, K. B. ; LACERDA JR., VALDEMAR ; Rom\u00e3o, W. . <strong>Fiber Spray Ionization Mass Spectrometry in Forensic Chemistry &#8211; A Screening of Drugs of Abuse and Direct Determination of Cocaine in Urine<\/strong>. RAPID COMMUNICATIONS IN MASS SPECTROMETRY, v. 1, p. e8747, 2020. DOI:\u00a0<a href=\"https:\/\/doi.org\/10.1002\/rcm.8747\" target=\"_blank\" rel=\"noopener\">https:\/\/doi.org\/10.1002\/rcm.8747<\/a><\/p>\n<p>&nbsp;<\/p>\n<p style=\"text-align: justify\">10. COSTA, R. A. ; MORAES, C. ; ROSA, THALLES ; FILGUEIRAS, P. R. ; VITTORAZZI, B. V. ; LIMA, K. M. G. ; Romao, Wanderson . <strong>Quantification of Milk Adulterants (starch, H2O2, and NaClO) using Colorimetric Assays coupled to Smartphone Image Analysis.\u00a0<\/strong>MICROCHEMICAL JOURNAL, v. 156, p. 104968, 2020. DOI:\u00a0<a href=\"https:\/\/doi.org\/10.1016\/j.microc.2020.104968\" target=\"_blank\" rel=\"noopener\">https:\/\/doi.org\/10.1016\/j.microc.2020.104968<\/a><\/p>\n<p>&nbsp;<\/p>\n<p style=\"text-align: justify\">11. SILVA, S. R. C. ; PORTELA, N. A. ; SAD, C. M. ; SOUZA, L. M. ; CIPRIANO, D. F. ; Rom\u00e3o, W. ; FREITAS, JAIR C. C. ; KUSTER, R. M. ; Castro, E.V.R. ; FILGUEIRAS, P. R. .<strong>\u00a0<\/strong><strong>Preparation of a nitrogen oil compound fraction by modified gel silica column chromatography.<\/strong> ENERGY &amp; FUELS, v. 34, p. 5652-5664, 2020. DOI:\u00a0<a href=\"https:\/\/doi.org\/10.1021\/acs.energyfuels.0c00266\" target=\"_blank\" rel=\"noopener\">https:\/\/doi.org\/10.1021\/acs.energyfuels.0c00266<\/a><\/p>\n<p>&nbsp;<\/p>\n<p style=\"text-align: justify\">12. COOMAN, TRAVON ; SANTOS, HELOA ; COX, JOSEPH ; FRANCISCO ALLOCHIO FILHO, JO\u00c3O ; BASTOS BORGES, KEYLLER ; Rom\u00e3o, Wanderson ; ARROYOMORA, LUIS E. . <strong>Development, Validation And Evaluation Of a Quantitative Method For The Analysis Of Twenty-Four New Psychoactive Substances In Oral Fluid By LCMS\/MS.<\/strong> FORENSIC CHEMISTRY, v. 19, p. 100231, 2020. DOI:\u00a0<a href=\"https:\/\/doi.org\/10.1016\/j.forc.2020.100231\" target=\"_blank\" rel=\"noopener\">https:\/\/doi.org\/10.1016\/j.forc.2020.100231<\/a><\/p>\n<p>&nbsp;<\/p>\n<p style=\"text-align: justify\">13. FOLLI, G. S. ; SOUZA, L. M. ; ARAUJO, B. Q. ; Rom\u00e3o, W. ; FILGUEIRAS, P. R. <strong>Estimating the intermediate precision in petroleum analysis by (\u00b1)electrospray ionization Fourier transform ion cyclotron resonance mass spectrometry.\u00a0<\/strong>RAPID COMMUNICATIONS IN MASS SPECTROMETRY, v. 1, p. 1-11, 2020. DOI:\u00a0<a href=\"https:\/\/doi.org\/10.1002\/rcm.8861\" target=\"_blank\" rel=\"noopener\">https:\/\/doi.org\/10.1002\/rcm.8861<\/a><\/p>\n<p>&nbsp;<\/p>\n<p style=\"text-align: justify\">14. MADEIRA, N. C. L. ; RAINHA, K. P. ; MENDONCA, J. ; Junior, V. L. ; CHINELATTO JR, L. S. ; MENEZES, S. M. C. ; PORTO, C. F. ; PINTO, F. E. ; FILGUEIRAS, P. R. ; Romao, Wanderson ; C. NETO, A. . <strong>Study of the influence of <\/strong><strong>resins on the asphaltene aggregates by \u00b9H DOSY NMR.\u00a0<\/strong>ENERGY &amp; FUELS (ONLINE), v. 34, p. 5679- 5688, 2020. DOI:\u00a0<a href=\"https:\/\/doi.org\/10.1021\/acs.energyfuels.0c00333\" target=\"_blank\" rel=\"noopener\">https:\/\/doi.org\/10.1021\/acs.energyfuels.0c00333<\/a><\/p>\n<p>&nbsp;<\/p>\n<p style=\"text-align: justify\">15. FOLLI, G. S. ; NASCIMENTO, M. H. C. ; PAULO, E. H. ; CUNHA, P. H. P. ; Rom\u00e3o, W. ; FILGUEIRAS, PAULO R . Variable selection in support vector regression using angular search algorithm and variance inflation factor. JOURNAL OF CHEMOMETRICS, v. 1, p. e3282, 2020. DOI:\u00a0<a href=\"https:\/\/doi.org\/10.1002\/cem.3282\" target=\"_blank\" rel=\"noopener\">https:\/\/doi.org\/10.1002\/cem.3282<\/a><\/p>\n<p>&nbsp;<\/p>\n<p style=\"text-align: justify\">16. FERREIRA, POLIANNA S. ; MADEIRA, NAT\u00c3 C.L. ; FOLLI, GABRIELY S. ; Rom\u00e3o, Wanderson ; FILGUEIRAS, PAULO R. ; KUSTER, RICARDO M. . <strong>SAP fractions from light, medium and heavy oils: Correlation between chemical profile and stationary phases.\u00a0<\/strong>FUEL, v. 274, p. 117866, 2020. DOI:\u00a0<a href=\"https:\/\/doi.org\/10.1016\/j.fuel.2020.117866\" target=\"_blank\" rel=\"noopener\">https:\/\/doi.org\/10.1016\/j.fuel.2020.117866<\/a><\/p>\n<p>&nbsp;<\/p>\n<p style=\"text-align: justify\">17. SANTOS, N. A. ; MACRINO, C. J. ; A. FILHO, J. F. ; GONCALVES, F. F. ; ALMEIDA, C. M. ; AGOSTINI, F. ; GUIZOLFI, T. ; MOURA, S. ; Junior, V. L. ; FILGUEIRAS, P. R. ; ORTIZ, RAFAEL S ; Rom\u00e3o, W. . <strong>Exploring the chemical profile of designer drugs by ESI(+) and PSI(+) mass spectrometry &#8211; an approach on the fragmentation mechanisms and chemometric analysis.\u00a0<\/strong>Journal of Mass Spectrometry, v. 55, p. e4596, 2020. DOI:\u00a0<a href=\"https:\/\/doi.org\/10.1002\/jms.4596\" target=\"_blank\" rel=\"noopener\">https:\/\/doi.org\/10.1002\/jms.4596<\/a><\/p>\n<p>&nbsp;<\/p>\n<p style=\"text-align: justify\">18. TOSATO, FLAVIA ; BARROS, ELIANE ; CUNHA, DANYELLE ; SANTOS, FRANCINE ; CORR\u00caA, THAYN\u00c1 ; NUNES, AMANDA ; JASTROW, IZABELLA ; SILVEROL, MYLENA ; PINHEIRO, LAYLA ; SEABRA, ALESSANDRO ; FILGUEIRAS, PAULO ; NETO, \u00c1LVARO ; WANG, LEANDRO ; FERREIRA, ERNESTO ; Rom\u00e3o, Wanderson . <strong>AN\u00c1LISE DE AMOSTRAS DE COMBUST\u00cdVEIS POR FOTOMETRIA, NIR PORT\u00c1TIL E RMN DE 1 H &#8211; UMA COMPARA\u00c7\u00c3O COM OS RESULTADOS ENCONTRADOS POR T\u00c9CNICAS NORMATIZADAS.\u00a0<\/strong>QUIMICA NOVA, v. 43, p. 155-167, 2020. DOI:\u00a0<a href=\"http:\/\/dx.doi.org\/10.21577\/0100-4042.20170473\" target=\"_blank\" rel=\"noopener\">http:\/\/dx.doi.org\/10.21577\/0100-4042.20170473<\/a><\/p>\n<p>&nbsp;<\/p>\n<p style=\"text-align: justify\">19. SANTOS, PRISCILLA ; TOSATO, FLAVIA ; CESCONETTO, MIRELLY ; CORR\u00caA, THAYN\u00c1 ; SANTOS, FRANCINE ; LACERDA, VALDEMAR ; PIRES, ANDR\u00c9 ; RIBEIRO, ARACELI ; FILGUEIRAS, PAULO ; Rom\u00e3o, Wanderson . <strong>DETERMINA\u00c7\u00c3O DA AUTENTICIDADE DE AMOSTRAS DE AZEITE COMERCIAIS APREENDIDAS NO ESTADO DO ESP\u00cdRITO SANTO USANDO UM ESPECTROFOT\u00d4METRO PORT\u00c1TIL NA REGI\u00c3O DO NIR.<\/strong> QUIMICA NOVA, v. 43, p. 891-900, 2020. DOI:\u00a0<a href=\"http:\/\/dx.doi.org\/10.21577\/0100-4042.20170550\" target=\"_blank\" rel=\"noopener\">http:\/\/dx.doi.org\/10.21577\/0100-4042.20170550<\/a><\/p>\n<p>&nbsp;<\/p>\n<p style=\"text-align: justify\">20. VANINI, GABRIELA ; BARRA, THAMARA A. ; SOUZA, LINDAMARA M. ; MADEIRA, NAT\u00c3 C.L. ; GOMES, ALEXANDRE O. ; Rom\u00e3o, Wanderson ; AZEVEDO, D\u00c9BORA A. . <strong>Characterization of nonvolatile polar compounds from Brazilian oils by electrospray ionization with FT-ICR MS and Orbitrap-MS.\u00a0<\/strong>FUEL, v. 282, p. 118790, 2020. DOI:\u00a0<a href=\"https:\/\/doi.org\/10.1016\/j.fuel.2020.118790\" target=\"_blank\" rel=\"noopener\">https:\/\/doi.org\/10.1016\/j.fuel.2020.118790<\/a><\/p>\n<p>&nbsp;<\/p>\n<p style=\"text-align: justify\">21. CORREIA, RADIGYA M. ; ANDRADE, RENATO ; TOSATO, FL\u00c1VIA ; NASCIMENTO, MARIANA T. ; PEREIRA, LUCAS L. ; ARA\u00daJO, JO\u00c3O B.S. ; PINTO, FERNANDA E. ; ENDRINGER, DENISE C. ; PADOVAN, MARIA P. ; Castro, Eust\u00e1quio V.R. ; PARTELLI, F\u00c1BIO L. ; FILGUEIRAS, PAULO R. ; LACERDA, VALDEMAR ; Rom\u00e3o, Wanderson . <strong>Analysis of Robusta coffee cultivated in agroforestry systems (AFS) by ESI-FT-ICR MS and portable NIR <\/strong><strong>associated with sensory analysis<\/strong>. JOURNAL OF FOOD COMPOSITION AND ANALYSIS, v. 94, p. 103637, 2020. DOI:\u00a0<a href=\"https:\/\/doi.org\/10.1016\/j.jfca.2020.103637\" target=\"_blank\" rel=\"noopener\">https:\/\/doi.org\/10.1016\/j.jfca.2020.103637<\/a><\/p>\n<p>&nbsp;<\/p>\n<p style=\"text-align: justify\">22. BORGHI, FLAVIA T. ; SANTOS, PRISCILLA C. ; SANTOS, FRANCINE D. ; H. C. NASCIMENTO, M\u00c1RCIA ; CORR\u00caA, THAYN\u00c1 ; CESCONETTO, MIRELLY ; PIRES, ANDR\u00c9 A. ; V. F. N. RIBEIRO, ARACELI ; LACERDA, VALDEMAR ; Rom\u00e3o, Wanderson ; FILGUEIRAS, PAULO R. . <strong>Quantification and classification of vegetable oils in extra virgin olive oil samples using a portable near-infrared spectrometer associated with chemometrics.<\/strong> MICROCHEMICAL JOURNAL, v. 159, p. 105544, 2020. DOI:\u00a0<a href=\"https:\/\/doi.org\/10.1016\/j.microc.2020.105544\" target=\"_blank\" rel=\"noopener\">https:\/\/doi.org\/10.1016\/j.microc.2020.105544<\/a><\/p>\n<p>&nbsp;<\/p>\n<p style=\"text-align: justify\">23. SILVA, LORENA C.R. ; FOLLI, GABRIELLY S. ; SANTOS, LAYLA P. ; BARROS, IAGO H.A.S. ; OLIVEIRA, BRUNO G. ; BORGHI, FL\u00c1VIA T. ; SANTOS, FRANCINE D. DOS ; FILGUEIRAS, PAULO R. ; Rom\u00e3o, Wanderson . <strong>Quantification of beef, pork, and chicken in ground meat using a portable NIR spectrometer.\u00a0<\/strong>VIBRATIONAL SPECTROSCOPY, v. 111, p. 103158, 2020. DOI:\u00a0<a href=\"https:\/\/doi.org\/10.1016\/j.vibspec.2020.103158\" target=\"_blank\" rel=\"noopener\">https:\/\/doi.org\/10.1016\/j.vibspec.2020.103158<\/a><\/p>\n<p>&nbsp;<\/p>\n<p style=\"text-align: justify\">24. COSTA, RAYANA A. ; SANTOS, NAYARA A. ; CORR\u00caA, THAYN\u00c1 S. M. ; WYATT, NATH\u00c1LIA L. P. ; CHAMOUN, CARLOS A. ; CARNEIRO, MARIA T. W. D. ; Rom\u00e3o, Wanderson . <strong>Detection of Pb, Ba, and Sb in Cadaveric Maggots and Pupae by ICP-MS<\/strong>*. JOURNAL OF FORENSIC SCIENCES, v. 65, p. 2188-2193, 2020. DOI:\u00a0<a href=\"https:\/\/doi.org\/10.1111\/1556-4029.14526\" target=\"_blank\" rel=\"noopener\">https:\/\/doi.org\/10.1111\/1556-4029.14526<\/a><\/p>\n<p>&nbsp;<\/p>\n<p style=\"text-align: justify\">25. SILVA, F\u00c1BIO FRAN\u00c7A ; BALTHAZAR, DANIELA SIGNORELLI ; HELLMANN, THAUANY ; SALES, JOAQUIM SILVA ; BARROS SILVA, GYL EANES ; CYRINO, F\u00c1TIMA ZELY GARCIA DE ALMEIDA ; PIRES COSTA, MARIA C\u00c9LIA ; FERNANDES, RAQUEL MARIA TRINDADE ; CUST\u00d3DIO NETO DA SILVA, MARCOS ANTONIO ; BARBOSA, MARIA DO CARMO LACERDA ; Rom\u00e3o, Wanderson ; OLIVEIRA, BRUNO GOMES DE ; VAZ, BONIEK GONTIJO ; BOUSKELA, ELIETE ; NASCIMENTO, MARIA DO DESTERRO SOARES BRAND\u00c3O . <strong>Babassu ( Attalea glassmanii Zona) Nut Oil Is More Effective than Olive Oil for Treating Ischemia-Reperfusion Injury<\/strong>. Evidence-based Complementary and Alternative Medicine, v. 2020, p. 1-9, 2020. DOI:\u00a0<a href=\"https:\/\/doi.org\/10.1155\/2020\/2525871\" target=\"_blank\" rel=\"noopener\">https:\/\/doi.org\/10.1155\/2020\/2525871<\/a><\/p>\n<p>&nbsp;<\/p>\n<p style=\"text-align: justify\">26. SILVA, JARLENE DA C. ; PINTO, FERNANDA E. ; SOUZA, LINDAMARA M. ; Rom\u00e3o, Wanderson ; LOH, WATSON ; LUCAS, ELIZABETE F. . <strong>Chemical Characterization and Interfacial Activity of Molecules Isolated from Brazilian Oils by Adsorption onto Wet Silica Particles.<\/strong> ENERGY &amp; FUELS (ONLINE), v. 34, p. 13552- 13565, 2020. DOI:\u00a0<a href=\"https:\/\/doi.org\/10.1021\/acs.energyfuels.0c01781\" target=\"_blank\" rel=\"noopener\">https:\/\/doi.org\/10.1021\/acs.energyfuels.0c01781<\/a><\/p>\n<p>&nbsp;<\/p>\n<p style=\"text-align: justify\">27. GOMES, A. C. C. ; SIMAS, N. K. ; HERINGER, O. A. ; Rom\u00e3o, W. ; OLIVEIRA, B. P. ; FILGUEIRAS, P. R. ; KUSTER, R. M. ; LUZ, D. A. ; SCHERER, R. . <strong>Sugarcane waste products as source of phytotoxic compounds for agriculture.<\/strong> International journal of recycling organic waste in agriculture, v. 9, p. 385-397, 2020.\u00a0 DOI:\u00a0<a href=\"https:\/\/doi.org\/10.30486\/ijrowa.2020.1885536.1007\" target=\"_blank\" rel=\"noopener\">https:\/\/doi.org\/10.30486\/ijrowa.2020.1885536.1007<\/a><\/p>\n<p>&nbsp;<\/p>\n<p style=\"text-align: justify\">28. ROSA, THALLES R. ; FOLLI, GABRIELY S. ; PACHECO, WAGNER L. S. ; CASTRO, MARCELA P. ; Rom\u00e3o, Wanderson ; FILGUEIRAS, PAULO R. . <strong>DropMS: Petroleomics Data Treatment Based in Web Server for High-Resolution Mass Spectrometry.<\/strong> JOURNAL OF THE AMERICAN SOCIETY FOR MASS SPECTROMETRY, v. 31, p. 1483-1490, 2020. DOI:\u00a0<a href=\"https:\/\/doi.org\/10.1021\/jasms.0c00109\" target=\"_blank\" rel=\"noopener\">https:\/\/doi.org\/10.1021\/jasms.0c00109<\/a><\/p>\n<p style=\"text-align: justify\">\n","protected":false},"excerpt":{"rendered":"<p>1. FRAN\u00c7A, HILDEGARDO S.; ACOSTA, ALEXANDER; JAMAL, ADEEL; ROMAO, WANDERSON; MULLOOR, JEROME; ALMIRALL, JOSE R. Experimental and ab initio investigation of the products of reaction from -9-tetrahydrocannabinol (-9-THC) and the fast blue BB spot reagent in presumptive drug tests for cannabinoids. FORENSIC CHEMISTRY. v.17, p.100212, 2020. DOI:\u00a0https:\/\/doi.org\/10.1016\/j.forc.2019.100212 &nbsp; 2. MORO, M. K.; C. NETO, A.; &hellip; <\/p>\n<p class=\"link-more\"><a href=\"https:\/\/site.ifes.edu.br\/cmvv\/artigos-2020\/\" class=\"more-link\">Continue lendo<span class=\"screen-reader-text\"> &#8220;Artigos 2020&#8221;<\/span><\/a><\/p>\n","protected":false},"author":18,"featured_media":0,"parent":0,"menu_order":0,"comment_status":"closed","ping_status":"closed","template":"","meta":{"footnotes":""},"class_list":["post-963","page","type-page","status-publish","hentry"],"_links":{"self":[{"href":"https:\/\/site.ifes.edu.br\/cmvv\/wp-json\/wp\/v2\/pages\/963"}],"collection":[{"href":"https:\/\/site.ifes.edu.br\/cmvv\/wp-json\/wp\/v2\/pages"}],"about":[{"href":"https:\/\/site.ifes.edu.br\/cmvv\/wp-json\/wp\/v2\/types\/page"}],"author":[{"embeddable":true,"href":"https:\/\/site.ifes.edu.br\/cmvv\/wp-json\/wp\/v2\/users\/18"}],"replies":[{"embeddable":true,"href":"https:\/\/site.ifes.edu.br\/cmvv\/wp-json\/wp\/v2\/comments?post=963"}],"version-history":[{"count":47,"href":"https:\/\/site.ifes.edu.br\/cmvv\/wp-json\/wp\/v2\/pages\/963\/revisions"}],"predecessor-version":[{"id":1332,"href":"https:\/\/site.ifes.edu.br\/cmvv\/wp-json\/wp\/v2\/pages\/963\/revisions\/1332"}],"wp:attachment":[{"href":"https:\/\/site.ifes.edu.br\/cmvv\/wp-json\/wp\/v2\/media?parent=963"}],"curies":[{"name":"wp","href":"https:\/\/api.w.org\/{rel}","templated":true}]}}