{"id":935,"date":"2024-10-28T17:22:29","date_gmt":"2024-10-28T20:22:29","guid":{"rendered":"https:\/\/site.ifes.edu.br\/cmvv\/?page_id=935"},"modified":"2024-11-05T10:45:58","modified_gmt":"2024-11-05T13:45:58","slug":"artigos-2022","status":"publish","type":"page","link":"https:\/\/site.ifes.edu.br\/cmvv\/artigos-2022\/","title":{"rendered":"Artigos 2022"},"content":{"rendered":"<!-- \/wp:paragraph -->\r\n\r\n<!-- wp:paragraph {\"fontSize\":\"small\"} -->\r\n<p style=\"text-align: justify\">1. ROSA, THALLES R.; SIQUEIRA, B. M. M.; COSTA, R. A. ; REIS, J. Z.; PACHECO, W. L. S.; MOURA, P. R. G.; Rom\u00e3o, W.; FILGUEIRAS, P. R.<strong>\u00a0REDGIM como aplicativo de smartphone para aplica\u00e7\u00f5es quimiom\u00e9tricas por meio de an\u00e1lise de imagens: um uso em PLS<\/strong>. QUIMICA NOVA, v. 45, p. 550-559, 2022. DOI:\u00a0<a href=\"http:\/\/dx.doi.org\/10.21577\/0100-4042.20170861\" target=\"_blank\" rel=\"noopener\">http:\/\/dx.doi.org\/10.21577\/0100-4042.20170861<\/a><\/p>\r\n<p>&nbsp;<\/p>\r\n<!-- \/wp:paragraph -->\r\n\r\n<!-- wp:paragraph {\"fontSize\":\"small\"} -->\r\n<p style=\"text-align: justify\">2. COSTA, R. A.; VITTORAZZI, B. V; BRANDAO, J. M. O. B.; Junior, V. L.; FILGUEIRAS, P. R.; Rom\u00e3o, W. Use of a Portable Microscope Combined with a Smartphone to Determine the Authenticity of Brazilian Banknotes and National Driver?s Licenses. JOURNAL OF THE BRAZILIAN CHEMICAL SOCIETY, v. 33, p. 437-445, 2022. <a href=\"https:\/\/doi.org\/10.21577\/0103-5053.20210162\" target=\"_blank\" rel=\"noopener\">https:\/\/doi.org\/10.21577\/0103-5053.20210162<\/a><\/p>\r\n<p>&nbsp;<\/p>\r\n<p style=\"text-align: justify\">3. PARTELLI, F\u00c1BIO L.; Jr, Valdemar Lacerda; Rom\u00e3o, W. <strong>Nutrient accumulation in fruits and grains of black pepper at different ripening stages. <\/strong>CI\u00caNCIA RURAL, v. 52, p. 1-9, 2022. DOI:\u00a0<a href=\"https:\/\/doi.org\/10.1590\/0103-8478cr20210470\" target=\"_blank\" rel=\"noopener\">https:\/\/doi.org\/10.1590\/0103-8478cr20210470<\/a><\/p>\r\n<p>&nbsp;<\/p>\r\n<!-- \/wp:paragraph -->\r\n\r\n<!-- wp:paragraph {\"fontSize\":\"small\"} -->\r\n<p style=\"text-align: justify\">4. BARROS, ELIANE V. ; SOUZA, LINDAMARA M. ; MADEIRA, NAT\u00c3 C.L. ; CHINELATTO, LUIZ S. ; BERTELLI, JULIANA N. ; CARVALHO, ROG\u00c9RIO M. ; Vaz, Boniek G. ; Simas, Rosineide C. ; NETO, ALVARO C. ; LACERDA, VALDEMAR ; Rom\u00e3o, Wanderson .<strong> Isolation of tetrameric acids from naphthenates deposits and characterization by high-resolution analytical techniques.<\/strong> FUEL, v. 308, p. 122065, 2022. DOI:\u00a0<a href=\"https:\/\/doi.org\/10.1016\/j.fuel.2021.122065\" target=\"_blank\" rel=\"noopener\">https:\/\/doi.org\/10.1016\/j.fuel.2021.122065<\/a><\/p>\r\n<p>&nbsp;<\/p>\r\n<p style=\"text-align: justify\">5. M. C. NETO, DORVAL; FOLLI, GABRIELLY S.; Castro, E.V.R.; FILGUEIRAS, P. R.; BORGES, W. S.; Junior, V. L.; Rom\u00e3o, W.<strong>\u00a0ESTUDO DO PERFIL QU\u00cdMICO DE CERVEJAS BRASILEIRAS: UMA AVALIA\u00c7\u00c3O ENTRE AS BEBIDAS ARTESANAIS E INDUSTRIAIS.<\/strong> QUIMICA NOVA, v. 45, p. 518-530, 2022. DOI:\u00a0<a href=\"https:\/\/doi.org\/10.21577\/0100-4042.20170857\" target=\"_blank\" rel=\"noopener\">https:\/\/doi.org\/10.21577\/0100-4042.20170857<\/a><\/p>\r\n<p>&nbsp;<\/p>\r\n<p style=\"text-align: justify\">6. PINTO, FERNANDA E. ; FONSECA, VICTOR R. ; SOUZA, LINDAMARA M. ; TERRA, LUCIANA A. ; SUBRAMANIAN, SREEDHAR ; SIMON, S\u00c9BASTIEN ; SJ\u00d6BLOM, JOHAN ; PEREIRA, THIERES M. ; LACERDA, VALDEMAR ; Rom\u00e3o, Wanderson . <strong>Asphaltenes subfractions characterization and calculation of their solubility parameter using ESI(-) FT-ICR MS: Part II.<\/strong> FUEL, v. 312, p. 122864, 2022. DOI:\u00a0<a href=\"https:\/\/doi.org\/10.1016\/j.fuel.2021.122864\" target=\"_blank\" rel=\"noopener\">https:\/\/doi.org\/10.1016\/j.fuel.2021.122864<\/a><\/p>\r\n<p>&nbsp;<\/p>\r\n<p style=\"text-align: justify\">7. SANTOS, L. P. ; NASCIMENTO, M. H. C. ; BARROS, I. H. A. S. ; SANTOS, N. A. ; Jr, Valdemar Lacerda ; FILGUEIRAS, PAULO ROBERTO ; Rom\u00e3o, W. .<strong> Portable Raman spectroscopy applied to the study of drugs of abuse. <\/strong>JOURNAL OF FORENSIC SCIENCES, v. 67, p. 1399-1416, 2022. DOI:\u00a0<a href=\"https:\/\/doi.org\/10.1111\/1556-4029.15011\" target=\"_blank\" rel=\"noopener\">https:\/\/doi.org\/10.1111\/1556-4029.15011<\/a><\/p>\r\n<p>&nbsp;<\/p>\r\n<p style=\"text-align: justify\">8. NASCIMENTO, M\u00c1RCIA H. C. ; MARCARINI, WENA D. ; FOLLI, GABRIELY S. ; DA SILVA FILHO, WALTER G. ; BARBOSA, LEONARDO L. ; PAULO, ELLISSON HENRIQUE DE ; VASSALLO, PAULA F. ; MILL, JOS\u00c9 G. ; BARAUNA, VAL\u00c9RIO G. ; MARTIN, FRANCIS L. ; de Castro, Eust\u00e1quio V. R. ; Rom\u00e3o, Wanderson ; FILGUEIRAS, PAULO R. . <strong>Noninvasive Diagnostic for COVID-19 from Saliva Biofluid via FTIR Spectroscopy and Multivariate Analysis. <\/strong>ANALYTICAL CHEMISTRY, v. 94, p. 2425-2433, 2022. DOI:\u00a0<a href=\"https:\/\/doi.org\/10.1021\/acs.analchem.1c04162\" target=\"_blank\" rel=\"noopener\">https:\/\/doi.org\/10.1021\/acs.analchem.1c04162<\/a><\/p>\r\n<p>&nbsp;<\/p>\r\n<p style=\"text-align: justify\">9. MADEIRA, N. C. L. ; Jr, Valdemar Lacerda ; Rom\u00e3o, W. . <strong>Characterization of Asphalt Aging by Analytical Techniques: A Review on Progress and Perspectives.<\/strong> ENERGY &amp; FUELS, v. 36, p. 5531-5549, 2022. DOI:\u00a0<a href=\"https:\/\/doi.org\/10.1021\/acs.energyfuels.2c00446\" target=\"_blank\" rel=\"noopener\">https:\/\/doi.org\/10.1021\/acs.energyfuels.2c00446<\/a><\/p>\r\n<p>&nbsp;<\/p>\r\n<p style=\"text-align: justify\">10. BARROS, ELIANE V. ; FILGUEIRAS, PAULO R. ; LACERDA, VALDEMAR ; RODGERS, RYAN P. ; Rom\u00e3o, Wanderson. <strong>Characterization of naphthenic acids in crude oil samples &#8211; A literature review.<\/strong> FUEL, v. 319, p. 123775, 2022.\u00a0<a href=\"https:\/\/doi.org\/10.1016\/j.fuel.2022.123775\" target=\"_blank\" rel=\"noopener\">https:\/\/doi.org\/10.1016\/j.fuel.2022.123775<\/a><\/p>\r\n<p>&nbsp;<\/p>\r\n<!-- \/wp:paragraph -->\r\n\r\n<!-- wp:paragraph {\"fontSize\":\"small\"} -->\r\n<p style=\"text-align: justify\">11. HERTEL PEREIRA, ANA CLAUDIA ; AUER, ANA CAROLINA ; BIEDEL, LAURO ; DE ALMEIDA, CAMILA MEDEIROS ; Rom\u00e3o, Wanderson ; ENDRINGER, DENISE COUTINHO . <strong>Analysis of Gliricidia sepium Leaves by MALDI Mass Spectrometry Imaging<\/strong>. JOURNAL OF THE AMERICAN SOCIETY FOR MASS SPECTROMETRY, v. 33, p. 573-583, 2022. DOI:\u00a0<a href=\"https:\/\/doi.org\/10.1021\/jasms.1c00367\" target=\"_blank\" rel=\"noopener\">https:\/\/doi.org\/10.1021\/jasms.1c00367<\/a><\/p>\r\n<p>&nbsp;<\/p>\r\n<p style=\"text-align: justify\">12. PUPPIN, AUGUSTO ALTO\u00c9 ; SILVA, CRISTIANE LYRIO DA ; RONCHI, SILAS NASCIMENTO ; SILVA, MIRIAN DE ALMEIDA ; LIMA, EWELYNE MIRANDA DE ; OLIVEIRA, BRUNO GOMES DE ; Rom\u00e3o, Wanderson ; BISSOLI, NAZAR\u00c9 SOUZA ; ANDRADE, TADEU UGGERE DE ; ENDRINGER, DENISE COUTINHO ; BRASIL, GIRLANDIA ALEXANDRE . <strong>Chronic treatment with ju\u00e7ara (Euterpe edulis) fruit pulp produces antihypertensive effect and improve on baroreflex sensitivity in Spontaneous Hypertensive Rats (SHR)<\/strong>. RESEARCH, SOCIETY AND DEVELOPMENT, v. 11, p. e5711728995, 2022. DOI:\u00a0<a href=\"https:\/\/doi.org\/10.33448\/rsd-v11i7.28995\" target=\"_blank\" rel=\"noopener\">https:\/\/doi.org\/10.33448\/rsd-v11i7.28995<\/a><\/p>\r\n<p>&nbsp;<\/p>\r\n<p style=\"text-align: justify\">13. SILVA, LORENE COELHO ; CORREIA, AMABEL FERNANDES ; GOMES, JO\u00c3O VICTOR DUTRA ; Rom\u00e3o, Wanderson ; MOTTA, LARISSA CAMPOS ; FAGG, CHRISTOPHER WILLIAM ; MAGALH\u00c3ES, P\u00c9ROLA OLIVEIRA ; SILVEIRA, D\u00c2MARIS ; FONSECA-BAZZO, YRIS MARIA . <strong>Lycorine Alkaloid and Crinum americanum L. (Amaryllidaceae) Extracts Display Antifungal Activity on Clinically Relevant Candida Species.<\/strong> MOLECULES, v. 27, p. 2976, 2022. DOI:\u00a0<a href=\"https:\/\/doi.org\/10.3390\/molecules27092976\" target=\"_blank\" rel=\"noopener\">https:\/\/doi.org\/10.3390\/molecules27092976<\/a><\/p>\r\n<p>&nbsp;<\/p>\r\n<p style=\"text-align: justify\">14. CORREIA, RADIGYA ; CUNHA, PEDRO ; AGNOLETTI, B\u00c1RBARA ; PEREIRA, LUCAS ; PARTELLI, F\u00c1BIO ; FILGUEIRAS, PAULO ; LACERDA, VALDEMAR ; Rom\u00e3o, Wanderson . <strong>INFRAVERMELHO PORT\u00c1TIL NA REGI\u00c3O DO PR\u00d3XIMO (NIR) APLICADO NO CONTROLE DE QUALIDADE DE CAF\u00c9S ADULTERADO POR BORRA. <\/strong>QU\u00cdMICA NOVA (ONLINE), v. 45, p. 392-402, 2022. DOI:\u00a0<a href=\"https:\/\/doi.org\/10.21577\/0100-4042.20170850\" target=\"_blank\" rel=\"noopener\">https:\/\/doi.org\/10.21577\/0100-4042.20170850<\/a><\/p>\r\n<p>&nbsp;<\/p>\r\n<p style=\"text-align: justify\">15. LYRIO, MARCOS ; FEU, AMANDA ; MOTTA, LARISSA ; FIGUEROA, LAURA ; BOASQUEVISQUE, LEONARDO ; PINTO, ROBERTA ; ROSA, ANA ; ARANTES, HERYSON ; BOTTOCIM, RAMON ; FONSECA, VICTOR ; SANTOS, NAYARA ; LACERDA, VALDEMAR ; CASTRO, EUSTAQUIO ; Rom\u00e3o, Wanderson . <strong>COMPARANDO O DESEMPENHO DE DOIS ANALISADORES DE MASSAS (FT-ICR MS &amp; LTQ MS): UMA AULA EXPERIMENTAL SOBRE AN\u00c1LISE DE COMPOSTOS ORG\u00c2NICOS<\/strong>. QU\u00cdMICA NOVA (ONLINE), v. 45, p. 455-465, 2022. DOI:\u00a0<a href=\"https:\/\/doi.org\/10.21577\/0100-4042.20170832\" target=\"_blank\" rel=\"noopener\">https:\/\/doi.org\/10.21577\/0100-4042.20170832<\/a><\/p>\r\n<p>&nbsp;<\/p>\r\n<p style=\"text-align: justify\">16. SANTOS, F. D. ; VIANNA, S. G. T. ; CUNHA, P. H. P. ; FOLLI, G. S. ; PAULO, E. H. ; MORO, M. K. ; Rom\u00e3o, W. ; OLIVEIRA, E. C. ; FILGUEIRAS, P. R.<strong> Characterization of crude oils with a portable NIR spectrometer.<\/strong> MICROCHEMICAL JOURNAL, v. 181, p. 107696, 2022. DOI:\u00a0<a href=\"https:\/\/doi.org\/10.1016\/j.microc.2022.107696\" target=\"_blank\" rel=\"noopener\">https:\/\/doi.org\/10.1016\/j.microc.2022.107696<\/a><\/p>\r\n<p>&nbsp;<\/p>\r\n<p style=\"text-align: justify\">17. DE ALMEIDA, CAMILA M. ; MOTTA, LARISSA C. ; FOLLI, GABRIELY S. ; MARCARINI, WENA D. ; COSTA, CAMILA A. ; VILELA, ANA C. S. ; BARAUNA, VAL\u00c9RIO G. ; MARTIN, FRANCIS L. ; SINGH, MANEESH N. ; CAMPOS, LUCIENE C. G. ; COSTA, N\u00c1DIA L. ; VASSALLO, PAULA F. ; CHAVES, ANDREA R. ; ENDRINGER, DENISE C. ; MILL, JOS\u00c9 G. ; FILGUEIRAS, PAULO R. ; Rom\u00e3o, Wanderson . <strong>MALDI(+) FT-ICR Mass Spectrometry (MS) Combined with Machine Learning toward Saliva-Based Diagnostic Screening for COVID-19<\/strong>. JOURNAL OF PROTEOME RESEARCH, v. 21, p. 1868-1875, 2022. DOI:\u00a0<a href=\"https:\/\/doi.org\/10.1021\/acs.jproteome.2c00148\" target=\"_blank\" rel=\"noopener\">https:\/\/doi.org\/10.1021\/acs.jproteome.2c00148<\/a><\/p>\r\n<p>&nbsp;<\/p>\r\n<p style=\"text-align: justify\">18. FOLLI, GABRIELY S. ; SANTOS, LAYLA P. ; SANTOS, FRANCINE D. ; CUNHA, PEDRO H.P. ; SCHAFFEL, IZABELA F. ; BORGHI, FL\u00c1VIA T. ; BARROS, IAGO H.A.S. ; PIRES, ANDR\u00c9 A. ; RIBEIRO, ARACELI V.F.N. ; Rom\u00e3o, Wanderson ; FILGUEIRAS, PAULO R. <strong> Food analysis by portable NIR spectrometer.<\/strong> Food Chemistry Advances, v. 1, p. 100074, 2022. DOI:\u00a0<a href=\"https:\/\/doi.org\/10.1016\/j.focha.2022.100074\" target=\"_blank\" rel=\"noopener\">https:\/\/doi.org\/10.1016\/j.focha.2022.100074<\/a><\/p>\r\n<p>&nbsp;<\/p>\r\n<p style=\"text-align: justify\">19. LIMA, \u00c2NGELA ; DE PAULA, WENDERSON ; LEITE, IRIS ; GAZOLLA, POLIANA ; DE ABREU, LUCAS ; FONSECA, VICTOR ; Rom\u00e3o, Wanderson ; LACERDA JR., VALDEMAR ; DE QUEIROZ, VAGNER ; TEIXEIRA, R\u00d3BSON ; COSTA, ADILSON . <strong>Synthesis of Eugenol-Fluorinated Triazole Derivatives and Evaluation of Their Fungicidal Activity<\/strong>. JOURNAL OF THE BRAZILIAN CHEMICAL SOCIETY, v. 33, p. 1200-1210, 2022. DOI:\u00a0<a href=\"https:\/\/doi.org\/10.21577\/0103-5053.20220040\" target=\"_blank\" rel=\"noopener\">https:\/\/doi.org\/10.21577\/0103-5053.20220040<\/a><\/p>\r\n<p>&nbsp;<\/p>\r\n<p style=\"text-align: justify\">20. GOMES, WILLIAN DOS SANTOS ; PEREIRA, LUCAS LOUZADA ; FILETE, CRISTHIANE ALTO\u00c9 ; MOREIRA, TA\u00cdS RIZZO ; GUAR\u00c7ONI, ROG\u00c9RIO CARVALHO ; CATARINA DA SILVA OLIVEIRA, EMANUELE ; MORELI, ALDEMAR POLONINI ; GUIMAR\u00c3ES, CLEIDIANA VIEIRA ; SIMMER, MARINALVA MARIA BRATZ ; J\u00daNIOR, VALDEMAR LACERDA ; Rom\u00e3o, Wanderson ; DE CASTRO, EUSTAQUIO VINICIUS RIBEIRO ; PARTELLI, F\u00c1BIO LUIZ . <strong>Changes in the Chemical and Sensory Profile of Coffea canephora var<\/strong>. Conilon Promoted by Carbonic Maceration. Agronomy-Basel, v. 12, p. 2265, 2022. DOI:\u00a0<a href=\"https:\/\/doi.org\/10.3390\/agronomy12102265\" target=\"_blank\" rel=\"noopener\">https:\/\/doi.org\/10.3390\/agronomy12102265<\/a><\/p>\r\n<p>&nbsp;<\/p>\r\n<p style=\"text-align: justify\">21. SODR\u00c9, LUCIANA G.P. ; MARTINS, LAERCIO L. ; ARAUJO, LORRAINE LOUISE G.C. DE ; FRANCO, DANIELLE M.M. ; Vaz, Boniek G. ; Rom\u00e3o, Wanderson ; MERZEL, VAL\u00c9RIA M. ; CRUZ, GEORGIANA F. DA . <strong>Implications of microbial enhanced oil recovery and waterflooding for geochemical interpretation of recovered oils<\/strong>. ANAIS DA ACADEMIA BRASILEIRA DE CI\u00caNCIAS, v. 94, p. 1-19, 2022. DOI:\u00a0<a href=\"https:\/\/doi.org\/10.1590\/0001-3765202220211433\" target=\"_blank\" rel=\"noopener\">https:\/\/doi.org\/10.1590\/0001-3765202220211433<\/a><\/p>\r\n<p>&nbsp;<\/p>\r\n<p style=\"text-align: justify\">22. MARTINS, MATTHEWS S. ; NASCIMENTO, M\u00c1RCIA H. ; BARBOSA, LEONARDO L. ; CAMPOS, LUCIENE C.G. ; SINGH, MANEESH N. ; MARTIN, FRANCIS L. ; Rom\u00e3o, Wanderson ; FILGUEIRAS, PAULO R. ; BARAUNA, VAL\u00c9RIO G. <strong>Detection and quantification using ATR-FTIR spectroscopy of whey protein concentrate adulteration with wheat flour<\/strong>. LWT-FOOD SCIENCE AND TECHNOLOGY, v. 172, p. 114161, 2022. DOI:\u00a0<a href=\"https:\/\/doi.org\/10.1016\/j.lwt.2022.114161\" target=\"_blank\" rel=\"noopener\">https:\/\/doi.org\/10.1016\/j.lwt.2022.114161<\/a><\/p>\r\n<p>&nbsp;<\/p>\r\n<p style=\"text-align: justify\">23. MACRINO, CLEBSON ; BORGES, ALEX ; CUNHA NETO, \u00c1LVARO ; LACERDA JR., VALDEMAR ; Rom\u00e3o, Wanderson . <strong>New Europium(III)-TTA Complex Containing 2-Pyrrolidone as Coligand to Application as Luminescent Sensor: PbII and Ethanol in Gasoline.<\/strong> JOURNAL OF THE BRAZILIAN CHEMICAL SOCIETY, v. 33, p. 173-182, 2022. DOI:\u00a0<a href=\"https:\/\/doi.org\/10.21577\/0103-5053.20210134\" target=\"_blank\" rel=\"noopener\">https:\/\/doi.org\/10.21577\/0103-5053.20210134<\/a><\/p>\r\n<!-- \/wp:paragraph -->\r\n\r\n<!-- wp:paragraph -->\r\n<p style=\"text-align: justify\">\u00a0<\/p>","protected":false},"excerpt":{"rendered":"<p>1. ROSA, THALLES R.; SIQUEIRA, B. M. M.; COSTA, R. A. ; REIS, J. Z.; PACHECO, W. L. S.; MOURA, P. R. G.; Rom\u00e3o, W.; FILGUEIRAS, P. R.\u00a0REDGIM como aplicativo de smartphone para aplica\u00e7\u00f5es quimiom\u00e9tricas por meio de an\u00e1lise de imagens: um uso em PLS. QUIMICA NOVA, v. 45, p. 550-559, 2022. DOI:\u00a0http:\/\/dx.doi.org\/10.21577\/0100-4042.20170861 &nbsp; 2. &hellip; <\/p>\n<p class=\"link-more\"><a href=\"https:\/\/site.ifes.edu.br\/cmvv\/artigos-2022\/\" class=\"more-link\">Continue lendo<span class=\"screen-reader-text\"> &#8220;Artigos 2022&#8221;<\/span><\/a><\/p>\n","protected":false},"author":18,"featured_media":0,"parent":0,"menu_order":0,"comment_status":"closed","ping_status":"closed","template":"","meta":{"footnotes":""},"class_list":["post-935","page","type-page","status-publish","hentry"],"_links":{"self":[{"href":"https:\/\/site.ifes.edu.br\/cmvv\/wp-json\/wp\/v2\/pages\/935"}],"collection":[{"href":"https:\/\/site.ifes.edu.br\/cmvv\/wp-json\/wp\/v2\/pages"}],"about":[{"href":"https:\/\/site.ifes.edu.br\/cmvv\/wp-json\/wp\/v2\/types\/page"}],"author":[{"embeddable":true,"href":"https:\/\/site.ifes.edu.br\/cmvv\/wp-json\/wp\/v2\/users\/18"}],"replies":[{"embeddable":true,"href":"https:\/\/site.ifes.edu.br\/cmvv\/wp-json\/wp\/v2\/comments?post=935"}],"version-history":[{"count":30,"href":"https:\/\/site.ifes.edu.br\/cmvv\/wp-json\/wp\/v2\/pages\/935\/revisions"}],"predecessor-version":[{"id":1473,"href":"https:\/\/site.ifes.edu.br\/cmvv\/wp-json\/wp\/v2\/pages\/935\/revisions\/1473"}],"wp:attachment":[{"href":"https:\/\/site.ifes.edu.br\/cmvv\/wp-json\/wp\/v2\/media?parent=935"}],"curies":[{"name":"wp","href":"https:\/\/api.w.org\/{rel}","templated":true}]}}