{"id":932,"date":"2024-10-28T17:25:06","date_gmt":"2024-10-28T20:25:06","guid":{"rendered":"https:\/\/site.ifes.edu.br\/cmvv\/?page_id=932"},"modified":"2024-10-31T13:08:42","modified_gmt":"2024-10-31T16:08:42","slug":"artigos-2021","status":"publish","type":"page","link":"https:\/\/site.ifes.edu.br\/cmvv\/artigos-2021\/","title":{"rendered":"Artigos 2021"},"content":{"rendered":"<p style=\"text-align: justify\">1. SANTOS, FRANCINE D.; SANTOS, LAYLA P.; CUNHA, PEDRO H.P.; BORGHI, FL\u00c1VIA T.; ROMAO, WANDERSON; de Castro, Eust\u00e1quio V.R.; DE OLIVEIRA, ELCIO C.; FILGUEIRAS, PAULO R. <strong>Discrimination of oils and fuels using a portable NIR spectrometer.<\/strong>\u00a0FUEL, v. 283, p. 118854, 2021. DOI:<a href=\"https:\/\/doi.org\/10.1016\/j.fuel.2020.118854\" target=\"_blank\" rel=\"noreferrer noopener\">https:\/\/doi.org\/10.1016\/j.fuel.2020.118854<\/a><\/p>\r\n<p>&nbsp;<\/p>\r\n<!-- \/wp:paragraph -->\r\n\r\n<!-- wp:paragraph {\"fontSize\":\"small\"} -->\r\n<p style=\"text-align: justify\">2. MACRINO, C. J.; SILVA, E. M.; CUNHA, V. R.; FONSECA, V. R.; C. NETO, A.; ARAUJO, J. R.; Jr, Valdemar Lacerda; ROMAO, W. .<strong>\u00a0Synthesis, Characterization, and Application of Europium(III) Complexes as Luminescent Markers of Banknotes.<\/strong>\u00a0JOURNAL OF THE BRAZILIAN CHEMICAL SOCIETY, p. 1070-1081, 2021. DOI:<a href=\"https:\/\/doi.org\/10.21577\/0103-5053.20210010\" target=\"_blank\" rel=\"noreferrer noopener\">https:\/\/doi.org\/10.21577\/0103-5053.20210010<\/a><\/p>\r\n<p>&nbsp;<\/p>\r\n<!-- \/wp:paragraph -->\r\n\r\n<!-- wp:paragraph {\"fontSize\":\"small\"} -->\r\n<p style=\"text-align: justify\">3. SILVA, L. R. G. ; RODRIGUES, J. G. A. ; FRANCO, J. P. ; SANTOS, L. P. ; DELIA, E. ; Rom\u00e3o, W. ; FERREIRA, R. Q. . <strong>Development of a portable electroanalytical method using nickel modified screen-printed carbon electrode for ethinylestradiol determination in organic fertilizers.<\/strong>\u00a0ECOTOXICOLOGY AND ENVIRONMENTAL SAFETY, v. 208, p. 111430, 2021. DOI:<a href=\"https:\/\/doi.org\/10.1016\/j.ecoenv.2020.111430\" target=\"_blank\" rel=\"noreferrer noopener\">https:\/\/doi.org\/10.1016\/j.ecoenv.2020.111430<\/a><\/p>\r\n<p>&nbsp;<\/p>\r\n<!-- \/wp:paragraph -->\r\n\r\n<!-- wp:paragraph {\"fontSize\":\"small\"} -->\r\n<p style=\"text-align: justify\">4. AMORIM, ZANATA; MACHADO, MAIARA; MORO, MARIANA ; REBOU\u00c7AS, LAURA; DALFIOR, BRUNA; Rom\u00e3o, Wanderson; FILGUEIRAS, PAULO ROBERTO; CARNEIRO, MARIA TEREZA; BRAND\u00c3O, GEISAMANDA. <strong>Study of Inorganic Profiles of Street Cocaine Samples Using ICP-MS and ICP OES<\/strong>. JOURNAL OF THE BRAZILIAN CHEMICAL SOCIETY, v. 32, p. 47-58, 2021. DOI:<a href=\"https:\/\/doi.org\/10.21577\/0103-5053.20200152\" target=\"_blank\" rel=\"noreferrer noopener\">https:\/\/doi.org\/10.21577\/0103-5053.20200152<\/a><\/p>\r\n<p>&nbsp;<\/p>\r\n<!-- \/wp:paragraph -->\r\n\r\n<!-- wp:paragraph {\"fontSize\":\"small\"} -->\r\n<p style=\"text-align: justify\">5. ROSA, MARCELA N.; E SILVA, LARISSA R. V.; LONGATO, GIOVANNA B.; EVANGELISTA, ADRIANE F.; GOMES, IZABELA N. F.; ALVES, ANA LAURA V.; DE OLIVEIRA, BRUNO G.; PINTO, FERNANDA E.; Rom\u00e3o, Wanderson ; DE REZENDE, ALLISSON R.; ARA\u00daJO, ARALI A. C.; OLIVEIRA, LOHANNA S. F. M.; DE M. SOUZA, ALESSANDRA A.; OLIVEIRA, STEPHANIE C.; DE A. RIBEIRO, ROSY IARA M.; SILVA, VIVIANE A. O.; REIS, RUI M. . <strong>Bioprospecting of Natural Compounds from Brazilian Cerrado Biome Plants in Human Cervical Cancer Cell Lines<\/strong>. INTERNATIONAL JOURNAL OF MOLECULAR SCIENCES, v. 22, p. 3383, 2021. DOI:<a href=\"https:\/\/doi.org\/10.3390\/ijms22073383\" target=\"_blank\" rel=\"noreferrer noopener\">https:\/\/doi.org\/10.3390\/ijms22073383<\/a><\/p>\r\n<p>&nbsp;<\/p>\r\n<!-- \/wp:paragraph -->\r\n\r\n<!-- wp:paragraph {\"fontSize\":\"small\"} -->\r\n<p style=\"text-align: justify\">6. DOS SANTOS, NAYARA ARAUJO; DE ALMEIDA, CAMILA MEDEIROS; GON\u00c7ALVES, FERNANDA FACHIM; ORTIZ, RAFAEL SCORSATTO; KUSTER, RICARDO MACHADO; SAQUETTO, DIEMERSON; Rom\u00e3o, Wanderson. <strong>Analysis of Erythroxylum coca Leaves by Imaging Mass Spectrometry (MALDI-FT-ICR IMS)<\/strong>. JOURNAL OF THE AMERICAN SOCIETY FOR MASS SPECTROMETRY, v. 32, p. 946-955, 2021. DOI:<a href=\"https:\/\/doi.org\/10.1021\/jasms.0c00449\" target=\"_blank\" rel=\"noreferrer noopener\">https:\/\/doi.org\/10.1021\/jasms.0c00449<\/a><\/p>","protected":false},"excerpt":{"rendered":"<p>1. SANTOS, FRANCINE D.; SANTOS, LAYLA P.; CUNHA, PEDRO H.P.; BORGHI, FL\u00c1VIA T.; ROMAO, WANDERSON; de Castro, Eust\u00e1quio V.R.; DE OLIVEIRA, ELCIO C.; FILGUEIRAS, PAULO R. Discrimination of oils and fuels using a portable NIR spectrometer.\u00a0FUEL, v. 283, p. 118854, 2021. DOI:https:\/\/doi.org\/10.1016\/j.fuel.2020.118854 &nbsp; 2. MACRINO, C. J.; SILVA, E. M.; CUNHA, V. R.; FONSECA, V. &hellip; <\/p>\n<p class=\"link-more\"><a href=\"https:\/\/site.ifes.edu.br\/cmvv\/artigos-2021\/\" class=\"more-link\">Continue lendo<span class=\"screen-reader-text\"> &#8220;Artigos 2021&#8221;<\/span><\/a><\/p>\n","protected":false},"author":18,"featured_media":0,"parent":0,"menu_order":0,"comment_status":"closed","ping_status":"closed","template":"","meta":{"footnotes":""},"class_list":["post-932","page","type-page","status-publish","hentry"],"_links":{"self":[{"href":"https:\/\/site.ifes.edu.br\/cmvv\/wp-json\/wp\/v2\/pages\/932"}],"collection":[{"href":"https:\/\/site.ifes.edu.br\/cmvv\/wp-json\/wp\/v2\/pages"}],"about":[{"href":"https:\/\/site.ifes.edu.br\/cmvv\/wp-json\/wp\/v2\/types\/page"}],"author":[{"embeddable":true,"href":"https:\/\/site.ifes.edu.br\/cmvv\/wp-json\/wp\/v2\/users\/18"}],"replies":[{"embeddable":true,"href":"https:\/\/site.ifes.edu.br\/cmvv\/wp-json\/wp\/v2\/comments?post=932"}],"version-history":[{"count":6,"href":"https:\/\/site.ifes.edu.br\/cmvv\/wp-json\/wp\/v2\/pages\/932\/revisions"}],"predecessor-version":[{"id":1261,"href":"https:\/\/site.ifes.edu.br\/cmvv\/wp-json\/wp\/v2\/pages\/932\/revisions\/1261"}],"wp:attachment":[{"href":"https:\/\/site.ifes.edu.br\/cmvv\/wp-json\/wp\/v2\/media?parent=932"}],"curies":[{"name":"wp","href":"https:\/\/api.w.org\/{rel}","templated":true}]}}