{"id":927,"date":"2024-10-28T17:17:26","date_gmt":"2024-10-28T20:17:26","guid":{"rendered":"https:\/\/site.ifes.edu.br\/cmvv\/?page_id=927"},"modified":"2024-11-03T23:08:06","modified_gmt":"2024-11-04T02:08:06","slug":"artigos-2023","status":"publish","type":"page","link":"https:\/\/site.ifes.edu.br\/cmvv\/artigos-2023\/","title":{"rendered":"Artigos 2023"},"content":{"rendered":"<p style=\"text-align: justify\">1. ALLOCHIO FILHO, JO\u00c3O FRANCISCO ; PIRES, BRUNA ; SANTOS, NAYARA ; DIONISIO, SARA JOAQUINA ; CONCEI\u00c7\u00c3O, NATH\u00c1LIA ; FEU, AMANDA ; BORGES, WARLEY ; LACERDA JR., VALDEMAR ; ROM\u00c3O, WANDERSON . <strong>Aplica\u00e7\u00e3o da espectrometria de massas com ioniza\u00e7\u00e3o por paper spray e t\u00e9cnicas relacionadas na an\u00e1lise direta de matrizes biol\u00f3gicas para detec\u00e7\u00e3o de drogas &#8211; UMA REVIS\u00c3O.<\/strong> QU\u00cdMICA NOVA (Online), v. 46, p. 972-982, 2023.\u00a0 DOI: <a href=\"http:\/\/dx.doi.org\/10.21577\/0100-4042.20230074\" target=\"_blank\" rel=\"noopener\">http:\/\/dx.doi.org\/10.21577\/0100-4042.20230074<\/a><\/p>\r\n<p>&nbsp;<\/p>\r\n<p style=\"text-align: justify\">2. FERREIRA, JULIANA ; DOS SANTOS, NAYARA ; BORGES, KEYLLER ; CONCEI\u00c7\u00c3O, NATH\u00c1LIA ; BAPTISTA, CLARA ; FRAN\u00c7A, HILDEGARDO ; ROM\u00c3O, WANDERSON. <strong>Synthesis and Characterization of Molecularly Imprinted Polymers for the Determination of Cocaine in Urine Using Microextraction in Packed Sorvent.<\/strong> JOURNAL OF THE BRAZILIAN CHEMICAL SOCIETY, v. 00, p. 1-14, 2023. DOI:\u00a0<a href=\"https:\/\/dx.doi.org\/10.21577\/0103-5053.20230103\" target=\"_blank\" rel=\"noopener\">https:\/\/dx.doi.org\/10.21577\/0103-5053.20230103<\/a><\/p>\r\n<p>&nbsp;<\/p>\r\n<p style=\"text-align: justify\">3. DE JESUS MACRINO, CLEBSON ; ARAUJO DOS SANTOS, NAYARA ; DOS S. CONCEI\u00c7\u00c3O, , NATH\u00c1LIA ; S. D. BAPTISTA, CLARA ; ROM\u00c3O, WANDERSON ; CUNHA NETO, ALVARO . <strong>Isolation of the compound mdma for application as a reference material.<\/strong> REVISTA IFES CI\u00caNCIA, v. 9, p. 01-11, 2023. DOI:\u00a0<a href=\"https:\/\/doi.org\/10.36524\/ric.v9i3.2178\" target=\"_blank\" rel=\"noopener\">https:\/\/doi.org\/10.36524\/ric.v9i3.2178<\/a><\/p>\r\n<p>&nbsp;<\/p>\r\n<p style=\"text-align: justify\">4. FIGUEROA, LAURA ; DOS SANTOS, NAYARA ; SANTIAGO, PEDRO ; Rom\u00e3o, Wanderson ; LACERDA JUNIOR, VALDEMAR ; ELLENA, JAVIER ; MICHELETTI, ANA ; BORGES, WARLEY . <strong>Synthesis and Evaluation of Antibacterial Activity of 1,2,3-Triazole and Ether Derivatives of Paeonol.<\/strong> JOURNAL OF THE BRAZILIAN CHEMICAL SOCIETY, v. 34, p. 25, 2023. DOI:\u00a0<a href=\"https:\/\/dx.doi.org\/10.21577\/0103-5053.20220085\" target=\"_blank\" rel=\"noopener\">https:\/\/dx.doi.org\/10.21577\/0103-5053.20220085<\/a><\/p>\r\n<p>&nbsp;<\/p>\r\n<p style=\"text-align: justify\">5. C. C. FREITAS, JAIR ; EJAZ, MARYAM ; TOCI, ALINE T. ; Rom\u00e3o, Wanderson ; KHIMYAK, YAROSLAV Z. . <strong>Solid-state NMR spectroscopy of roasted and ground coffee samples: evidences for phase heterogeneity and prospects of applications in food screening.<\/strong> FOOD CHEMISTRY, v. 409, p. 135317, 2023. DOI:\u00a0<a href=\"https:\/\/doi.org\/10.1016\/j.foodchem.2022.135317\" target=\"_blank\" rel=\"noopener\">https:\/\/doi.org\/10.1016\/j.foodchem.2022.135317<\/a><\/p>\r\n<p>&nbsp;<\/p>\r\n<p style=\"text-align: justify\">6. ARAUJO DOS SANTOS, NAYARA ; Rom\u00e3o, Wanderson .<strong> Cannabis &#8211; a state of the art about the millenary plant: Part I. <\/strong>FORENSIC CHEMISTRY, v. 32, p. 100470, 2023. DOI:\u00a0<a href=\"https:\/\/doi.org\/10.1016\/j.forc.2023.100470\" target=\"_blank\" rel=\"noopener\">https:\/\/doi.org\/10.1016\/j.forc.2023.100470<\/a><\/p>\r\n<p>&nbsp;<\/p>\r\n<p style=\"text-align: justify\">7. ARAUJO DOS SANTOS, NAYARA ; KERPEL DOS SANTOS, MA\u00cdRA ; ALMIRALL, JOSE ; Rom\u00e3o, Wanderson. <strong>Cannabinomics studies &#8211; A review from colorimetric tests to modern analytical techniques: Part II. <\/strong>FORENSIC CHEMISTRY, v. 1, p. 100477, 2023. DOI:<a href=\"https:\/\/doi.org\/10.1016\/j.forc.2023.100477\" target=\"_blank\" rel=\"noopener\">https:\/\/doi.org\/10.1016\/j.forc.2023.100477<\/a><\/p>\r\n<p>&nbsp;<\/p>\r\n<p style=\"text-align: justify\">8. SILVA, VIVIANE A. O. ; ROSA, MARCELA N. ; GOMES, IZABELA N. F. ; VITAL, PATRIK DA SILVA ; ALVES, ANA LAURA V. ; EVANGELISTA, ADRIANE F. ; LONGATO, GIOVANNA B. ; CARLONI, ADRIANA C. ; OLIVEIRA, BRUNO G. ; PINTO, FERNANDA E. ; Rom\u00e3o, Wanderson ; REZENDE, ALLISSON R. ; ARA\u00daJO, ARALI A. C. ; OLIVEIRA, LOHANNA S. F. M. ; SOUZA, ALESSANDRA A. M. ; OLIVEIRA, STEPHANIE C. ; RIBEIRO, ROSY IARA MACIEL A. ; REIS, RUI M. . <strong>Bio-Prospecting of Crude Leaf Extracts from Thirteen Plants of Brazilian Cerrado Biome on Human Glioma Cell Lines.<\/strong> MOLECULES, v. 28, p. 1394, 2023. DOI:\u00a0<a href=\"https:\/\/doi.org\/10.3390\/molecules28031394\" target=\"_blank\" rel=\"noopener\">https:\/\/doi.org\/10.3390\/molecules28031394<\/a><\/p>\r\n<p>&nbsp;<\/p>\r\n<p style=\"text-align: justify\">9. MORO, MARIANA K. ; de Castro, Eust\u00e1quio V.R. ; Rom\u00e3o, Wanderson ; FILGUEIRAS, PAULO R. .<strong> Data fusion applied in near and mid infrared spectroscopy for crude oil classification.<\/strong> FUEL, v. 340, p. 127580, 2023. DOI:\u00a0<a href=\"https:\/\/doi.org\/10.1016\/j.fuel.2023.127580\" target=\"_blank\" rel=\"noopener\">https:\/\/doi.org\/10.1016\/j.fuel.2023.127580<\/a><\/p>\r\n<!-- \/wp:paragraph -->\r\n\r\n<!-- wp:paragraph {\"fontSize\":\"small\"} -->","protected":false},"excerpt":{"rendered":"<p>1. ALLOCHIO FILHO, JO\u00c3O FRANCISCO ; PIRES, BRUNA ; SANTOS, NAYARA ; DIONISIO, SARA JOAQUINA ; CONCEI\u00c7\u00c3O, NATH\u00c1LIA ; FEU, AMANDA ; BORGES, WARLEY ; LACERDA JR., VALDEMAR ; ROM\u00c3O, WANDERSON . Aplica\u00e7\u00e3o da espectrometria de massas com ioniza\u00e7\u00e3o por paper spray e t\u00e9cnicas relacionadas na an\u00e1lise direta de matrizes biol\u00f3gicas para detec\u00e7\u00e3o de drogas &hellip; <\/p>\n<p class=\"link-more\"><a href=\"https:\/\/site.ifes.edu.br\/cmvv\/artigos-2023\/\" class=\"more-link\">Continue lendo<span class=\"screen-reader-text\"> &#8220;Artigos 2023&#8221;<\/span><\/a><\/p>\n","protected":false},"author":18,"featured_media":0,"parent":0,"menu_order":0,"comment_status":"closed","ping_status":"closed","template":"","meta":{"footnotes":""},"class_list":["post-927","page","type-page","status-publish","hentry"],"_links":{"self":[{"href":"https:\/\/site.ifes.edu.br\/cmvv\/wp-json\/wp\/v2\/pages\/927"}],"collection":[{"href":"https:\/\/site.ifes.edu.br\/cmvv\/wp-json\/wp\/v2\/pages"}],"about":[{"href":"https:\/\/site.ifes.edu.br\/cmvv\/wp-json\/wp\/v2\/types\/page"}],"author":[{"embeddable":true,"href":"https:\/\/site.ifes.edu.br\/cmvv\/wp-json\/wp\/v2\/users\/18"}],"replies":[{"embeddable":true,"href":"https:\/\/site.ifes.edu.br\/cmvv\/wp-json\/wp\/v2\/comments?post=927"}],"version-history":[{"count":20,"href":"https:\/\/site.ifes.edu.br\/cmvv\/wp-json\/wp\/v2\/pages\/927\/revisions"}],"predecessor-version":[{"id":1428,"href":"https:\/\/site.ifes.edu.br\/cmvv\/wp-json\/wp\/v2\/pages\/927\/revisions\/1428"}],"wp:attachment":[{"href":"https:\/\/site.ifes.edu.br\/cmvv\/wp-json\/wp\/v2\/media?parent=927"}],"curies":[{"name":"wp","href":"https:\/\/api.w.org\/{rel}","templated":true}]}}