{"id":841,"date":"2024-10-18T15:55:24","date_gmt":"2024-10-18T18:55:24","guid":{"rendered":"https:\/\/site.ifes.edu.br\/cmvv\/?page_id=841"},"modified":"2026-04-06T13:59:52","modified_gmt":"2026-04-06T16:59:52","slug":"agendas-central-analitica","status":"publish","type":"page","link":"https:\/\/site.ifes.edu.br\/cmvv\/agendas-central-analitica\/","title":{"rendered":"Laborat\u00f3rio de Central Anal\u00edtica"},"content":{"rendered":"\r\n\r\n\r\n<ul>\r\n<li>Esta agenda est\u00e1 disponibilizada apenas para consulta. Para agendamento, favor contactar pelo e-mail\u00a0<a href=\"mailto:servico.cmvvifes@gmail.com\" target=\"_blank\" rel=\"noopener\">servico.cmvvifes@gmail.com<\/a>\u00a0ou presencialmente.<\/li>\r\n<\/ul>\r\n<p><strong><a href=\"https:\/\/calendar.google.com\/calendar\/embed?height=600&amp;wkst=1&amp;ctz=America%2FSao_Paulo&amp;showPrint=0&amp;title=Laborat%C3%B3rio%20de%20Toxicologia&amp;src=NGRkOWU3NDEzNDdhYTU5ZjAwODA1Y2M2ZjNmNjg2NjA3ODQzZjQwNjFjMjg5NDUyMDAxYWYxNzJhZGJkNGM0YUBncm91cC5jYWxlbmRhci5nb29nbGUuY29t&amp;src=MzcyY2RjMzI3ZDMyM2MxZjIxNDRkMzZmZWE2NTVkODhmNTVlZjliMzgwZjY3NmVlYzEwNWM4NmJlNGJjMmQ4MEBncm91cC5jYWxlbmRhci5nb29nbGUuY29t&amp;src=YjdkNzBiYWRiMDhhY2RiOTVlMjc3NDQyZGM0ZjNjNzU5NWQwODI5YzZhNjg3OWUzNjc1Y2VmNjQzYzExNGUzM0Bncm91cC5jYWxlbmRhci5nb29nbGUuY29t&amp;src=NjQ4Mzg3M2E4Mzg4NGE2MDBiODU4NDM5MzViNGQ0MjM3OWRkOTNjMjYyMjUyZGFlNjhiYzczYzQ2MzRhYTllZUBncm91cC5jYWxlbmRhci5nb29nbGUuY29t&amp;src=YmYyNDhmNWM5OTZmMjU3YWQxYmE4YjAzMTc3ZDcwZGI0ZDM0Y2VjNjVhN2QzOWYxMmJjYmRmM2U2ZDEwNDc5YkBncm91cC5jYWxlbmRhci5nb29nbGUuY29t&amp;src=MjUzZWI5NDg1ZTUzZDRjM2NiOTM1ZDczZWFlNGU5NWQyMzZhY2VkMzZiMGFkM2UzNGU4NWI0M2E1MzI5YzFmY0Bncm91cC5jYWxlbmRhci5nb29nbGUuY29t&amp;src=MWRhMjYwOGQ1NjY3NTc0ZDcyYTljMzFhODYzZjY2ZjhmNzA4NmQ0ODFkZmNlYTM3MmJjOWFkMzEwODIxNzMwZUBncm91cC5jYWxlbmRhci5nb29nbGUuY29t&amp;src=NzBlMzEyYjY0ZTk2YWM5YjFhZDJhYTAwMDQ0ZTMzYWYwZTliYjVlZGUyYzJhZDMzNTg1N2RhMWEwYmFiNjUxM0Bncm91cC5jYWxlbmRhci5nb29nbGUuY29t&amp;src=Y2Q0NzhkNTk4OGY0YTRhMTZlOWM2ZTBmNzAzNDlmM2QzNTg2ZmI4YWFkZGVmM2UyZWUyZjk5NzI1NTIyNjJlM0Bncm91cC5jYWxlbmRhci5nb29nbGUuY29t&amp;src=OWZmNDRmOGVhNzE4OWE2ZmZkNDE3ZGFlY2JjNGI4NDhhYjc4YjRmOTk3ODZlNjRiODkzMTU2MDI0ZWFjMWY4MUBncm91cC5jYWxlbmRhci5nb29nbGUuY29t&amp;src=YjJhMWY5OWY1NTMyOTg4ZTBhNGU0YjQ0YjZmYjNlMDY1ZjYxMjIzNjMyYmEyNmI1ZWYyNjM3MDI3MjRhMGVkY0Bncm91cC5jYWxlbmRhci5nb29nbGUuY29t&amp;src=cHQtYnIuYnJhemlsaWFuI2hvbGlkYXlAZ3JvdXAudi5jYWxlbmRhci5nb29nbGUuY29t&amp;color=%23F09300&amp;color=%23A79B8E&amp;color=%238E24AA&amp;color=%23C0CA33&amp;color=%23D81B60&amp;color=%23E67C73&amp;color=%23616161&amp;color=%23F09300&amp;color=%234285F4&amp;color=%23D81B60&amp;color=%23E4C441&amp;color=%230B8043\" target=\"_blank\" rel=\"noopener\">Consulte aqui nossa agenda geral<\/a><\/strong><\/p>\r\n<p>&nbsp;<\/p>\r\n<ul>\r\n<li>Acesse a disponibilidade individual dos equipamentos:<\/li>\r\n<\/ul>\r\n<p><a href=\"https:\/\/calendar.google.com\/calendar\/embed?height=600&amp;wkst=1&amp;ctz=America%2FSao_Paulo&amp;showPrint=0&amp;title=Absor%C3%A7%C3%A3o%20at%C3%B4mica&amp;showTabs=0&amp;src=ZjliNTcyNWQ4MmI4MDEzYTBkODA4YjI2MDU1ZDJlMTdkZGVlNDQxZDEzNTNmOGU1NzAwMjliODZmMzBhZmFiY0Bncm91cC5jYWxlbmRhci5nb29nbGUuY29t&amp;src=cHQtYnIuYnJhemlsaWFuI2hvbGlkYXlAZ3JvdXAudi5jYWxlbmRhci5nb29nbGUuY29t&amp;color=%238E24AA&amp;color=%230B8043\" target=\"_blank\" rel=\"noopener\">Absor\u00e7\u00e3o at\u00f4mica<\/a>*<\/p>\r\n<p><a href=\"https:\/\/calendar.google.com\/calendar\/embed?height=600&amp;wkst=1&amp;ctz=America%2FSao_Paulo&amp;showPrint=0&amp;title=An%C3%A1lise%20elementar&amp;src=NzRjOTc0MzkxZjY2YWYzMGQ1OWVmNDk4YjU2ODRhMmY1MzBiMjVkYjBkNWZkMTE5ZjY4MjU4ZjczZDY5NmQxYkBncm91cC5jYWxlbmRhci5nb29nbGUuY29t&amp;src=cHQtYnIuYnJhemlsaWFuI2hvbGlkYXlAZ3JvdXAudi5jYWxlbmRhci5nb29nbGUuY29t&amp;color=%23795548&amp;color=%230B8043\" target=\"_blank\" rel=\"noopener\">An\u00e1lise elementar<\/a><\/p>\r\n<p><a href=\"https:\/\/calendar.google.com\/calendar\/embed?height=600&amp;wkst=1&amp;ctz=America%2FSao_Paulo&amp;showPrint=0&amp;showTabs=0&amp;title=Centr%C3%ADfuga%20LUMIsizer%20e%20DLS&amp;src=NWRmZjc2YTcxZGEzZDQ5MmZlNWRmY2YzM2JiNTdjM2IzNGIyNDNiYmViMTgyMTdlZGNmOGE0Mzk0NmRlMWQyMUBncm91cC5jYWxlbmRhci5nb29nbGUuY29t&amp;src=N2VjYmNlYjdhOGY5NTM1MjE5ODVjOTA4NjZjYThkZjUyYTJmNzBkYmU0MmQzODZhZDRiZTM4MjJlZDU1ZDAyMkBncm91cC5jYWxlbmRhci5nb29nbGUuY29t&amp;src=cHQtYnIuYnJhemlsaWFuI2hvbGlkYXlAZ3JvdXAudi5jYWxlbmRhci5nb29nbGUuY29t&amp;color=%23D81B60&amp;color=%23F09300&amp;color=%230B8043\" target=\"_blank\" rel=\"noopener\">Centr\u00edfuga LUMIsizer e DLS<\/a><\/p>\r\n<p><a href=\"https:\/\/calendar.google.com\/calendar\/embed?height=600&amp;wkst=1&amp;ctz=America%2FSao_Paulo&amp;showPrint=0&amp;showTabs=0&amp;title=Dens%C3%ADmetro%20e%20Viscodens%C3%ADmetro&amp;src=OGNhMzgxM2QzYmRkMzA1NTc5NjM3ZTQwMTU1ZTQzODRiNjU1NGIzYjFiZmZmMDU0ZmQ0NzRhOTY1YzNiY2E5OEBncm91cC5jYWxlbmRhci5nb29nbGUuY29t&amp;src=OWQzNjQ4ZDE0MDU2MzAzNzEzN2Q4YTUyZTdkZjVmMGU5MGFmZTBkNTZjYzFjODZjZDE2N2M1NDEwZTdkMzE2MkBncm91cC5jYWxlbmRhci5nb29nbGUuY29t&amp;src=cHQtYnIuYnJhemlsaWFuI2hvbGlkYXlAZ3JvdXAudi5jYWxlbmRhci5nb29nbGUuY29t&amp;color=%23E67C73&amp;color=%23E67C73&amp;color=%230B8043\" target=\"_blank\" rel=\"noopener\">Dens\u00edmetro e Viscodens\u00edmetro<\/a><\/p>\r\n<p><a href=\"https:\/\/calendar.google.com\/calendar\/embed?height=600&amp;wkst=1&amp;ctz=America%2FSao_Paulo&amp;showPrint=0&amp;title=Microsc%C3%B3pio%20%C3%B3ptico&amp;showTabs=0&amp;src=ODYxODk5ZjQwMDAzZjIxMGRjZGY1YjYwYTk3Zjg5ZTEyNTIzMWExY2FjNDQ3ZjhkNzIzMjVlYmQyY2RlZDY5ZUBncm91cC5jYWxlbmRhci5nb29nbGUuY29t&amp;src=cHQtYnIuYnJhemlsaWFuI2hvbGlkYXlAZ3JvdXAudi5jYWxlbmRhci5nb29nbGUuY29t&amp;color=%23039BE5&amp;color=%230B8043\" target=\"_blank\" rel=\"noopener\">Microsc\u00f3pio \u00f3ptico<\/a><\/p>\r\n<p><a href=\"https:\/\/calendar.google.com\/calendar\/embed?height=600&amp;wkst=1&amp;ctz=America%2FSao_Paulo&amp;showPrint=0&amp;title=Re%C3%B4metro&amp;showTabs=0&amp;src=MWJhY2UzM2QyMTQwMTE1NjkzOTBjY2NjMzAwYjVmN2UwZWM5NmZjMmFkMGI5YjMzZjU4ZjE4NTRmMjQzMTZhMkBncm91cC5jYWxlbmRhci5nb29nbGUuY29t&amp;src=cHQtYnIuYnJhemlsaWFuI2hvbGlkYXlAZ3JvdXAudi5jYWxlbmRhci5nb29nbGUuY29t&amp;color=%23F4511E&amp;color=%230B8043\" target=\"_blank\" rel=\"noopener\">Re\u00f4metro<\/a>*<\/p>\r\n<p><a href=\"https:\/\/calendar.google.com\/calendar\/embed?height=600&amp;wkst=1&amp;ctz=America%2FSao_Paulo&amp;showPrint=0&amp;showTabs=0&amp;title=Sistemas%20Metrohm&amp;src=NzFiMjNjM2E4OWI1YjY0MTZkMmFkOGUzYWJiZDljYjBmNWNhZDk4NGJkMTc2MDkxZGQ2ZjRlNWEwNjZmNDg0MEBncm91cC5jYWxlbmRhci5nb29nbGUuY29t&amp;src=NWQxNGRhYTdjZTdmZTE1NWU5NTRkYmM1YTA4ZGM2NTY5NjU0YzcyZTExNWZiMTI4ZTFmMDY2Mjc2YWRlNWIzMkBncm91cC5jYWxlbmRhci5nb29nbGUuY29t&amp;src=cHQtYnIuYnJhemlsaWFuI2hvbGlkYXlAZ3JvdXAudi5jYWxlbmRhci5nb29nbGUuY29t&amp;color=%23009688&amp;color=%237CB342&amp;color=%230B8043\" target=\"_blank\" rel=\"noopener\">Sistemas Metrohm<\/a><\/p>\r\n<p><a href=\"https:\/\/calendar.google.com\/calendar\/embed?height=600&amp;wkst=1&amp;ctz=America%2FSao_Paulo&amp;showPrint=0&amp;title=Tensi%C3%B4metro&amp;showTabs=0&amp;src=NjViYjBlMmZlOWJjYjc2OTE2NWI4NDZkNDQ5ZWYzOTg5Yzc3Y2NiYjUzNTdlMWQ5YmI4YjI2MTk0MDVhMjg0N0Bncm91cC5jYWxlbmRhci5nb29nbGUuY29t&amp;src=cHQtYnIuYnJhemlsaWFuI2hvbGlkYXlAZ3JvdXAudi5jYWxlbmRhci5nb29nbGUuY29t&amp;color=%23F6BF26&amp;color=%230B8043\" target=\"_blank\" rel=\"noopener\">Tensi\u00f4metro<\/a><\/p>\r\n<p><em>*Os equipamentos &#8220;Re\u00f4metro&#8221; e &#8220;Absor\u00e7\u00e3o at\u00f4mica&#8221; n\u00e3o poder\u00e3o ser agendados para an\u00e1lises no mesmo dia.<\/em><\/p>\r\n","protected":false},"excerpt":{"rendered":"<p>Esta agenda est\u00e1 disponibilizada apenas para consulta. Para agendamento, favor contactar pelo e-mail\u00a0servico.cmvvifes@gmail.com\u00a0ou presencialmente. Consulte aqui nossa agenda geral &nbsp; Acesse a disponibilidade individual dos equipamentos: Absor\u00e7\u00e3o at\u00f4mica* An\u00e1lise elementar Centr\u00edfuga LUMIsizer e DLS Dens\u00edmetro e Viscodens\u00edmetro Microsc\u00f3pio \u00f3ptico Re\u00f4metro* Sistemas Metrohm Tensi\u00f4metro *Os equipamentos &#8220;Re\u00f4metro&#8221; e &#8220;Absor\u00e7\u00e3o at\u00f4mica&#8221; n\u00e3o poder\u00e3o ser agendados para an\u00e1lises &hellip; <\/p>\n<p class=\"link-more\"><a href=\"https:\/\/site.ifes.edu.br\/cmvv\/agendas-central-analitica\/\" class=\"more-link\">Continue lendo<span class=\"screen-reader-text\"> &#8220;Laborat\u00f3rio de Central Anal\u00edtica&#8221;<\/span><\/a><\/p>\n","protected":false},"author":18,"featured_media":0,"parent":0,"menu_order":0,"comment_status":"closed","ping_status":"closed","template":"","meta":{"footnotes":""},"class_list":["post-841","page","type-page","status-publish","hentry"],"_links":{"self":[{"href":"https:\/\/site.ifes.edu.br\/cmvv\/wp-json\/wp\/v2\/pages\/841"}],"collection":[{"href":"https:\/\/site.ifes.edu.br\/cmvv\/wp-json\/wp\/v2\/pages"}],"about":[{"href":"https:\/\/site.ifes.edu.br\/cmvv\/wp-json\/wp\/v2\/types\/page"}],"author":[{"embeddable":true,"href":"https:\/\/site.ifes.edu.br\/cmvv\/wp-json\/wp\/v2\/users\/18"}],"replies":[{"embeddable":true,"href":"https:\/\/site.ifes.edu.br\/cmvv\/wp-json\/wp\/v2\/comments?post=841"}],"version-history":[{"count":50,"href":"https:\/\/site.ifes.edu.br\/cmvv\/wp-json\/wp\/v2\/pages\/841\/revisions"}],"predecessor-version":[{"id":2055,"href":"https:\/\/site.ifes.edu.br\/cmvv\/wp-json\/wp\/v2\/pages\/841\/revisions\/2055"}],"wp:attachment":[{"href":"https:\/\/site.ifes.edu.br\/cmvv\/wp-json\/wp\/v2\/media?parent=841"}],"curies":[{"name":"wp","href":"https:\/\/api.w.org\/{rel}","templated":true}]}}