{"id":80,"date":"2023-03-02T19:17:25","date_gmt":"2023-03-02T22:17:25","guid":{"rendered":"https:\/\/site.ifes.edu.br\/cmvv\/?page_id=80"},"modified":"2024-11-11T11:13:31","modified_gmt":"2024-11-11T14:13:31","slug":"historia","status":"publish","type":"page","link":"https:\/\/site.ifes.edu.br\/cmvv\/historia\/","title":{"rendered":"Hist\u00f3rico"},"content":{"rendered":"\r\n<p><img fetchpriority=\"high\" decoding=\"async\" class=\"alignleft wp-image-715 size-full\" src=\"https:\/\/site.ifes.edu.br\/cmvv\/wp-content\/uploads\/sites\/19\/2023\/08\/cropped-cropped-Design-sem-nome-6-1.png\" alt=\"\" width=\"250\" height=\"250\" srcset=\"https:\/\/site.ifes.edu.br\/cmvv\/wp-content\/uploads\/sites\/19\/2023\/08\/cropped-cropped-Design-sem-nome-6-1.png 250w, https:\/\/site.ifes.edu.br\/cmvv\/wp-content\/uploads\/sites\/19\/2023\/08\/cropped-cropped-Design-sem-nome-6-1-150x150.png 150w, https:\/\/site.ifes.edu.br\/cmvv\/wp-content\/uploads\/sites\/19\/2023\/08\/cropped-cropped-Design-sem-nome-6-1-100x100.png 100w\" sizes=\"(max-width: 250px) 100vw, 250px\" \/><\/p>\r\n<p>&nbsp;<\/p>\r\n<p style=\"text-align: justify\">Os laborat\u00f3rios do <strong>Centro Multiusu\u00e1rio para o Desenvolvimento Tecnol\u00f3gico e Inova\u00e7\u00e3o de Vila Velha (CMVV)<\/strong> est\u00e3o distribu\u00eddos entre a <strong>Universidade Federal do Esp\u00edrito Santo (UFES)<\/strong> e o <strong>Instituto Federal do Esp\u00edrito Santo (IFES)<\/strong>. O <strong>Laborat\u00f3rio de Petrole\u00f4mica e Forense<\/strong>, localizado no campus Goiabeiras da UFES, atua desde 2011. J\u00e1 no campus Vila Velha do IFES est\u00e3o os <strong>Laborat\u00f3rios de Toxicologia<\/strong> e <strong>Central Anal\u00edtica,<\/strong> inaugurados em 2022.<\/p>\r\n<p style=\"text-align: justify\">Esses laborat\u00f3rios compartilham uma infraestrutura de ponta, equipada com: i) espectr\u00f4metros de massas, como FT-ICR MS, Orbitrap Exploris e LTQ-XL; ii) equipamentos port\u00e1teis, como o espectr\u00f4metro Raman CloudMinds XI\u2122 e o MicroNIR\u2122; iii) cromat\u00f3grafos de alta efici\u00eancia, incluindo o UHPLC Vanquish. Para an\u00e1lise complexa de compostos, destacam-se os cromat\u00f3grafos a g\u00e1s acoplados a espectr\u00f4metros de massas, como o Trace 1610 com o ISQ 7610 MS e o Agilent 8890 GC\/MSD 5977C, amplamente utilizados em estudos petroqu\u00edmicos, an\u00e1lises ambientais e aplica\u00e7\u00f5es forenses.<\/p>\r\n<p style=\"text-align: justify\">O CMVV desenvolve uma ampla gama de pesquisas em diferentes \u00e1reas do conhecimento, com destaque para <strong>petrole\u00f4mica, metabol\u00f4mica, diagn\u00f3stico cl\u00ednico, seguran\u00e7a alimentar, produtos naturais, fruticultura, hortali\u00e7as e agrot\u00f3xicos<\/strong>. A atua\u00e7\u00e3o diversificada do centro tem impulsionado projetos inovadores e a publica\u00e7\u00e3o de estudos cient\u00edficos relevantes, contribuindo para a forma\u00e7\u00e3o de profissionais altamente qualificados. A infraestrutura moderna e os equipamentos de alta tecnologia dispon\u00edveis permitem ao CMVV atender a demandas tanto na \u00e1rea acad\u00eamica quanto em aplica\u00e7\u00f5es industriais e ambientais.<\/p>\r\n<p style=\"text-align: justify\">Com uma equipe multidisciplinar formada por <strong>docentes, t\u00e9cnicos e discentes<\/strong> de gradua\u00e7\u00e3o e p\u00f3s-gradua\u00e7\u00e3o, o centro promove pesquisa colaborativa e excel\u00eancia cient\u00edfica, consolidando-se como um importante polo de desenvolvimento tecnol\u00f3gico e inova\u00e7\u00e3o em n\u00edvel estadual e nacional\u200b.<\/p>\r\n","protected":false},"excerpt":{"rendered":"<p>&nbsp; Os laborat\u00f3rios do Centro Multiusu\u00e1rio para o Desenvolvimento Tecnol\u00f3gico e Inova\u00e7\u00e3o de Vila Velha (CMVV) est\u00e3o distribu\u00eddos entre a Universidade Federal do Esp\u00edrito Santo (UFES) e o Instituto Federal do Esp\u00edrito Santo (IFES). O Laborat\u00f3rio de Petrole\u00f4mica e Forense, localizado no campus Goiabeiras da UFES, atua desde 2011. J\u00e1 no campus Vila Velha do &hellip; <\/p>\n<p class=\"link-more\"><a href=\"https:\/\/site.ifes.edu.br\/cmvv\/historia\/\" class=\"more-link\">Continue lendo<span class=\"screen-reader-text\"> &#8220;Hist\u00f3rico&#8221;<\/span><\/a><\/p>\n","protected":false},"author":18,"featured_media":0,"parent":0,"menu_order":0,"comment_status":"closed","ping_status":"closed","template":"","meta":{"footnotes":""},"class_list":["post-80","page","type-page","status-publish","hentry"],"_links":{"self":[{"href":"https:\/\/site.ifes.edu.br\/cmvv\/wp-json\/wp\/v2\/pages\/80"}],"collection":[{"href":"https:\/\/site.ifes.edu.br\/cmvv\/wp-json\/wp\/v2\/pages"}],"about":[{"href":"https:\/\/site.ifes.edu.br\/cmvv\/wp-json\/wp\/v2\/types\/page"}],"author":[{"embeddable":true,"href":"https:\/\/site.ifes.edu.br\/cmvv\/wp-json\/wp\/v2\/users\/18"}],"replies":[{"embeddable":true,"href":"https:\/\/site.ifes.edu.br\/cmvv\/wp-json\/wp\/v2\/comments?post=80"}],"version-history":[{"count":17,"href":"https:\/\/site.ifes.edu.br\/cmvv\/wp-json\/wp\/v2\/pages\/80\/revisions"}],"predecessor-version":[{"id":1581,"href":"https:\/\/site.ifes.edu.br\/cmvv\/wp-json\/wp\/v2\/pages\/80\/revisions\/1581"}],"wp:attachment":[{"href":"https:\/\/site.ifes.edu.br\/cmvv\/wp-json\/wp\/v2\/media?parent=80"}],"curies":[{"name":"wp","href":"https:\/\/api.w.org\/{rel}","templated":true}]}}