{"id":73,"date":"2023-03-02T19:13:54","date_gmt":"2023-03-02T22:13:54","guid":{"rendered":"https:\/\/site.ifes.edu.br\/cmvv\/?page_id=73"},"modified":"2024-11-03T23:05:35","modified_gmt":"2024-11-04T02:05:35","slug":"apresentacao","status":"publish","type":"page","link":"https:\/\/site.ifes.edu.br\/cmvv\/apresentacao\/","title":{"rendered":"Apresenta\u00e7\u00e3o"},"content":{"rendered":"\r\n<div class=\"wp-block-image\">\r\n<figure class=\"alignright size-large is-resized\"><img fetchpriority=\"high\" decoding=\"async\" class=\"alignnone wp-image-912 size-medium\" src=\"https:\/\/site.ifes.edu.br\/cmvv\/wp-content\/uploads\/sites\/19\/2024\/10\/WhatsApp-Image-2024-10-21-at-09.56.30-300x169.jpeg\" alt=\"\" width=\"300\" height=\"169\" srcset=\"https:\/\/site.ifes.edu.br\/cmvv\/wp-content\/uploads\/sites\/19\/2024\/10\/WhatsApp-Image-2024-10-21-at-09.56.30-300x169.jpeg 300w, https:\/\/site.ifes.edu.br\/cmvv\/wp-content\/uploads\/sites\/19\/2024\/10\/WhatsApp-Image-2024-10-21-at-09.56.30-1024x578.jpeg 1024w, https:\/\/site.ifes.edu.br\/cmvv\/wp-content\/uploads\/sites\/19\/2024\/10\/WhatsApp-Image-2024-10-21-at-09.56.30-768x433.jpeg 768w, https:\/\/site.ifes.edu.br\/cmvv\/wp-content\/uploads\/sites\/19\/2024\/10\/WhatsApp-Image-2024-10-21-at-09.56.30-1536x866.jpeg 1536w, https:\/\/site.ifes.edu.br\/cmvv\/wp-content\/uploads\/sites\/19\/2024\/10\/WhatsApp-Image-2024-10-21-at-09.56.30-2048x1155.jpeg 2048w\" sizes=\"(max-width: 300px) 100vw, 300px\" \/><\/figure>\r\n<\/div>\r\n\r\n\r\n\r\n<p class=\"has-text-align-left\" style=\"text-align: justify\">O\u00a0 <strong>Centro\u00a0 Multiusu\u00e1rio\u00a0 para\u00a0 o Desenvolvimento Tecnol\u00f3gico e Inova\u00e7\u00e3o de Vila Velha (CMVV)<\/strong>, coordenado pelo professor Dr. Wanderson Rom\u00e3o, est\u00e1 localizado nas instala\u00e7\u00f5es\u00a0 do Pr\u00e9dio de Extens\u00e3o Tecnol\u00f3gica do Instituto Federal do Espirito Santo (bloco C).<\/p>\r\n\r\n\r\n\r\n<p class=\"has-text-align-left\" style=\"text-align: justify\">Nossa miss\u00e3o \u00e9 desenvolver projetos de pesquisa e extens\u00e3o tecnol\u00f3gica em diversas \u00e1reas estrat\u00e9gicas. Atuamos em <strong>Ci\u00eancias \u00d4micas<\/strong> \u00a0(metabol\u00f4mica, petrole\u00f4mica, lipid\u00f4mica e prote\u00f4mica), <strong>Ci\u00eancias \u00a0Forenses<\/strong> (bal\u00edstica forense, documentoscopia, \u00a0drogas de abuso e toxicologia forense), \u00a0<strong>Ci\u00eancias dos Alimentos<\/strong> (vinho, azeite, caf\u00e9, \u00a0frutas e verduras), <strong>Agroneg\u00f3cio<\/strong> (fruticultura \u00a0como banana, manga, morango, etc.), <strong>Produtos Naturais<\/strong> (identifica\u00e7\u00e3o e prospec\u00e7\u00e3o de compostos bioativos) e <strong>Diagn\u00f3stico Cl\u00ednico<\/strong> (COVID-19, c\u00e2ncer, doen\u00e7as renais,\u00a0 leishmaniose, endometriose).<\/p>\r\n\r\n\r\n\r\n<div class=\"wp-block-image\">\r\n<figure class=\"aligncenter size-large is-resized\"><img decoding=\"async\" class=\"wp-image-271\" src=\"https:\/\/site.ifes.edu.br\/cmvv\/wp-content\/uploads\/sites\/19\/2023\/03\/image-8.png\" alt=\"\" width=\"528\" height=\"291\" srcset=\"https:\/\/site.ifes.edu.br\/cmvv\/wp-content\/uploads\/sites\/19\/2023\/03\/image-8.png 765w, https:\/\/site.ifes.edu.br\/cmvv\/wp-content\/uploads\/sites\/19\/2023\/03\/image-8-300x165.png 300w\" sizes=\"(max-width: 528px) 100vw, 528px\" \/><\/figure>\r\n<\/div>\r\n\r\n\r\n\r\n<p style=\"text-align: justify\">Para apoiar essas iniciativas, estamos desenvolvendo um parque \u00a0tecnol\u00f3gico equipado com avan\u00e7adas t\u00e9cnicas anal\u00edticas, incluindo a espectrometria de massas de baixa \u00a0e alta resolu\u00e7\u00e3o, espectroscopia na regi\u00e3o do \u00a0infravermelho m\u00e9dio e pr\u00f3ximo, espectroscopia Raman, espectroscopia na regi\u00e3o do ultravioleta, cromatografia l\u00edquida, cromatografia gasosa, analisador elementar e espectroscopia de absor\u00e7\u00e3o at\u00f4mica.<\/p>\r\n<p><img decoding=\"async\" class=\"alignnone wp-image-1424 size-full\" src=\"https:\/\/site.ifes.edu.br\/cmvv\/wp-content\/uploads\/sites\/19\/2024\/11\/Workshop-Petrobras1-1.jpg\" alt=\"\" width=\"956\" height=\"968\" srcset=\"https:\/\/site.ifes.edu.br\/cmvv\/wp-content\/uploads\/sites\/19\/2024\/11\/Workshop-Petrobras1-1.jpg 956w, https:\/\/site.ifes.edu.br\/cmvv\/wp-content\/uploads\/sites\/19\/2024\/11\/Workshop-Petrobras1-1-296x300.jpg 296w, https:\/\/site.ifes.edu.br\/cmvv\/wp-content\/uploads\/sites\/19\/2024\/11\/Workshop-Petrobras1-1-768x778.jpg 768w, https:\/\/site.ifes.edu.br\/cmvv\/wp-content\/uploads\/sites\/19\/2024\/11\/Workshop-Petrobras1-1-100x100.jpg 100w\" sizes=\"(max-width: 767px) 89vw, (max-width: 1000px) 54vw, (max-width: 1071px) 543px, 580px\" \/><\/p>\r\n\r\n\r\n\r\n<p style=\"text-align: justify\">O CMVV mant\u00e9m colabora\u00e7\u00f5es estrat\u00e9gicas com institui\u00e7\u00f5es federais, como a <strong>Universidade Federal do Esp\u00edrito Santo (UFES)<\/strong> \u2013 por meio do Laborat\u00f3rio de Petrole\u00f4mica e Forense no N\u00facleo de Compet\u00eancia em Qu\u00edmica do Petr\u00f3leo \u2013 e a <strong>Universidade Federal de Goi\u00e1s (UFG)<\/strong>, al\u00e9m de parcerias com institui\u00e7\u00f5es privadas, como a <strong>Universidade de Vila Velha (UVV)<\/strong>, e empresas, incluindo a <strong>Petrobras<\/strong>.<\/p>\r\n","protected":false},"excerpt":{"rendered":"<p>O\u00a0 Centro\u00a0 Multiusu\u00e1rio\u00a0 para\u00a0 o Desenvolvimento Tecnol\u00f3gico e Inova\u00e7\u00e3o de Vila Velha (CMVV), coordenado pelo professor Dr. Wanderson Rom\u00e3o, est\u00e1 localizado nas instala\u00e7\u00f5es\u00a0 do Pr\u00e9dio de Extens\u00e3o Tecnol\u00f3gica do Instituto Federal do Espirito Santo (bloco C). Nossa miss\u00e3o \u00e9 desenvolver projetos de pesquisa e extens\u00e3o tecnol\u00f3gica em diversas \u00e1reas estrat\u00e9gicas. Atuamos em Ci\u00eancias \u00d4micas \u00a0(metabol\u00f4mica, &hellip; <\/p>\n<p class=\"link-more\"><a href=\"https:\/\/site.ifes.edu.br\/cmvv\/apresentacao\/\" class=\"more-link\">Continue lendo<span class=\"screen-reader-text\"> &#8220;Apresenta\u00e7\u00e3o&#8221;<\/span><\/a><\/p>\n","protected":false},"author":18,"featured_media":0,"parent":0,"menu_order":0,"comment_status":"closed","ping_status":"closed","template":"","meta":{"footnotes":""},"class_list":["post-73","page","type-page","status-publish","hentry"],"_links":{"self":[{"href":"https:\/\/site.ifes.edu.br\/cmvv\/wp-json\/wp\/v2\/pages\/73"}],"collection":[{"href":"https:\/\/site.ifes.edu.br\/cmvv\/wp-json\/wp\/v2\/pages"}],"about":[{"href":"https:\/\/site.ifes.edu.br\/cmvv\/wp-json\/wp\/v2\/types\/page"}],"author":[{"embeddable":true,"href":"https:\/\/site.ifes.edu.br\/cmvv\/wp-json\/wp\/v2\/users\/18"}],"replies":[{"embeddable":true,"href":"https:\/\/site.ifes.edu.br\/cmvv\/wp-json\/wp\/v2\/comments?post=73"}],"version-history":[{"count":13,"href":"https:\/\/site.ifes.edu.br\/cmvv\/wp-json\/wp\/v2\/pages\/73\/revisions"}],"predecessor-version":[{"id":1425,"href":"https:\/\/site.ifes.edu.br\/cmvv\/wp-json\/wp\/v2\/pages\/73\/revisions\/1425"}],"wp:attachment":[{"href":"https:\/\/site.ifes.edu.br\/cmvv\/wp-json\/wp\/v2\/media?parent=73"}],"curies":[{"name":"wp","href":"https:\/\/api.w.org\/{rel}","templated":true}]}}