{"id":494,"date":"2023-03-15T14:58:22","date_gmt":"2023-03-15T17:58:22","guid":{"rendered":"https:\/\/site.ifes.edu.br\/cmvv\/?page_id=494"},"modified":"2023-03-17T17:42:56","modified_gmt":"2023-03-17T20:42:56","slug":"grupos-de-pesquisa","status":"publish","type":"page","link":"https:\/\/site.ifes.edu.br\/cmvv\/grupos-de-pesquisa\/","title":{"rendered":"Grupos de Pesquisa"},"content":{"rendered":"\n<p class=\"has-text-align-center\">Grupos que manifestam interesse na utiliza\u00e7\u00e3o da infraestrutura e\/ou dos servi\u00e7os Centro Multiusu\u00e1rio para  Desenvolvimento Tecnol\u00f3gico e Inova\u00e7\u00e3o de Vila Velha (CMVV-IFES)<\/p>\n\n\n\n<figure class=\"wp-block-table is-style-stripes\"><table class=\"has-subtle-pale-green-background-color has-fixed-layout has-background\"><thead><tr><th class=\"has-text-align-center\" data-align=\"center\">Grupo de pesquisa<\/th><th class=\"has-text-align-center\" data-align=\"center\">L\u00edder(es)<\/th><th class=\"has-text-align-center\" data-align=\"center\">Link ou Site do Grupo<\/th><\/tr><\/thead><tbody><tr><td class=\"has-text-align-center\" data-align=\"center\">&nbsp;Din\u00e2mica de Transmiss\u00e3o e Complexidade em<br>Helmint\u00edases<\/td><td class=\"has-text-align-center\" data-align=\"center\">&nbsp;Carlos Graeff Teixeira\/<br>Creuza Rachel Vicente<\/td><td class=\"has-text-align-center\" data-align=\"center\"><a href=\"http:\/\/dgp.cnpq.br\/dgp\/espelhogrupo\/6463252688265357\">&nbsp;dgp.cnpq.br\/dgp\/espelhogrupo\/6463252688265357<\/a><\/td><\/tr><tr><td class=\"has-text-align-center\" data-align=\"center\">Grupo de Estudo Aplicado em Produtos Naturais e S\u00edntese Org\u00e2nica<br>(GEAPS)<\/td><td class=\"has-text-align-center\" data-align=\"center\">Adilson Vidal Costa\/<br>Vagner Tebaldi de Queiroz<\/td><td class=\"has-text-align-center\" data-align=\"center\"><a href=\"http:\/\/dgp.cnpq.br\/dgp\/espelhogrupo\/42110\">dgp.cnpq.br\/dgp\/espelhogrupo\/42110<\/a><\/td><\/tr><tr><td class=\"has-text-align-center\" data-align=\"center\">&nbsp;Tecnologias e Educa\u00e7\u00e3o em Qu\u00edmica e Biologia<br>(TEQBio)<\/td><td class=\"has-text-align-center\" data-align=\"center\">&nbsp;Ana Raquel Santos de Medeiros Garcia\/<br>Denise Rocco de Sena<\/td><td class=\"has-text-align-center\" data-align=\"center\"><a href=\"http:\/\/dgp.cnpq.br\/dgp\/espelhogrupo\/9258471337751633\">dgp.cnpq.br\/dgp\/espelhogrupo\/9258471337751633<\/a>&nbsp;<\/td><\/tr><tr><td class=\"has-text-align-center\" data-align=\"center\">Fisiologia e Farmacologia Translacional&nbsp;<\/td><td class=\"has-text-align-center\" data-align=\"center\">Thiago de Melo Costa Pereira\/<br>Elisardo Corral Vasquez<\/td><td class=\"has-text-align-center\" data-align=\"center\"><a href=\"http:\/\/dgp.cnpq.br\/dgp\/espelhogrupo\/1325019827359249\">dgp.cnpq.br\/dgp\/espelhogrupo\/1325019827359249&nbsp;<\/a><\/td><\/tr><tr><td class=\"has-text-align-center\" data-align=\"center\">&nbsp;Prote\u00e7\u00e3o de Plantas<\/td><td class=\"has-text-align-center\" data-align=\"center\">Jos\u00e9 Aires Ventura&nbsp;<\/td><td class=\"has-text-align-center\" data-align=\"center\"><a href=\"http:\/\/dgp.cnpq.br\/dgp\/espelhogrupo\/3009\">&nbsp;dgp.cnpq.br\/dgp\/espelhogrupo\/3009<\/a><\/td><\/tr><tr><td class=\"has-text-align-center\" data-align=\"center\">Produ\u00e7\u00e3o Vegetal<\/td><td class=\"has-text-align-center\" data-align=\"center\">Anderson Mathias Holtz&nbsp;\/<br>Ronilda Lana Aguiar<\/td><td class=\"has-text-align-center\" data-align=\"center\"><a href=\"http:\/\/dgp.cnpq.br\/dgp\/espelhogrupo\/6225816621046377\">dgp.cnpq.br\/dgp\/espelhogrupo\/6225816621046377&nbsp;<\/a><\/td><\/tr><tr><td class=\"has-text-align-center\" data-align=\"center\">&nbsp;Fisiologia Integrativa e Aplicada<\/td><td class=\"has-text-align-center\" data-align=\"center\">Silvana dos Santos Meyrelles\/<br>Agata Lages Gava&nbsp;<\/td><td class=\"has-text-align-center\" data-align=\"center\"><a href=\"http:\/\/dgp.cnpq.br\/dgp\/espelhogrupo\/775240\">dgp.cnpq.br\/dgp\/espelhogrupo\/775240&nbsp;<\/a><\/td><\/tr><tr><td class=\"has-text-align-center\" data-align=\"center\">Laborat\u00f3rio de Tecnologia de Produtos Naturais<\/td><td class=\"has-text-align-center\" data-align=\"center\">Leandro Machado Rocha\/<br>Marcelo Guerra Santos<\/td><td class=\"has-text-align-center\" data-align=\"center\"><a href=\"http:\/\/dgp.cnpq.br\/dgp\/espelhogrupo\/8052193451608891\">dgp.cnpq.br\/dgp\/espelhogrupo\/8052193451608891<\/a><\/td><\/tr><tr><td class=\"has-text-align-center\" data-align=\"center\">&nbsp;Pesquisa, Inova\u00e7\u00e3o &amp; Desenvolvimento Anal\u00edtico (PID Anal\u00edtico)<\/td><td class=\"has-text-align-center\" data-align=\"center\">&nbsp;Keyller Bastos Borges<\/td><td class=\"has-text-align-center\" data-align=\"center\"><a href=\"http:\/\/dgp.cnpq.br\/dgp\/espelhogrupo\/9115339621926241\">dgp.cnpq.br\/dgp\/espelhogrupo\/9115339621926241&nbsp;<\/a><\/td><\/tr><tr><td class=\"has-text-align-center\" data-align=\"center\">Atividades de Produtos Naturais <\/td><td class=\"has-text-align-center\" data-align=\"center\">Rosy Iara Maciel de Azambuja Ribeiro<\/td><td class=\"has-text-align-center\" data-align=\"center\"><a href=\"http:\/\/dgp.cnpq.br\/dgp\/espelhogrupo\/3495\">dgp.cnpq.br\/dgp\/espelhogrupo\/3495<\/a><\/td><\/tr><tr><td class=\"has-text-align-center\" data-align=\"center\">Biotecnologia Vegetal Aplicada a Obten\u00e7\u00e3o de Bioativos Naturais<\/td><td class=\"has-text-align-center\" data-align=\"center\">Marcio Fronza<\/td><td class=\"has-text-align-center\" data-align=\"center\"><a href=\"http:\/\/dgp.cnpq.br\/dgp\/espelhogrupo\/1032666827930904\">dgp.cnpq.br\/dgp\/espelhogrupo\/1032666827930904<\/a><\/td><\/tr><tr><td class=\"has-text-align-center\" data-align=\"center\">Desenvolvimento de Bioprodutos<\/td><td class=\"has-text-align-center\" data-align=\"center\">Hildegardo Seibert Fran\u00e7a<\/td><td class=\"has-text-align-center\" data-align=\"center\"><a href=\"http:\/\/dgp.cnpq.br\/dgp\/espelhogrupo\/779343\">dgp.cnpq.br\/dgp\/espelhogrupo\/779343<\/a><\/td><\/tr><tr><td class=\"has-text-align-center\" data-align=\"center\">Laborat\u00f3rio de An\u00e1lise de Cervejas e Mat\u00e9rias Primas (Lacemp)<\/td><td class=\"has-text-align-center\" data-align=\"center\">Juliano Souza Ribeiro<\/td><td class=\"has-text-align-center\" data-align=\"center\"><a href=\"http:\/\/dgp.cnpq.br\/dgp\/espelhogrupo\/8596774888896922\">dgp.cnpq.br\/dgp\/espelhogrupo\/8596774888896922<\/a><\/td><\/tr><tr><td class=\"has-text-align-center\" data-align=\"center\">Microscopia: Ci\u00eancia e Aplica\u00e7\u00f5es<\/td><td class=\"has-text-align-center\" data-align=\"center\">Gl\u00f3ria Maria de Farias Vi\u00e9gas Aquije<\/td><td class=\"has-text-align-center\" data-align=\"center\"><a href=\"http:\/\/dgp.cnpq.br\/dgp\/espelhogrupo\/4630294207191019\">dgp.cnpq.br\/dgp\/espelhogrupo\/4630294207191019<\/a><\/td><\/tr><tr><td class=\"has-text-align-center\" data-align=\"center\">Desenvolvimento de Novos Materiais<\/td><td class=\"has-text-align-center\" data-align=\"center\">Mauro Cesar Dias<\/td><td class=\"has-text-align-center\" data-align=\"center\"><a href=\"http:\/\/dgp.cnpq.br\/dgp\/espelhogrupo\/541509653134512\">dgp.cnpq.br\/dgp\/espelhogrupo\/541509653134512<\/a><\/td><\/tr><tr><td class=\"has-text-align-center\" data-align=\"center\">N\u00facleos de Pesquisa de Atividades Biol\u00f3gicas de Produtos Naturais e Sint\u00e9ticos<\/td><td class=\"has-text-align-center\" data-align=\"center\">Rodrigo Rezende Kitagawa<\/td><td class=\"has-text-align-center\" data-align=\"center\"><a href=\"http:\/\/dgp.cnpq.br\/dgp\/espelhogrupo\/1030681754801273\">dgp.cnpq.br\/dgp\/espelhogrupo\/1030681754801273<\/a><\/td><\/tr><tr><td class=\"has-text-align-center\" data-align=\"center\">Ci\u00eancias Biom\u00e9dicas e Biotecnol\u00f3gicas<\/td><td class=\"has-text-align-center\" data-align=\"center\">Marcella Leite Porto \/<br>Carine Coneglian de Farias<\/td><td class=\"has-text-align-center\" data-align=\"center\"><a href=\"http:\/\/dgp.cnpq.br\/dgp\/espelhogrupo\/5394120082925600\">dgp.cnpq.br\/dgp\/espelhogrupo\/5394120082925600<\/a><\/td><\/tr><tr><td class=\"has-text-align-center\" data-align=\"center\">Instituto Nacional de Ci\u00eancia e Tecnologia Forense (INCT)<\/td><td class=\"has-text-align-center\" data-align=\"center\">Roberto Esser dos Reis<\/td><td class=\"has-text-align-center\" data-align=\"center\"><a href=\"https:\/\/inctforense.wordpress.com\/\">https:\/\/inctforense.wordpress.com\/<\/a><\/td><\/tr><tr><td class=\"has-text-align-center\" data-align=\"center\">Laborat\u00f3rio de Cromatografia e Espectrometria de Massa<\/td><td class=\"has-text-align-center\" data-align=\"center\">Andr\u00e9a Rodrigues Chaves<\/td><td class=\"has-text-align-center\" data-align=\"center\">h<a href=\"https:\/\/inctforense.wordpress.com\/\">ttps:\/\/inctforense.wordpress.com\/<\/a><\/td><\/tr><tr><td class=\"has-text-align-center\" data-align=\"center\">Fisiopatologia Cardiovascular<\/td><td class=\"has-text-align-center\" data-align=\"center\">Jos\u00e9 Geraldo Mill<\/td><td class=\"has-text-align-center\" data-align=\"center\"><a href=\"https:\/\/ppgcf.ufes.br\/pt-br\">https:\/\/ppgcf.ufes.br\/pt-br<\/a><\/td><\/tr><\/tbody><\/table><\/figure>\n\n\n\n<p><\/p>\n","protected":false},"excerpt":{"rendered":"<p>Grupos que manifestam interesse na utiliza\u00e7\u00e3o da infraestrutura e\/ou dos servi\u00e7os Centro Multiusu\u00e1rio para Desenvolvimento Tecnol\u00f3gico e Inova\u00e7\u00e3o de Vila Velha (CMVV-IFES) Grupo de pesquisa L\u00edder(es) Link ou Site do Grupo &nbsp;Din\u00e2mica de Transmiss\u00e3o e Complexidade emHelmint\u00edases &nbsp;Carlos Graeff Teixeira\/Creuza Rachel Vicente &nbsp;dgp.cnpq.br\/dgp\/espelhogrupo\/6463252688265357 Grupo de Estudo Aplicado em Produtos Naturais e S\u00edntese Org\u00e2nica(GEAPS) Adilson Vidal &hellip; <\/p>\n<p class=\"link-more\"><a href=\"https:\/\/site.ifes.edu.br\/cmvv\/grupos-de-pesquisa\/\" class=\"more-link\">Continue lendo<span class=\"screen-reader-text\"> &#8220;Grupos de Pesquisa&#8221;<\/span><\/a><\/p>\n","protected":false},"author":18,"featured_media":0,"parent":0,"menu_order":0,"comment_status":"closed","ping_status":"closed","template":"","meta":{"footnotes":""},"class_list":["post-494","page","type-page","status-publish","hentry"],"_links":{"self":[{"href":"https:\/\/site.ifes.edu.br\/cmvv\/wp-json\/wp\/v2\/pages\/494"}],"collection":[{"href":"https:\/\/site.ifes.edu.br\/cmvv\/wp-json\/wp\/v2\/pages"}],"about":[{"href":"https:\/\/site.ifes.edu.br\/cmvv\/wp-json\/wp\/v2\/types\/page"}],"author":[{"embeddable":true,"href":"https:\/\/site.ifes.edu.br\/cmvv\/wp-json\/wp\/v2\/users\/18"}],"replies":[{"embeddable":true,"href":"https:\/\/site.ifes.edu.br\/cmvv\/wp-json\/wp\/v2\/comments?post=494"}],"version-history":[{"count":4,"href":"https:\/\/site.ifes.edu.br\/cmvv\/wp-json\/wp\/v2\/pages\/494\/revisions"}],"predecessor-version":[{"id":542,"href":"https:\/\/site.ifes.edu.br\/cmvv\/wp-json\/wp\/v2\/pages\/494\/revisions\/542"}],"wp:attachment":[{"href":"https:\/\/site.ifes.edu.br\/cmvv\/wp-json\/wp\/v2\/media?parent=494"}],"curies":[{"name":"wp","href":"https:\/\/api.w.org\/{rel}","templated":true}]}}