{"id":372,"date":"2023-03-09T16:53:38","date_gmt":"2023-03-09T19:53:38","guid":{"rendered":"https:\/\/site.ifes.edu.br\/cmvv\/?page_id=372"},"modified":"2025-09-01T09:50:37","modified_gmt":"2025-09-01T12:50:37","slug":"laboratorios","status":"publish","type":"page","link":"https:\/\/site.ifes.edu.br\/cmvv\/laboratorios\/","title":{"rendered":"Laborat\u00f3rios"},"content":{"rendered":"\r\n\r\n\r\n<h2 style=\"text-align: center\"><strong>IFES\/Petrole\u00f4mica:<\/strong>\u00a0<\/h2>\r\n<h5 style=\"text-align: center\"><strong>Central Anal\u00edtica<\/strong><\/h5>\r\n<p><img fetchpriority=\"high\" decoding=\"async\" class=\"aligncenter wp-image-1387 size-full\" src=\"https:\/\/site.ifes.edu.br\/cmvv\/wp-content\/uploads\/sites\/19\/2024\/11\/WhatsApp-Image-2024-11-03-at-19.56.28.jpeg\" alt=\"\" width=\"1600\" height=\"1200\" srcset=\"https:\/\/site.ifes.edu.br\/cmvv\/wp-content\/uploads\/sites\/19\/2024\/11\/WhatsApp-Image-2024-11-03-at-19.56.28.jpeg 1600w, https:\/\/site.ifes.edu.br\/cmvv\/wp-content\/uploads\/sites\/19\/2024\/11\/WhatsApp-Image-2024-11-03-at-19.56.28-300x225.jpeg 300w, https:\/\/site.ifes.edu.br\/cmvv\/wp-content\/uploads\/sites\/19\/2024\/11\/WhatsApp-Image-2024-11-03-at-19.56.28-1024x768.jpeg 1024w, https:\/\/site.ifes.edu.br\/cmvv\/wp-content\/uploads\/sites\/19\/2024\/11\/WhatsApp-Image-2024-11-03-at-19.56.28-768x576.jpeg 768w, https:\/\/site.ifes.edu.br\/cmvv\/wp-content\/uploads\/sites\/19\/2024\/11\/WhatsApp-Image-2024-11-03-at-19.56.28-1536x1152.jpeg 1536w\" sizes=\"(max-width: 767px) 89vw, (max-width: 1000px) 54vw, (max-width: 1071px) 543px, 580px\" \/><\/p>\r\n<p><img decoding=\"async\" class=\"aligncenter wp-image-1386 size-full\" src=\"https:\/\/site.ifes.edu.br\/cmvv\/wp-content\/uploads\/sites\/19\/2024\/11\/20241021_122048-scaled.jpeg\" alt=\"\" width=\"2560\" height=\"1920\" srcset=\"https:\/\/site.ifes.edu.br\/cmvv\/wp-content\/uploads\/sites\/19\/2024\/11\/20241021_122048-scaled.jpeg 2560w, https:\/\/site.ifes.edu.br\/cmvv\/wp-content\/uploads\/sites\/19\/2024\/11\/20241021_122048-300x225.jpeg 300w, https:\/\/site.ifes.edu.br\/cmvv\/wp-content\/uploads\/sites\/19\/2024\/11\/20241021_122048-1024x768.jpeg 1024w, https:\/\/site.ifes.edu.br\/cmvv\/wp-content\/uploads\/sites\/19\/2024\/11\/20241021_122048-768x576.jpeg 768w, https:\/\/site.ifes.edu.br\/cmvv\/wp-content\/uploads\/sites\/19\/2024\/11\/20241021_122048-1536x1152.jpeg 1536w, https:\/\/site.ifes.edu.br\/cmvv\/wp-content\/uploads\/sites\/19\/2024\/11\/20241021_122048-2048x1536.jpeg 2048w\" sizes=\"(max-width: 767px) 89vw, (max-width: 1000px) 54vw, (max-width: 1071px) 543px, 580px\" \/><\/p>\r\n<p style=\"text-align: justify\">As atividades realizadas envolvem a avalia\u00e7\u00e3o de propriedades de fra\u00e7\u00f5es de petr\u00f3leo e emuls\u00f5es. S\u00e3o estudados par\u00e2metros como acidez, densidade, viscosidade, tens\u00e3o superficial e estabilidade de emuls\u00f5es, utilizando t\u00e9cnicas como titula\u00e7\u00e3o, espectroscopia, reologia e an\u00e1lise microsc\u00f3pica. Al\u00e9m disso, o laborat\u00f3rio realiza an\u00e1lises detalhadas para a determina\u00e7\u00e3o quantitativa de metais e elementos-tra\u00e7o presentes em fra\u00e7\u00f5es de petr\u00f3leo e outros compostos. Essas an\u00e1lises s\u00e3o necess\u00e1rias para caracterizar os impactos de contaminantes met\u00e1licos nos processos de explora\u00e7\u00e3o, refino e transporte de petr\u00f3leo. Os estudos realizados permitem compreender a qualidade do petr\u00f3leo, o intemperismo, e contribuem para o desenvolvimento de m\u00e9todos de purifica\u00e7\u00e3o, separa\u00e7\u00e3o e aproveitamento sustent\u00e1vel de componentes.<\/p>\r\n<h5 style=\"text-align: center\"><strong>Toxicologia<\/strong><\/h5>\r\n<p><img decoding=\"async\" class=\"aligncenter wp-image-1385 size-full\" src=\"https:\/\/site.ifes.edu.br\/cmvv\/wp-content\/uploads\/sites\/19\/2024\/11\/20241022_155938-scaled.jpeg\" alt=\"\" width=\"2560\" height=\"1920\" srcset=\"https:\/\/site.ifes.edu.br\/cmvv\/wp-content\/uploads\/sites\/19\/2024\/11\/20241022_155938-scaled.jpeg 2560w, https:\/\/site.ifes.edu.br\/cmvv\/wp-content\/uploads\/sites\/19\/2024\/11\/20241022_155938-300x225.jpeg 300w, https:\/\/site.ifes.edu.br\/cmvv\/wp-content\/uploads\/sites\/19\/2024\/11\/20241022_155938-1024x768.jpeg 1024w, https:\/\/site.ifes.edu.br\/cmvv\/wp-content\/uploads\/sites\/19\/2024\/11\/20241022_155938-768x576.jpeg 768w, https:\/\/site.ifes.edu.br\/cmvv\/wp-content\/uploads\/sites\/19\/2024\/11\/20241022_155938-1536x1152.jpeg 1536w, https:\/\/site.ifes.edu.br\/cmvv\/wp-content\/uploads\/sites\/19\/2024\/11\/20241022_155938-2048x1536.jpeg 2048w\" sizes=\"(max-width: 767px) 89vw, (max-width: 1000px) 54vw, (max-width: 1071px) 543px, 580px\" \/>\u00a0<img loading=\"lazy\" decoding=\"async\" class=\"aligncenter wp-image-1384 size-full\" src=\"https:\/\/site.ifes.edu.br\/cmvv\/wp-content\/uploads\/sites\/19\/2024\/11\/IMG-20241021-WA0040.jpeg\" alt=\"\" width=\"1280\" height=\"960\" srcset=\"https:\/\/site.ifes.edu.br\/cmvv\/wp-content\/uploads\/sites\/19\/2024\/11\/IMG-20241021-WA0040.jpeg 1280w, https:\/\/site.ifes.edu.br\/cmvv\/wp-content\/uploads\/sites\/19\/2024\/11\/IMG-20241021-WA0040-300x225.jpeg 300w, https:\/\/site.ifes.edu.br\/cmvv\/wp-content\/uploads\/sites\/19\/2024\/11\/IMG-20241021-WA0040-1024x768.jpeg 1024w, https:\/\/site.ifes.edu.br\/cmvv\/wp-content\/uploads\/sites\/19\/2024\/11\/IMG-20241021-WA0040-768x576.jpeg 768w\" sizes=\"(max-width: 767px) 89vw, (max-width: 1000px) 54vw, (max-width: 1071px) 543px, 580px\" \/><\/p>\r\n<p style=\"text-align: justify\">Nesta unidade, o foco est\u00e1 na an\u00e1lise detalhada, a n\u00edvel molecular, de compostos qu\u00edmicos presentes em uma diversidade de matrizes. Utilizam-se t\u00e9cnicas avan\u00e7adas como espectrometria de massas de alta resolu\u00e7\u00e3o e cromatografia l\u00edquida e gasosa para identificar e quantificar contaminantes, al\u00e9m de caracterizar mol\u00e9culas com alta precis\u00e3o. Outras atividades incluem estudos de estabilidade de dispers\u00f5es coloidais, an\u00e1lise de potencial zeta e desenvolvimento de metodologias para produ\u00e7\u00e3o de materiais de valor agregado. Esta unidade laboratorial tamb\u00e9m aplica t\u00e9cnicas espectrom\u00e9tricas e aprendizado de m\u00e1quina para controle de contaminantes e an\u00e1lise de impacto ambiental.<\/p>\r\n","protected":false},"excerpt":{"rendered":"<p>IFES\/Petrole\u00f4mica:\u00a0 Central Anal\u00edtica As atividades realizadas envolvem a avalia\u00e7\u00e3o de propriedades de fra\u00e7\u00f5es de petr\u00f3leo e emuls\u00f5es. S\u00e3o estudados par\u00e2metros como acidez, densidade, viscosidade, tens\u00e3o superficial e estabilidade de emuls\u00f5es, utilizando t\u00e9cnicas como titula\u00e7\u00e3o, espectroscopia, reologia e an\u00e1lise microsc\u00f3pica. Al\u00e9m disso, o laborat\u00f3rio realiza an\u00e1lises detalhadas para a determina\u00e7\u00e3o quantitativa de metais e elementos-tra\u00e7o presentes &hellip; <\/p>\n<p class=\"link-more\"><a href=\"https:\/\/site.ifes.edu.br\/cmvv\/laboratorios\/\" class=\"more-link\">Continue lendo<span class=\"screen-reader-text\"> &#8220;Laborat\u00f3rios&#8221;<\/span><\/a><\/p>\n","protected":false},"author":18,"featured_media":0,"parent":0,"menu_order":0,"comment_status":"closed","ping_status":"closed","template":"","meta":{"footnotes":""},"class_list":["post-372","page","type-page","status-publish","hentry"],"_links":{"self":[{"href":"https:\/\/site.ifes.edu.br\/cmvv\/wp-json\/wp\/v2\/pages\/372"}],"collection":[{"href":"https:\/\/site.ifes.edu.br\/cmvv\/wp-json\/wp\/v2\/pages"}],"about":[{"href":"https:\/\/site.ifes.edu.br\/cmvv\/wp-json\/wp\/v2\/types\/page"}],"author":[{"embeddable":true,"href":"https:\/\/site.ifes.edu.br\/cmvv\/wp-json\/wp\/v2\/users\/18"}],"replies":[{"embeddable":true,"href":"https:\/\/site.ifes.edu.br\/cmvv\/wp-json\/wp\/v2\/comments?post=372"}],"version-history":[{"count":9,"href":"https:\/\/site.ifes.edu.br\/cmvv\/wp-json\/wp\/v2\/pages\/372\/revisions"}],"predecessor-version":[{"id":1903,"href":"https:\/\/site.ifes.edu.br\/cmvv\/wp-json\/wp\/v2\/pages\/372\/revisions\/1903"}],"wp:attachment":[{"href":"https:\/\/site.ifes.edu.br\/cmvv\/wp-json\/wp\/v2\/media?parent=372"}],"curies":[{"name":"wp","href":"https:\/\/api.w.org\/{rel}","templated":true}]}}