{"id":1737,"date":"2025-04-04T19:42:33","date_gmt":"2025-04-04T22:42:33","guid":{"rendered":"https:\/\/site.ifes.edu.br\/cmvv\/?page_id=1737"},"modified":"2025-04-22T09:56:21","modified_gmt":"2025-04-22T12:56:21","slug":"oportunidades","status":"publish","type":"page","link":"https:\/\/site.ifes.edu.br\/cmvv\/oportunidades\/","title":{"rendered":"Oportunidades"},"content":{"rendered":"<h5>22 de abril ded 2025<\/h5>\r\n<h1><strong>Resultado Final &#8211; Edital 02\/2025<\/strong><\/h1>\r\n<p>Segue em anexo a lista de alunos selecionados.<\/p>\r\n<p><a href=\"https:\/\/site.ifes.edu.br\/cmvv\/wp-content\/uploads\/sites\/19\/2025\/04\/Resultado-Entrevistas-Projeto-Gelificacao.pdf\">Resultado Entrevistas-Projeto-Gelificac\u0327a\u0303o<\/a><\/p>\r\n<p>&nbsp;<\/p>\r\n<p>&nbsp;<\/p>\r\n<h5>15 de abril 2025<\/h5>\r\n<h1><strong>Resultado 1\u00aa Etapa &#8211; Edital 02\/2025<\/strong><\/h1>\r\n<p style=\"text-align: justify\">Segue abaixo a lista de alunos selecionados para a etapa de entrevistas, as quais ser\u00e3o realizadas na quarta-feira (16\/04\/25) \u00e0 partir das 08 horas no laborat\u00f3rio 605 do Bloco C (Ifes <em>campus<\/em> Vila Velha).<\/p>\r\n\r\n<figure class=\"wp-block-table is-style-stripes\">\r\n<table class=\"subtle-light-gray-background-color has-fixed-layout has-background\">\r\n<thead>\r\n<tr>\r\n<th class=\"has-text-align-center\" data-align=\"center\">Candidato<\/th>\r\n<th class=\"has-text-align-center\" data-align=\"center\">Hor\u00e1rio da entrevista<\/th>\r\n<\/tr>\r\n<\/thead>\r\n<tbody>\r\n<tr>\r\n<td style=\"text-align: center\" width=\"312\">Alexandre de Miranda Figueiredo<\/td>\r\n<td style=\"text-align: center\" width=\"170\">08:00<\/td>\r\n<\/tr>\r\n<tr>\r\n<td style=\"text-align: center\" width=\"312\">Anna Clara Fernandes Couto Pinheiro<\/td>\r\n<td style=\"text-align: center\" width=\"170\">08:15<\/td>\r\n<\/tr>\r\n<tr>\r\n<td style=\"text-align: center\" width=\"312\">Camila Melo Araujo<\/td>\r\n<td style=\"text-align: center\" width=\"170\">08:30<\/td>\r\n<\/tr>\r\n<tr>\r\n<td style=\"text-align: center\" width=\"312\">Gabriela Lebrego Zago<\/td>\r\n<td style=\"text-align: center\" width=\"170\">08:45<\/td>\r\n<\/tr>\r\n<tr>\r\n<td style=\"text-align: center\" width=\"312\">Iasmim Barboza Marques da Silva<\/td>\r\n<td style=\"text-align: center\" width=\"170\">09:00<\/td>\r\n<\/tr>\r\n<tr>\r\n<td style=\"text-align: center\" width=\"312\">Isabella Ferreira Nunes Medrado<\/td>\r\n<td style=\"text-align: center\" width=\"170\">09:15<\/td>\r\n<\/tr>\r\n<tr>\r\n<td style=\"text-align: center\" width=\"312\">Israel Junior Rodrigues de Andrade<\/td>\r\n<td style=\"text-align: center\" width=\"170\">09:30<\/td>\r\n<\/tr>\r\n<tr>\r\n<td style=\"text-align: center\" width=\"312\">Juliana Rocha Rocio<\/td>\r\n<td style=\"text-align: center\" width=\"170\">09:45<\/td>\r\n<\/tr>\r\n<tr>\r\n<td style=\"text-align: center\" width=\"312\">Lauro Vitor Dutra Porto<\/td>\r\n<td style=\"text-align: center\" width=\"170\">10:00<\/td>\r\n<\/tr>\r\n<tr>\r\n<td style=\"text-align: center\" width=\"312\">Let\u00edcia Amaral Florentino<\/td>\r\n<td style=\"text-align: center\" width=\"170\">10:15<\/td>\r\n<\/tr>\r\n<tr>\r\n<td style=\"text-align: center\" width=\"312\">Maria Eduarda Feu dos Reis<\/td>\r\n<td style=\"text-align: center\" width=\"170\">10:30<\/td>\r\n<\/tr>\r\n<tr>\r\n<td style=\"text-align: center\" width=\"312\">Maria Rita Assis Barros<\/td>\r\n<td style=\"text-align: center\" width=\"170\">10:45<\/td>\r\n<\/tr>\r\n<tr>\r\n<td style=\"text-align: center\" width=\"312\">Pedro Enrique de Moura Rosemberg<\/td>\r\n<td style=\"text-align: center\" width=\"170\">11:00<\/td>\r\n<\/tr>\r\n<tr>\r\n<td style=\"text-align: center\" width=\"312\">Sofia Nunes Zucoloto<\/td>\r\n<td style=\"text-align: center\" width=\"170\">11:15<\/td>\r\n<\/tr>\r\n<tr>\r\n<td style=\"text-align: center\" width=\"312\">S\u00f4nia Mara Brand\u00e3o de Oliveira<\/td>\r\n<td style=\"text-align: center\" width=\"170\">11:30<\/td>\r\n<\/tr>\r\n<tr>\r\n<td style=\"text-align: center\" width=\"312\">Yasmin Laiber de Assis<\/td>\r\n<td style=\"text-align: center\" width=\"170\">11:45<\/td>\r\n<\/tr>\r\n<\/tbody>\r\n<\/table>\r\n<p style=\"text-align: center\"><a href=\"https:\/\/site.ifes.edu.br\/cmvv\/wp-content\/uploads\/sites\/19\/2025\/04\/Alunos-selecionados-para-as-entrevistas-Quimica-do-Petroleo.pdf\">Lista em PDF &#8211; Alunos selecionados para as entrevistas &#8211; Qu\u00edmica do Petr\u00f3leo<\/a><\/p>\r\nEm caso de d\u00favidas ou indisponibilidade de hor\u00e1rio, solicitamos que envie um e-mail para <a href=\"mailto:servico.cmvvifes@gmail.com\">servico.cmvvifes@gmail.com<\/a><\/figure>\r\n<h5>\u00a0<\/h5>\r\n<p>&nbsp;<\/p>\r\n<figure class=\"wp-block-table is-style-stripes\">\r\n<h5>04 de abril 2025<\/h5>\r\n<h1><strong>Edital 02\/2025 &#8211; Sele\u00e7\u00e3o de Bolsistas de Inicia\u00e7\u00e3o Cient\u00edfica &#8211; <\/strong><strong>Pesquisa em Petr\u00f3leo\u00a0<\/strong><\/h1>\r\n<p style=\"text-align: justify\">O Laborat\u00f3rio de Petrole\u00f4mica do CMVV IFES est\u00e1 selecionando estudantes que estejam <strong>matriculados no Ifes <em>campus<\/em> Vila Velha<\/strong>, entre o <strong>2\u00ba e o 6\u00ba per\u00edodo de gradua\u00e7\u00e3o<\/strong> em Qu\u00edmica Industrial e Engenharia Qu\u00edmica, e que tenham interesse na <strong>\u00e1rea de Qu\u00edmica do Petr\u00f3leo<\/strong> para o desenvolvimento de projeto de pesquisa em gelifica\u00e7\u00e3o.<\/p>\r\nInscri\u00e7\u00e3o de 07 a 11 de abril <a href=\"https:\/\/docs.google.com\/forms\/d\/e\/1FAIpQLSeuMNKWT5yKQfh0Javp9t5cntXNM6CsHtoNBo9CFHtpe_WiWQ\/viewform\" target=\"_blank\" rel=\"noopener\">Formul\u00e1rio de Inscri\u00e7\u00e3o<\/a> Acesse o edital: <a href=\"https:\/\/site.ifes.edu.br\/cmvv\/wp-content\/uploads\/sites\/19\/2025\/04\/Edital_CMVV-Ifes_Selecao-de-IC_Gelificacao.pdf\">Edital_CMVV-Ifes_Sele\u00e7\u00e3o de IC_Gelifica\u00e7\u00e3o<\/a> D\u00favidas: Em caso de d\u00favidas, envie um e-mail para <a href=\"mailto:servico.cmvvifes@gmail.com\">servico.cmvvifes@gmail.com<\/a><\/figure>\r\n","protected":false},"excerpt":{"rendered":"<p>22 de abril ded 2025 Resultado Final &#8211; Edital 02\/2025 Segue em anexo a lista de alunos selecionados. Resultado Entrevistas-Projeto-Gelificac\u0327a\u0303o &nbsp; &nbsp; 15 de abril 2025 Resultado 1\u00aa Etapa &#8211; Edital 02\/2025 Segue abaixo a lista de alunos selecionados para a etapa de entrevistas, as quais ser\u00e3o realizadas na quarta-feira (16\/04\/25) \u00e0 partir das 08 &hellip; <\/p>\n<p class=\"link-more\"><a href=\"https:\/\/site.ifes.edu.br\/cmvv\/oportunidades\/\" class=\"more-link\">Continue lendo<span class=\"screen-reader-text\"> &#8220;Oportunidades&#8221;<\/span><\/a><\/p>\n","protected":false},"author":18,"featured_media":0,"parent":0,"menu_order":0,"comment_status":"closed","ping_status":"closed","template":"","meta":{"footnotes":""},"class_list":["post-1737","page","type-page","status-publish","hentry"],"_links":{"self":[{"href":"https:\/\/site.ifes.edu.br\/cmvv\/wp-json\/wp\/v2\/pages\/1737"}],"collection":[{"href":"https:\/\/site.ifes.edu.br\/cmvv\/wp-json\/wp\/v2\/pages"}],"about":[{"href":"https:\/\/site.ifes.edu.br\/cmvv\/wp-json\/wp\/v2\/types\/page"}],"author":[{"embeddable":true,"href":"https:\/\/site.ifes.edu.br\/cmvv\/wp-json\/wp\/v2\/users\/18"}],"replies":[{"embeddable":true,"href":"https:\/\/site.ifes.edu.br\/cmvv\/wp-json\/wp\/v2\/comments?post=1737"}],"version-history":[{"count":23,"href":"https:\/\/site.ifes.edu.br\/cmvv\/wp-json\/wp\/v2\/pages\/1737\/revisions"}],"predecessor-version":[{"id":1788,"href":"https:\/\/site.ifes.edu.br\/cmvv\/wp-json\/wp\/v2\/pages\/1737\/revisions\/1788"}],"wp:attachment":[{"href":"https:\/\/site.ifes.edu.br\/cmvv\/wp-json\/wp\/v2\/media?parent=1737"}],"curies":[{"name":"wp","href":"https:\/\/api.w.org\/{rel}","templated":true}]}}