{"id":164,"date":"2023-03-03T08:45:19","date_gmt":"2023-03-03T11:45:19","guid":{"rendered":"https:\/\/site.ifes.edu.br\/cmvv\/?page_id=164"},"modified":"2024-11-11T11:56:21","modified_gmt":"2024-11-11T14:56:21","slug":"capitulos-de-livros","status":"publish","type":"page","link":"https:\/\/site.ifes.edu.br\/cmvv\/capitulos-de-livros\/","title":{"rendered":"Cap\u00edtulos de Livros"},"content":{"rendered":"\r\n<h2 style=\"text-align: center\"><strong>2020<\/strong><\/h2>\r\n<p style=\"text-align: justify\">1. ALLOCHIO FILHO, JO\u00c3O FRANCISCO; MACRINO, CLEBSON J.; OLIVEIRA, BRUNO G.; Jr, Valdemar Lacerda; Rom\u00e3o, Wanderson. <strong>Ambient Ionization Mass Spectrometry in Food Metabolomics<\/strong>. Reference Module in Food Science. 1ed.: Elsevier, 2020, p. 1-24. DOI: <a href=\"https:\/\/doi.org\/10.1016\/B978-0-08-100596-5.22776-5\" target=\"_blank\" rel=\"noopener\">https:\/\/doi.org\/10.1016\/B978-0-08-100596-5.22776-5<\/a><\/p>\r\n\r\n\r\n\r\n<h2 style=\"text-align: center\"><strong>2019<\/strong><\/h2>\r\n\r\n\r\n\r\n<p style=\"text-align: justify\">2. ALLOCHIO FILHO, JO\u00c3O FRANCISCO; DE JESUS MACRINO, CLEBSON; LACERDA, VALDEMAR; RODRIGUES, MARCELLA FERREIRA; VAZ, BONIEK G.; ROM\u00c3O, WANDERSON. <strong>CHAPTER 9. Paper Spray Ionization Mass Spectrometry in Forensic Chemistry.<\/strong> In: Thiago R L C Paix\u00e3o; Wendell K T Coltro; Maiara Oliveira Salles. (Org.). Detection Science. 1ed.: ROYAL SOCIETY OF CHEMISTRY, 2019, v. 1, p. 198-243. DOI:\u00a0<a href=\"https:\/\/doi.org\/10.1039\/9781788016117-00198\" target=\"_blank\" rel=\"noopener\">https:\/\/doi.org\/10.1016\/B978-0-12-814013-0.00015-6<\/a><\/p>\r\n\r\n\r\n\r\n<p style=\"text-align: justify\">3. ALLOCHIO FILHO, JO\u00c3O FRANCISCO; LACERDA, VALDEMAR; ROM\u00c3O, WANDERSON. <strong>Fourier transform mass spectrometry applied to Forensic Chemistry.<\/strong> In: Philippe Schmitt-Kopplin; Basem Kanawati. (Org.). Fundamentals and Applications of Fourier Transform Mass Spectrometry. 1ed.: Elsevier, 2019, v. 1, p. 469-508. DOI:\u00a0<a href=\"https:\/\/doi.org\/10.1016\/B978-0-12-814013-0.00015-6\" target=\"_blank\" rel=\"noopener\">https:\/\/doi.org\/10.1016\/B978-0-12-814013-0.00015-6<\/a><\/p>\r\n\r\n\r\n\r\n<p style=\"text-align: justify\">4. BERILLI, S. S.; Rom\u00e3o, W.; VIEIRA, L. H. S.; QUARTEZANI, W. Z.; MACHADO, S. G.; SILVEIRA, L. F. V.; ROSADO, T. L. <strong>A Fruticultura no Instituto Federal do Esp\u00edrito Santo<\/strong>. In: Moises Zucoloto, Hugo Bolsoni Zago. (Org.). Fruticultura Tropical. 1ed.Alegre: CAUFES, 2019, v. 3, p. 95-112.\u00a0<\/p>\r\n\r\n\r\n\r\n<h2 style=\"text-align: center\"><strong>2017<\/strong><\/h2>\r\n\r\n\r\n\r\n<p style=\"text-align: justify\">5. VAZ, B. G.; MORAES, L. A. B.; ROM\u00c3O, W. <strong>Fundamentos da Espectrometria de Massas e Aplica\u00e7\u00f5es<\/strong>. In: Adilson Beatriz; Valdemar Lacerda Jr.. (Org.). Fundamentos de Espectrometria e Aplica\u00e7\u00f5es. 1ed.S\u00e3o Paulo: EDITORA ATHENEU, 2017, v. 7, p. 1-65.<\/p>\r\n\r\n\r\n\r\n<h2 style=\"text-align: center\"><strong>2016<\/strong><\/h2>\r\n\r\n\r\n\r\n<p style=\"text-align: justify\">6. RICCI-SILVA, MARIA ESTHER; VAZ, BONIEK GONTIJO; VASCONCELOS, G\u00c9SSICA ADRIANA; ROM\u00c3O, WANDERSON; ARICETTI, JULIANA A.; CALDANA, CAMILA; ABDELNUR, PATR\u00cdCIA VERARDI. <strong>Mass Spectrometry for Metabolomics and Biomass Composition Analyses<\/strong>. In: S\u00edlvio Vaz Jr.. (Org.). Analytical Techniques and Methods for Biomass. 1ed.: Springer International Publishing, 2016, v. 1, p. 115-141. DOI:\u00a0<a href=\"https:\/\/doi.org\/10.1007\/978-3-319-41414-0_5\" target=\"_blank\" rel=\"noopener\">https:\/\/doi.org\/10.1007\/978-3-319-41414-0_5<\/a><\/p>\r\n\r\n\r\n\r\n<h2 style=\"text-align: center\"><strong>2015<\/strong><\/h2>\r\n\r\n\r\n\r\n<p style=\"text-align: justify\">7. SABINO, BRUNO; CARDOSO, AMADEU; ROM\u00c3O, WANDERSON. <strong>Application of TLC MS to Analysis of Drugs of Abuse.<\/strong> In: Teresa Kowalska, Mieczyslaw Sajewicz, Joseph Sherma. (Org.). Chromatographic Science Series. 1ed.: CRC Press, 2015, v. 110, p. 281-304. <a href=\"https:\/\/www.taylorfrancis.com\/chapters\/mono\/10.1201\/b19090-19\/combination-thin-layer-chromatography-laser-desorption-ionization-electrospray-ionization%E2%80%93mass-spectrometric-techniques-screening-organic-compounds-teresa-kowalska-mieczyslaw-sajewicz-joseph-sherma\">Site<\/a><\/p>\r\n\r\n\r\n\r\n<h2 style=\"text-align: center\"><strong>\u200b\u200b\u200b\u200b\u200b\u200b\u200b2012<\/strong><\/h2>\r\n\r\n\r\n\r\n<p style=\"text-align: justify\">8. ROCHA, W. F. C.; NOGUEIRA, R.; VAZ, B. G.; FIDELIS, C. H. V.; ROM\u00c3O, WANDERSON. <strong>Quality control in science.<\/strong> In: Jos\u00e9 A. Orosa. (Org.). Quality Control Engineering and Manufacturing Medical Procedures, Testing and Technology. 1ed.Paseo de Ronda: Nova, 2012, v. 1, p. 1-46.\u00a0<\/p>\r\n","protected":false},"excerpt":{"rendered":"<p>2020 1. ALLOCHIO FILHO, JO\u00c3O FRANCISCO; MACRINO, CLEBSON J.; OLIVEIRA, BRUNO G.; Jr, Valdemar Lacerda; Rom\u00e3o, Wanderson. Ambient Ionization Mass Spectrometry in Food Metabolomics. Reference Module in Food Science. 1ed.: Elsevier, 2020, p. 1-24. DOI: https:\/\/doi.org\/10.1016\/B978-0-08-100596-5.22776-5 2019 2. ALLOCHIO FILHO, JO\u00c3O FRANCISCO; DE JESUS MACRINO, CLEBSON; LACERDA, VALDEMAR; RODRIGUES, MARCELLA FERREIRA; VAZ, BONIEK G.; ROM\u00c3O, &hellip; <\/p>\n<p class=\"link-more\"><a href=\"https:\/\/site.ifes.edu.br\/cmvv\/capitulos-de-livros\/\" class=\"more-link\">Continue lendo<span class=\"screen-reader-text\"> &#8220;Cap\u00edtulos de Livros&#8221;<\/span><\/a><\/p>\n","protected":false},"author":18,"featured_media":0,"parent":0,"menu_order":0,"comment_status":"closed","ping_status":"closed","template":"","meta":{"footnotes":""},"class_list":["post-164","page","type-page","status-publish","hentry"],"_links":{"self":[{"href":"https:\/\/site.ifes.edu.br\/cmvv\/wp-json\/wp\/v2\/pages\/164"}],"collection":[{"href":"https:\/\/site.ifes.edu.br\/cmvv\/wp-json\/wp\/v2\/pages"}],"about":[{"href":"https:\/\/site.ifes.edu.br\/cmvv\/wp-json\/wp\/v2\/types\/page"}],"author":[{"embeddable":true,"href":"https:\/\/site.ifes.edu.br\/cmvv\/wp-json\/wp\/v2\/users\/18"}],"replies":[{"embeddable":true,"href":"https:\/\/site.ifes.edu.br\/cmvv\/wp-json\/wp\/v2\/comments?post=164"}],"version-history":[{"count":12,"href":"https:\/\/site.ifes.edu.br\/cmvv\/wp-json\/wp\/v2\/pages\/164\/revisions"}],"predecessor-version":[{"id":1599,"href":"https:\/\/site.ifes.edu.br\/cmvv\/wp-json\/wp\/v2\/pages\/164\/revisions\/1599"}],"wp:attachment":[{"href":"https:\/\/site.ifes.edu.br\/cmvv\/wp-json\/wp\/v2\/media?parent=164"}],"curies":[{"name":"wp","href":"https:\/\/api.w.org\/{rel}","templated":true}]}}