{"id":162,"date":"2023-03-03T08:45:18","date_gmt":"2023-03-03T11:45:18","guid":{"rendered":"https:\/\/site.ifes.edu.br\/cmvv\/?page_id=162"},"modified":"2024-10-31T12:59:30","modified_gmt":"2024-10-31T15:59:30","slug":"livros","status":"publish","type":"page","link":"https:\/\/site.ifes.edu.br\/cmvv\/livros\/","title":{"rendered":"Livros"},"content":{"rendered":"\r\n<h1 class=\"wp-block-heading\" id=\"page-title\">Cole\u00e7\u00e3o Qu\u00edmica Forense<\/h1>\r\n\r\n\r\n\r\n<p><strong>VOLUME 1:<\/strong><\/p>\r\n\r\n\r\n\r\n<div class=\"wp-block-image\">\r\n<figure class=\"aligncenter\"><img fetchpriority=\"high\" decoding=\"async\" class=\"\" src=\"https:\/\/petroforense.ufes.br\/sites\/petroforense.ufes.br\/files\/resize\/imagem\/capa_1_-_rgb-380x536.png\" alt=\"\" width=\"420\" height=\"592\" \/><\/figure>\r\n<\/div>\r\n\r\n\r\n\r\n<p style=\"text-align: justify\">O primeiro volume da colet\u00e2nea de livros de Qu\u00edmica forense titulado em \u201cDocumentoscopia: combatendo a falsifica\u00e7\u00e3o monet\u00e1ria\u201d \u00e9 fruto de um projeto de Inicia\u00e7\u00e3o Cient\u00edfica do Instituto Federal do Esp\u00edrito Santo (Ifes) \u2013 Campus Vila Velha (Edital 04\/2019 &#8211; Pibic-Jr) em parceria com o Grupo de Estudos em Microscopia (GEM &#8211;\u00a0<a href=\"http:\/\/gem-micro.com.br\/\" target=\"_blank\" rel=\"noreferrer noopener\">http:\/\/gem-micro.com.br(link is external)<\/a>), sob supervis\u00e3o da Prof. Gl\u00f3ria M. de F. Viegas, do Laborat\u00f3rio de Petrole\u00f4mica e Forense (<a href=\"http:\/\/petroforense.ufes.br\/\">http:\/\/petroforense.ufes.br<\/a>) vinculado ao Programa de P\u00f3s-Gradua\u00e7\u00e3o em Qu\u00edmica da Universidade Federal do Esp\u00edrito Santo e da Sess\u00e3o de Documentoscopia da Pol\u00edcia T\u00e9cnica Cient\u00edfica do Esp\u00edrito Santo (Perita Jandira Maria de Oliveira Bone Brand\u00e3o). O volume 1 traz uma abordagem de como a Documentoscopia pode combater as falsifica\u00e7\u00f5es monet\u00e1rias, sendo apresentado conceitos e defini\u00e7\u00f5es sobre documentos, c\u00e9dulas monet\u00e1rias, elementos de seguran\u00e7a (tamanho, assinaturas, legendas, numera\u00e7\u00e3o, marca d\u2019\u00e1gua, fita de seguran\u00e7a, quebra-cabe\u00e7a, tipo papel, faixa hologr\u00e1fica, regi\u00f5es calcogr\u00e1fica, n\u00famero escondido, microimpress\u00f5es e elementos fluorescentes), radia\u00e7\u00f5es eletromagn\u00e9ticas bem como sobre o equipamento utilizado pela Pol\u00edcia Civil no estudo de documentos questionados (Comparador Espectral de V\u00eddeo \u2013 VSC). Desta forma, trata-se de uma colet\u00e2nea que ir\u00e1 difundir a ci\u00eancia e a tecnologia al\u00e9m de ser um produto educacional para a \u00e1rea de ensino, pesquisa e extens\u00e3o. A HQ encontra-se dispon\u00edvel para download nos anexos abaixo. A todos uma excelente leitura!!<\/p>\r\n\r\n\r\n\r\n<p><strong>VOLUME 2:<\/strong><\/p>\r\n\r\n\r\n\r\n<div class=\"wp-block-image\">\r\n<figure class=\"aligncenter\"><img decoding=\"async\" class=\"\" src=\"https:\/\/petroforense.ufes.br\/sites\/petroforense.ufes.br\/files\/imagem\/capa_2_-_rgb_0_0.png\" alt=\"\" width=\"420\" height=\"592\" \/><\/figure>\r\n<\/div>\r\n\r\n\r\n\r\n<p style=\"text-align: justify\">O segundo volume da colet\u00e2nea de livros de Qu\u00edmica forense titulado em \u201cDesvendando a cena do crime\u201d \u00e9 fruto de um projeto de Inicia\u00e7\u00e3o Cient\u00edfica do Instituto Federal do Esp\u00edrito Santo (Ifes) \u2013 Campus Vila Velha (Edital 04\/2019 &#8211; Pibic-Jr) em parceria com o Grupo de Estudos em Microscopia (GEM &#8211;\u00a0<a href=\"http:\/\/gem-micro.com.br\/\" target=\"_blank\" rel=\"noreferrer noopener\">http:\/\/gem-micro.com.br(link is external)<\/a>), sob supervis\u00e3o da Prof. Gl\u00f3ria M. de F. Viegas e do Laborat\u00f3rio de Petrole\u00f4mica e Forense (<a href=\"http:\/\/petroforense.ufes.br\/\">http:\/\/petroforense.ufes.br<\/a>) vinculado ao Programa de P\u00f3s-Gradua\u00e7\u00e3o em Qu\u00edmica da Universidade Federal do Esp\u00edrito Santo. Esta hist\u00f3ria em quadrinhos retrata assuntos importantes para a sociedade de um modo geral, como por exemplo o feminic\u00eddio. Foram abordados esclarecimentos sobre a preserva\u00e7\u00e3o de uma cena de crime para a investiga\u00e7\u00e3o dos poss\u00edveis vest\u00edgios. Al\u00e9m disso, conceitos e defini\u00e7\u00f5es sobre Bal\u00edstica forense, abordando an\u00e1lise do proj\u00e9til e res\u00edduos de disparos por arma de fogo foram desenvolvidos utilizando t\u00e9cnicas como confronto bal\u00edstico, teste colorim\u00e9trico e a microscopia eletr\u00f4nica de varredura acoplado ao espectr\u00f4metro de raios X por dispers\u00e3o de energia \u2013 MEV\/EDS. Adicionalmente, o livro trata do estudo de outros vest\u00edgios encontrados na cedo do crime como impress\u00e3o digital, sangue e pegadas, onde para isso, \u00e9 abordado t\u00e9cnicas como acervo fotogr\u00e1fico, t\u00e9cnica do p\u00f3 e a rea\u00e7\u00e3o de Quimioluminesc\u00eancia utilizando luminol. Essa colet\u00e2nea, portanto, aborda temas e conceitos que demonstram a import\u00e2ncia da difus\u00e3o das ci\u00eancias forenses como produto educacional para a \u00e1rea de ensino, pesquisa e extens\u00e3o.\u00a0A HQ encontra-se dispon\u00edvel para download nos anexos abaixo. A todos uma excelente leitura!!<\/p>\r\n\r\n\r\n\r\n<p><strong>VOLUME 3:<\/strong><\/p>\r\n\r\n\r\n\r\n<div class=\"wp-block-image\">\r\n<figure class=\"aligncenter\"><img decoding=\"async\" class=\"\" src=\"https:\/\/petroforense.ufes.br\/sites\/petroforense.ufes.br\/files\/imagem\/capa_3_-_rgb_0.png\" alt=\"\" width=\"420\" height=\"592\" \/><\/figure>\r\n<\/div>\r\n\r\n\r\n\r\n<p style=\"text-align: justify\">O terceiro volume da colet\u00e2nea de livros de Qu\u00edmica forense intitulado \u201cO p\u00f3 branco escondido na mala\u201d \u00e9 resultado de uma parceria entre o Projeto de Inicia\u00e7\u00e3o Cient\u00edfica do Instituto Federal do Esp\u00edrito Santo (Ifes) \u2013 Campus Vila Velha (Edital 04\/2019 &#8211; Pibic-Jr) e o Grupo de Estudos em Microscopia (GEM &#8211;\u00a0<a href=\"http:\/\/gem-micro.com.br\/\" target=\"_blank\" rel=\"noreferrer noopener\">http:\/\/gem-micro.com.br(link is external)<\/a>), e o Laborat\u00f3rio de Petrole\u00f4mica e Forense (<a href=\"http:\/\/petroforense.ufes.br\/\">http:\/\/petroforense.ufes.br<\/a>), vinculado ao Programa de P\u00f3s-Gradua\u00e7\u00e3o em Qu\u00edmica da Universidade Federal do Esp\u00edrito Santo (Ufes). Neste volume, s\u00e3o apresentadas as etapas que norteiam a identifica\u00e7\u00e3o de um material \u201csuspeito\u201d (na forma de p\u00f3 branco), desde o processo de suspeita e apreens\u00e3o at\u00e9 a devida identifica\u00e7\u00e3o do conte\u00fado qu\u00edmico. As an\u00e1lises laboratoriais forenses s\u00e3o apresentadas com uma linguagem simples e cient\u00edfica, e os principais conceitos e defini\u00e7\u00f5es como: droga de abuso, coca\u00edna, teste colorim\u00e9trico, cromatografia em camada delgada e cromatografia gasosa acoplada a um espectr\u00f4metro de massas. Assim, o presente material destina-se a divulga\u00e7\u00e3o cient\u00edfica no formato de produto educacional para a \u00e1rea de ensino, pesquisa e extens\u00e3o.\u00a0A HQ encontra-se dispon\u00edvel para download nos anexos abaixo. A todos uma excelente leitura!!<\/p>\r\n<p><strong>VOLUME 4:<\/strong><\/p>\r\n<p><img loading=\"lazy\" decoding=\"async\" class=\"alignnone wp-image-1072  aligncenter\" src=\"https:\/\/site.ifes.edu.br\/cmvv\/wp-content\/uploads\/sites\/19\/2024\/10\/volume4.jpg\" alt=\"\" width=\"420\" height=\"593\" srcset=\"https:\/\/site.ifes.edu.br\/cmvv\/wp-content\/uploads\/sites\/19\/2024\/10\/volume4.jpg 418w, https:\/\/site.ifes.edu.br\/cmvv\/wp-content\/uploads\/sites\/19\/2024\/10\/volume4-213x300.jpg 213w\" sizes=\"(max-width: 420px) 100vw, 420px\" \/><\/p>\r\n<p style=\"text-align: justify\">O quarto volume da cole\u00e7\u00e3o Qu\u00edmica Forense, <em>&#8220;Toxicologia forense: O golpe do Boa Noite, Cinderela&#8221;<\/em>, mergulha no mundo da toxicologia, abordando um dos crimes mais conhecidos envolvendo a administra\u00e7\u00e3o de subst\u00e2ncias entorpecentes sem consentimento. Desenvolvido por especialistas e publicado pela Editora do Ifes, este volume utiliza uma narrativa din\u00e2mica para ilustrar como a ci\u00eancia forense auxilia na identifica\u00e7\u00e3o e an\u00e1lise dessas subst\u00e2ncias, contribuindo para investiga\u00e7\u00f5es criminais. A hist\u00f3ria \u00e9 uma valiosa ferramenta educacional para estudantes e profissionais, combinando conhecimento t\u00e9cnico com um enredo cativante que destaca a relev\u00e2ncia da toxicologia na sociedade atual. Aproveite a leitura e aprenda mais sobre como a qu\u00edmica forense pode proteger vidas e garantir a justi\u00e7a!\u200b<\/p>\r\n<p><strong>VOLUME 5:<\/strong><\/p>\r\n<p><img loading=\"lazy\" decoding=\"async\" class=\"alignnone wp-image-1071 size-full aligncenter\" src=\"https:\/\/site.ifes.edu.br\/cmvv\/wp-content\/uploads\/sites\/19\/2024\/10\/volume5.jpg\" alt=\"\" width=\"419\" height=\"589\" srcset=\"https:\/\/site.ifes.edu.br\/cmvv\/wp-content\/uploads\/sites\/19\/2024\/10\/volume5.jpg 419w, https:\/\/site.ifes.edu.br\/cmvv\/wp-content\/uploads\/sites\/19\/2024\/10\/volume5-213x300.jpg 213w\" sizes=\"(max-width: 419px) 100vw, 419px\" \/><\/p>\r\n<p style=\"text-align: justify\">O quinto volume da s\u00e9rie de hist\u00f3rias em quadrinhos sobre Qu\u00edmica Forense, <em>&#8220;Combatendo a adultera\u00e7\u00e3o do azeite de oliva extravirgem&#8221;<\/em>, \u00e9 resultado de uma parceria entre o Instituto Federal do Esp\u00edrito Santo (Ifes) e o Laborat\u00f3rio de Petrole\u00f4mica e Forense da Universidade Federal do Esp\u00edrito Santo (Ufes). Esta obra apresenta uma narrativa intrigante que acompanha um perito estagi\u00e1rio em uma investiga\u00e7\u00e3o sobre fraudes em azeites de oliva, abordando t\u00e9cnicas de espectroscopia e m\u00e9todos anal\u00edticos para autenticar a pureza do produto. A hist\u00f3ria busca, de forma divertida e educativa, explicar como a qu\u00edmica forense contribui para a seguran\u00e7a alimentar e o combate a adultera\u00e7\u00f5es. Este volume \u00e9 indicado para estudantes e profissionais interessados em ci\u00eancia forense e controle de qualidade. Uma excelente leitura para todos!\u200b<\/p>\r\n<p><strong>VOLUME 6:<\/strong><\/p>\r\n<p><img loading=\"lazy\" decoding=\"async\" class=\"alignnone wp-image-1070 size-full aligncenter\" src=\"https:\/\/site.ifes.edu.br\/cmvv\/wp-content\/uploads\/sites\/19\/2024\/10\/volume6.jpg\" alt=\"\" width=\"424\" height=\"592\" srcset=\"https:\/\/site.ifes.edu.br\/cmvv\/wp-content\/uploads\/sites\/19\/2024\/10\/volume6.jpg 424w, https:\/\/site.ifes.edu.br\/cmvv\/wp-content\/uploads\/sites\/19\/2024\/10\/volume6-215x300.jpg 215w\" sizes=\"(max-width: 424px) 100vw, 424px\" \/><\/p>\r\n<p style=\"text-align: justify\">O sexto volume da cole\u00e7\u00e3o Qu\u00edmica Forense, intitulado <em>&#8220;Ch\u00e1s e elementos t\u00f3xicos&#8221;<\/em>, \u00e9 uma obra que combina entretenimento e educa\u00e7\u00e3o cient\u00edfica. Esta publica\u00e7\u00e3o foi realizada pela Editora do Instituto Federal do Esp\u00edrito Santo (Ifes), com apoio de diversos especialistas, com o objetivo de conscientizar o p\u00fablico sobre a presen\u00e7a de elementos t\u00f3xicos em infus\u00f5es naturais. Atrav\u00e9s de uma linguagem simples e ilustra\u00e7\u00f5es envolventes, a HQ explora como algumas plantas utilizadas em ch\u00e1s podem conter subst\u00e2ncias qu\u00edmicas nocivas \u00e0 sa\u00fade, abordando conceitos de toxicologia e m\u00e9todos anal\u00edticos para a detec\u00e7\u00e3o desses compostos. O material \u00e9 uma ferramenta educativa voltada para estudantes e profissionais da \u00e1rea, promovendo o conhecimento cient\u00edfico e a conscientiza\u00e7\u00e3o sobre os riscos associados ao consumo inadequado de ch\u00e1s. Boa leitura a todos!\u200b<\/p>\r\n<p><strong>VOLUME 7:<\/strong><\/p>\r\n<p><img loading=\"lazy\" decoding=\"async\" class=\"alignnone wp-image-1069 size-full aligncenter\" src=\"https:\/\/site.ifes.edu.br\/cmvv\/wp-content\/uploads\/sites\/19\/2024\/10\/volume7.jpg\" alt=\"\" width=\"424\" height=\"587\" srcset=\"https:\/\/site.ifes.edu.br\/cmvv\/wp-content\/uploads\/sites\/19\/2024\/10\/volume7.jpg 424w, https:\/\/site.ifes.edu.br\/cmvv\/wp-content\/uploads\/sites\/19\/2024\/10\/volume7-217x300.jpg 217w\" sizes=\"(max-width: 424px) 100vw, 424px\" \/><\/p>\r\n<p style=\"text-align: justify\">O s\u00e9timo volume da colet\u00e2nea de Qu\u00edmica forense em quadrinhos, intitulado \u201cA qu\u00edmica dos canabinoides por tr\u00e1s da maconha\u201d, \u00e9 uma obra desenvolvida com o intuito de apresentar, de forma did\u00e1tica e cient\u00edfica, os principais compostos qu\u00edmicos da cannabis e suas intera\u00e7\u00f5es no organismo. Esta publica\u00e7\u00e3o foi realizada em parceria com institui\u00e7\u00f5es acad\u00eamicas e cient\u00edficas, buscando promover o conhecimento sobre a estrutura, fun\u00e7\u00e3o e efeitos dos canabinoides, como THC e CBD, al\u00e9m de explorar conceitos de farmacologia e bioqu\u00edmica. Atrav\u00e9s de ilustra\u00e7\u00f5es e narrativas envolventes, a obra aborda como os canabinoides se ligam a receptores espec\u00edficos do sistema endocanabinoide, explicando fen\u00f4menos como relaxamento, analgesia e altera\u00e7\u00f5es cognitivas. A HQ tamb\u00e9m destaca o impacto do uso medicinal e recreativo da maconha, proporcionando uma perspectiva cr\u00edtica e cient\u00edfica para educadores, estudantes e o p\u00fablico em geral. Este material visa contribuir para a difus\u00e3o da ci\u00eancia, sendo uma ferramenta educacional valiosa para o ensino, pesquisa e extens\u00e3o. A todos, uma excelente leitura!<\/p>\r\n\r\n\r\n\r\n<p>Acesso ao\u00a0<strong>Formul\u00e1rio<\/strong>\u00a0para avalia\u00e7\u00e3o das Hist\u00f3rias em quadrinhos da colet\u00e2nea:<\/p>\r\n\r\n\r\n\r\n<p><a href=\"https:\/\/docs.google.com\/forms\/d\/e\/1FAIpQLSdFWhIPQCmaUMQvz5VuzoH21CcNzpUqPTkCuBMsq31qs30lUA\/viewform\" target=\"_blank\" rel=\"noreferrer noopener\">https:\/\/docs.google.com\/forms\/d\/e\/1FAIpQLSdFWhIPQCmaUMQvz5VuzoH21CcNzpUqPTkCuBMsq31qs30lUA\/viewform(link is external)<\/a><\/p>\r\n\r\n\r\n\r\n<p>Anexo(s):\u00a0<\/p>\r\n\r\n\r\n\r\n<p><img decoding=\"async\" src=\"https:\/\/petroforense.ufes.br\/modules\/file\/icons\/application-pdf.png\" alt=\"PDF icon\" \/><a href=\"https:\/\/petroforense.ufes.br\/sites\/petroforense.ufes.br\/files\/field\/anexo\/hq_v1_documentoscopia_forense_versao_final.pdf\" target=\"_blank\" rel=\"noopener\">Volume 1: Documentoscopia &#8211; combatendo a falsifica\u00e7\u00e3o monet\u00e1ria<\/a><\/p>\r\n\r\n\r\n\r\n<p><img decoding=\"async\" src=\"https:\/\/petroforense.ufes.br\/modules\/file\/icons\/application-pdf.png\" alt=\"PDF icon\" \/><a href=\"https:\/\/petroforense.ufes.br\/sites\/petroforense.ufes.br\/files\/field\/anexo\/hq_v2_local_crime_versao_final.pdf\" target=\"_blank\" rel=\"noopener\">Volume 2: Desvendando a cena do crime<\/a><\/p>\r\n\r\n\r\n\r\n<p><img decoding=\"async\" src=\"https:\/\/petroforense.ufes.br\/modules\/file\/icons\/application-pdf.png\" alt=\"PDF icon\" \/><a href=\"https:\/\/petroforense.ufes.br\/sites\/petroforense.ufes.br\/files\/field\/anexo\/hq_v3_po_branco_escondido_na_mala_versao_final.pdf\" target=\"_blank\" rel=\"noopener\">Volume 3: O p\u00f3 branco escondido na mala<\/a><\/p>\r\n<p><a href=\"https:\/\/edifes.ifes.edu.br\/images\/stories\/DOI\/9788582637142.pdf\" target=\"_blank\" rel=\"noopener\">Volume 4: Toxicologia forense, o golpe do &#8216;boa noite cinderela&#8217;<\/a><\/p>\r\n<p><a href=\"https:\/\/edifes.ifes.edu.br\/images\/stories\/DOI\/9788582637128.pdf\" target=\"_blank\" rel=\"noopener\">Volume 5: Combatendo a adultera\u00e7\u00e3o do azeite de oliva extravirgem<\/a><\/p>\r\n<p><a href=\"https:\/\/edifes.ifes.edu.br\/images\/stories\/DOI\/9788582637111.pdf\" target=\"_blank\" rel=\"noopener\">Volume 6: Ch\u00e1s e elementos t\u00f3xicos<\/a><\/p>\r\n<p><a href=\"https:\/\/edifes.ifes.edu.br\/images\/stories\/DOI\/9788582636336.pdf\">Volume 7: A qu\u00edmica dos canabinoides por tr\u00e1s da maconha<\/a><\/p>\r\n<h1 id=\"page-title\">Caf\u00e9 sombreado: uma abordagem multidisciplinar.<\/h1>\r\n<p><img loading=\"lazy\" decoding=\"async\" class=\"wp-image-1076  aligncenter\" src=\"https:\/\/site.ifes.edu.br\/cmvv\/wp-content\/uploads\/sites\/19\/2024\/10\/cafe.jpg\" alt=\"\" width=\"420\" height=\"603\" srcset=\"https:\/\/site.ifes.edu.br\/cmvv\/wp-content\/uploads\/sites\/19\/2024\/10\/cafe.jpg 475w, https:\/\/site.ifes.edu.br\/cmvv\/wp-content\/uploads\/sites\/19\/2024\/10\/cafe-209x300.jpg 209w\" sizes=\"(max-width: 420px) 100vw, 420px\" \/><\/p>\r\n<p style=\"text-align: justify\">O livro &#8220;Caf\u00e9 Sombreado: Uma Abordagem Multidisciplinar&#8221; apresenta uma an\u00e1lise aprofundada sobre a aplica\u00e7\u00e3o de sistemas agroflorestais (SAFs) na cafeicultura, com \u00eanfase em experi\u00eancias realizadas no Esp\u00edrito Santo pelo Incaper. A obra se inicia com um panorama hist\u00f3rico do cultivo de caf\u00e9 no estado e a introdu\u00e7\u00e3o dos SAFs, destacando suas vantagens produtivas e ambientais. Aborda-se, em seguida, a decomposi\u00e7\u00e3o de diferentes esp\u00e9cies como ing\u00e1, bananeira, pupunha e gliric\u00eddia, discutindo a sincroniza\u00e7\u00e3o entre a libera\u00e7\u00e3o de nutrientes e as necessidades do cafeeiro. A an\u00e1lise dos efeitos de \u00e1rvores na intercepta\u00e7\u00e3o da chuva e na reten\u00e7\u00e3o de umidade do solo tamb\u00e9m \u00e9 explorada, assim como a composi\u00e7\u00e3o qu\u00edmica e a qualidade sensorial do caf\u00e9 conilon cultivado em cons\u00f3rcios agroflorestais. O livro investiga a viabilidade econ\u00f4mica desses cons\u00f3rcios, avaliando custos, efici\u00eancia no uso da terra e necessidade de m\u00e3o de obra. Em outro cap\u00edtulo, destaca-se a import\u00e2ncia da participa\u00e7\u00e3o comunit\u00e1ria na avalia\u00e7\u00e3o da sustentabilidade das lavouras, integrando a percep\u00e7\u00e3o de agricultores familiares. A obra tamb\u00e9m ressalta iniciativas como a Feira Agroecol\u00f3gica da Ufes, que promove a economia solid\u00e1ria e valoriza a produ\u00e7\u00e3o familiar. Al\u00e9m disso, explora a composi\u00e7\u00e3o qu\u00edmica e a aplicabilidade da gliric\u00eddia como esp\u00e9cie-chave nos SAFs, proporcionando servi\u00e7os ecol\u00f3gicos e benef\u00edcios econ\u00f4micos. Finalizando, o livro sintetiza as li\u00e7\u00f5es aprendidas e oferece perspectivas futuras para a ado\u00e7\u00e3o de SAFs, ressaltando a import\u00e2ncia dessa abordagem integrada para aliar produtividade \u00e0 preserva\u00e7\u00e3o ambiental e \u00e0 sustentabilidade socioecon\u00f4mica. Convidamos o leitor a explorar as p\u00e1ginas desta obra, que oferece uma vis\u00e3o pr\u00e1tica e cient\u00edfica sobre os desafios e as oportunidades da cafeicultura sustent\u00e1vel, inspirando novas formas de produzir e preservar. Boa leitura!<\/p>\r\n\r\n\r\n\r\n<p>Acesse: <a href=\"http:\/\/biblioteca.incaper.es.gov.br\/digital\/handle\/item\/4652\">Livro &#8211; Caf\u00e9 sombreado: uma abordagem multidisciplinar.<\/a><\/p>\r\n","protected":false},"excerpt":{"rendered":"<p>Cole\u00e7\u00e3o Qu\u00edmica Forense VOLUME 1: O primeiro volume da colet\u00e2nea de livros de Qu\u00edmica forense titulado em \u201cDocumentoscopia: combatendo a falsifica\u00e7\u00e3o monet\u00e1ria\u201d \u00e9 fruto de um projeto de Inicia\u00e7\u00e3o Cient\u00edfica do Instituto Federal do Esp\u00edrito Santo (Ifes) \u2013 Campus Vila Velha (Edital 04\/2019 &#8211; Pibic-Jr) em parceria com o Grupo de Estudos em Microscopia (GEM &hellip; <\/p>\n<p class=\"link-more\"><a href=\"https:\/\/site.ifes.edu.br\/cmvv\/livros\/\" class=\"more-link\">Continue lendo<span class=\"screen-reader-text\"> &#8220;Livros&#8221;<\/span><\/a><\/p>\n","protected":false},"author":18,"featured_media":0,"parent":0,"menu_order":0,"comment_status":"closed","ping_status":"closed","template":"","meta":{"footnotes":""},"class_list":["post-162","page","type-page","status-publish","hentry"],"_links":{"self":[{"href":"https:\/\/site.ifes.edu.br\/cmvv\/wp-json\/wp\/v2\/pages\/162"}],"collection":[{"href":"https:\/\/site.ifes.edu.br\/cmvv\/wp-json\/wp\/v2\/pages"}],"about":[{"href":"https:\/\/site.ifes.edu.br\/cmvv\/wp-json\/wp\/v2\/types\/page"}],"author":[{"embeddable":true,"href":"https:\/\/site.ifes.edu.br\/cmvv\/wp-json\/wp\/v2\/users\/18"}],"replies":[{"embeddable":true,"href":"https:\/\/site.ifes.edu.br\/cmvv\/wp-json\/wp\/v2\/comments?post=162"}],"version-history":[{"count":12,"href":"https:\/\/site.ifes.edu.br\/cmvv\/wp-json\/wp\/v2\/pages\/162\/revisions"}],"predecessor-version":[{"id":1253,"href":"https:\/\/site.ifes.edu.br\/cmvv\/wp-json\/wp\/v2\/pages\/162\/revisions\/1253"}],"wp:attachment":[{"href":"https:\/\/site.ifes.edu.br\/cmvv\/wp-json\/wp\/v2\/media?parent=162"}],"curies":[{"name":"wp","href":"https:\/\/api.w.org\/{rel}","templated":true}]}}