{"id":1617,"date":"2024-12-04T12:22:24","date_gmt":"2024-12-04T15:22:24","guid":{"rendered":"https:\/\/site.ifes.edu.br\/cmvv\/?page_id=1617"},"modified":"2025-02-19T17:00:06","modified_gmt":"2025-02-19T20:00:06","slug":"solicitacao-de-servicos","status":"publish","type":"page","link":"https:\/\/site.ifes.edu.br\/cmvv\/solicitacao-de-servicos\/","title":{"rendered":"Solicita\u00e7\u00e3o de Servi\u00e7os"},"content":{"rendered":"<h2><strong>Modalidade Acad\u00eamica<\/strong><\/h2>\n<ul>\n<li style=\"text-align: justify\">A solicita\u00e7\u00e3o de servi\u00e7os ser\u00e1 avaliada mediante preenchimento do <em><a style=\"color: #000000;font-style: normal;text-align: start\" href=\"https:\/\/forms.gle\/V7iQKiz6xxb9JfRaA\" target=\"_blank\" rel=\"noopener\">Formul\u00e1rio online<\/a><\/em>;<\/li>\n<\/ul>\n<ul>\n<li style=\"text-align: justify\">Deve-se anexar obrigatoriamente em campo espec\u00edfico do formul\u00e1rio online o arquivo <em>&#8220;<a href=\"https:\/\/site.ifes.edu.br\/cmvv\/wp-content\/uploads\/sites\/19\/2025\/02\/Termo-de-Compromisso-e-Responsabilidade-Modalidade-Academica-1.docx\">Termo de Compromisso e Responsabilidade &#8211; Modalidade Acad\u00eamica<\/a>&#8220;<\/em> devidamente preenchido e<strong> assinado pelo orientador<\/strong>, em caso de pesquisa acad\u00eamica;<\/li>\n<\/ul>\n<ul>\n<li style=\"text-align: justify\">Solicita-se que, juntamente com cada amostra devidamente identificada, sejam fornecidos filtros de 0,22 \u00b5m, seringas pl\u00e1sticas descart\u00e1veis (at\u00e9 5 mL) e frascos do tipo <em>vial<\/em> (2 mL) ou microtubos Eppendorf;<\/li>\n<\/ul>\n<ul style=\"text-align: justify\">\n<li>O res\u00edduo gerado durante a an\u00e1lise dever\u00e1 ser retirado pelo solicitante no momento da devolu\u00e7\u00e3o das amostras analisadas;<\/li>\n<\/ul>\n<ul>\n<li style=\"text-align: justify\">Para an\u00e1lises envolvendo HPLC e UHPLC-MS o solicitante dever\u00e1 disponibilizar a fase m\u00f3vel, a coluna cromatogr\u00e1fica e o respectivo m\u00e9todo anal\u00edtico;<\/li>\n<\/ul>\n<ul>\n<li style=\"text-align: justify\">A aus\u00eancia de assinatura do orientador no <em>Termo de Compromisso e Responsabilidade<\/em> acarretar\u00e1 na invalida\u00e7\u00e3o da solicita\u00e7\u00e3o de servi\u00e7o;<\/li>\n<\/ul>\n<ul>\n<li style=\"text-align: justify\">O agendamento das an\u00e1lises ser\u00e1 confirmado via e-mail (servico.cmvvifes@gmail.com), seguindo a ordem de solicita\u00e7\u00e3o e a disponibilidade dos equipamentos;<\/li>\n<\/ul>\n<ul>\n<li>Qualquer d\u00favida, favor contactar pelo e-mail\u00a0<a href=\"mailto:cmvvifes@gmail.com\" target=\"_blank\" rel=\"noopener\">servico.cmvvifes@gmail.com<\/a>\u00a0ou presencialmente.<\/li>\n<\/ul>\n<h2 style=\"text-align: center\">[DISPON\u00cdVEL EM BREVE]<\/h2>\n<h2><strong>Modalidade Empresa<\/strong><\/h2>\n<p>Formul\u00e1rio online<\/p>\n<p>&nbsp;<\/p>\n","protected":false},"excerpt":{"rendered":"<p>Modalidade Acad\u00eamica A solicita\u00e7\u00e3o de servi\u00e7os ser\u00e1 avaliada mediante preenchimento do Formul\u00e1rio online; Deve-se anexar obrigatoriamente em campo espec\u00edfico do formul\u00e1rio online o arquivo &#8220;Termo de Compromisso e Responsabilidade &#8211; Modalidade Acad\u00eamica&#8220; devidamente preenchido e assinado pelo orientador, em caso de pesquisa acad\u00eamica; Solicita-se que, juntamente com cada amostra devidamente identificada, sejam fornecidos filtros de &hellip; <\/p>\n<p class=\"link-more\"><a href=\"https:\/\/site.ifes.edu.br\/cmvv\/solicitacao-de-servicos\/\" class=\"more-link\">Continue lendo<span class=\"screen-reader-text\"> &#8220;Solicita\u00e7\u00e3o de Servi\u00e7os&#8221;<\/span><\/a><\/p>\n","protected":false},"author":18,"featured_media":0,"parent":0,"menu_order":0,"comment_status":"closed","ping_status":"closed","template":"","meta":{"footnotes":""},"class_list":["post-1617","page","type-page","status-publish","hentry"],"_links":{"self":[{"href":"https:\/\/site.ifes.edu.br\/cmvv\/wp-json\/wp\/v2\/pages\/1617"}],"collection":[{"href":"https:\/\/site.ifes.edu.br\/cmvv\/wp-json\/wp\/v2\/pages"}],"about":[{"href":"https:\/\/site.ifes.edu.br\/cmvv\/wp-json\/wp\/v2\/types\/page"}],"author":[{"embeddable":true,"href":"https:\/\/site.ifes.edu.br\/cmvv\/wp-json\/wp\/v2\/users\/18"}],"replies":[{"embeddable":true,"href":"https:\/\/site.ifes.edu.br\/cmvv\/wp-json\/wp\/v2\/comments?post=1617"}],"version-history":[{"count":21,"href":"https:\/\/site.ifes.edu.br\/cmvv\/wp-json\/wp\/v2\/pages\/1617\/revisions"}],"predecessor-version":[{"id":1728,"href":"https:\/\/site.ifes.edu.br\/cmvv\/wp-json\/wp\/v2\/pages\/1617\/revisions\/1728"}],"wp:attachment":[{"href":"https:\/\/site.ifes.edu.br\/cmvv\/wp-json\/wp\/v2\/media?parent=1617"}],"curies":[{"name":"wp","href":"https:\/\/api.w.org\/{rel}","templated":true}]}}