{"id":161,"date":"2023-03-03T08:45:18","date_gmt":"2023-03-03T11:45:18","guid":{"rendered":"https:\/\/site.ifes.edu.br\/cmvv\/?page_id=161"},"modified":"2025-05-13T10:20:00","modified_gmt":"2025-05-13T13:20:00","slug":"apoio-tecnico","status":"publish","type":"page","link":"https:\/\/site.ifes.edu.br\/cmvv\/apoio-tecnico\/","title":{"rendered":"Apoio T\u00e9cnico"},"content":{"rendered":"\r\n<p>Os apoios t\u00e9cnicos atuam auxiliando nas an\u00e1lises de rotina e projetos vigentes.<\/p>\r\n<p style=\"text-align: left\"><strong>Jo\u00e3o Victor Mac\u00eado de Almeida<\/strong><\/p>\r\n<p>\r\n\r\n<\/p>\r\n<figure class=\"wp-block-image is-resized\"><img decoding=\"async\" class=\"alignleft\" src=\"http:\/\/servicosweb.cnpq.br\/wspessoa\/servletrecuperafoto?tipo=1&amp;id=K8606099A4\" alt=\"\" width=\"140\" height=\"140\" \/><\/figure>\r\n<p>\r\n\r\n<\/p>\r\n<p style=\"text-align: justify\">Formado no curso de gradua\u00e7\u00e3o em Qu\u00edmica Forense pela Universidade Federal de Pelotas (UFPEL) e atualmente aluno de mestrado em qu\u00edmica na UFES. Possui experi\u00eancia na \u00e1rea de qu\u00edmica com \u00eanfase em ci\u00eancias ambientais, ci\u00eancias forenses, papiloscopia e qu\u00edmica forense.<\/p>\r\n<p>\r\n\r\n<\/p>\r\n<p style=\"text-align: left\">Curr\u00edculo lattes: <a href=\"http:\/\/lattes.cnpq.br\/9363882066586198\" target=\"_blank\" rel=\"noopener\">http:\/\/lattes.cnpq.br\/936388206658619898<\/a><\/p>\r\n\r\n\r\n","protected":false},"excerpt":{"rendered":"<p>Os apoios t\u00e9cnicos atuam auxiliando nas an\u00e1lises de rotina e projetos vigentes. Jo\u00e3o Victor Mac\u00eado de Almeida Formado no curso de gradua\u00e7\u00e3o em Qu\u00edmica Forense pela Universidade Federal de Pelotas (UFPEL) e atualmente aluno de mestrado em qu\u00edmica na UFES. Possui experi\u00eancia na \u00e1rea de qu\u00edmica com \u00eanfase em ci\u00eancias ambientais, ci\u00eancias forenses, papiloscopia e &hellip; <\/p>\n<p class=\"link-more\"><a href=\"https:\/\/site.ifes.edu.br\/cmvv\/apoio-tecnico\/\" class=\"more-link\">Continue lendo<span class=\"screen-reader-text\"> &#8220;Apoio T\u00e9cnico&#8221;<\/span><\/a><\/p>\n","protected":false},"author":18,"featured_media":0,"parent":0,"menu_order":0,"comment_status":"closed","ping_status":"closed","template":"","meta":{"footnotes":""},"class_list":["post-161","page","type-page","status-publish","hentry"],"_links":{"self":[{"href":"https:\/\/site.ifes.edu.br\/cmvv\/wp-json\/wp\/v2\/pages\/161"}],"collection":[{"href":"https:\/\/site.ifes.edu.br\/cmvv\/wp-json\/wp\/v2\/pages"}],"about":[{"href":"https:\/\/site.ifes.edu.br\/cmvv\/wp-json\/wp\/v2\/types\/page"}],"author":[{"embeddable":true,"href":"https:\/\/site.ifes.edu.br\/cmvv\/wp-json\/wp\/v2\/users\/18"}],"replies":[{"embeddable":true,"href":"https:\/\/site.ifes.edu.br\/cmvv\/wp-json\/wp\/v2\/comments?post=161"}],"version-history":[{"count":14,"href":"https:\/\/site.ifes.edu.br\/cmvv\/wp-json\/wp\/v2\/pages\/161\/revisions"}],"predecessor-version":[{"id":1818,"href":"https:\/\/site.ifes.edu.br\/cmvv\/wp-json\/wp\/v2\/pages\/161\/revisions\/1818"}],"wp:attachment":[{"href":"https:\/\/site.ifes.edu.br\/cmvv\/wp-json\/wp\/v2\/media?parent=161"}],"curies":[{"name":"wp","href":"https:\/\/api.w.org\/{rel}","templated":true}]}}