{"id":160,"date":"2023-03-03T08:45:18","date_gmt":"2023-03-03T11:45:18","guid":{"rendered":"https:\/\/site.ifes.edu.br\/cmvv\/?page_id=160"},"modified":"2026-04-06T15:51:58","modified_gmt":"2026-04-06T18:51:58","slug":"pos-doutorado","status":"publish","type":"page","link":"https:\/\/site.ifes.edu.br\/cmvv\/pos-doutorado\/","title":{"rendered":"P\u00f3s-Doutorado"},"content":{"rendered":"\r\n<p><strong>Dra. Amanda Eiriz Feu<\/strong><\/p>\r\n<p><img decoding=\"async\" class=\"size-thumbnail wp-image-2074 alignleft\" src=\"https:\/\/site.ifes.edu.br\/cmvv\/wp-content\/uploads\/sites\/19\/2026\/04\/amanda-150x150.jpg\" alt=\"\" width=\"150\" height=\"150\" srcset=\"https:\/\/site.ifes.edu.br\/cmvv\/wp-content\/uploads\/sites\/19\/2026\/04\/amanda-150x150.jpg 150w, https:\/\/site.ifes.edu.br\/cmvv\/wp-content\/uploads\/sites\/19\/2026\/04\/amanda-100x100.jpg 100w\" sizes=\"(max-width: 150px) 100vw, 150px\" \/><\/p>\r\n<p style=\"text-align: justify\">Graduada em Qu\u00edmica pela Universidade Federal do Esp\u00edrito Santo (2018), com mestrado (2020) e doutorado (2024) pela mesma institui\u00e7\u00e3o, com \u00eanfase em Produtos Naturais. Ao longo de sua trajet\u00f3ria acad\u00eamica, publicou artigos cient\u00edficos em revistas de alto impacto, destacando-se pela investiga\u00e7\u00e3o de alcaloides da fam\u00edlia Amaryllidaceae e sua aplica\u00e7\u00e3o em estudos farmacol\u00f3gicos. Possui experi\u00eancia em Qu\u00edmica Org\u00e2nica e Fitoqu\u00edmica, com contribui\u00e7\u00f5es significativas no desenvolvimento de m\u00e9todos anal\u00edticos, particularmente no uso de Espectrometria de Massas de alta e baixa resolu\u00e7\u00e3o para a caracteriza\u00e7\u00e3o de metab\u00f3litos secund\u00e1rios. Sua produ\u00e7\u00e3o acad\u00eamica refor\u00e7a sua expertise em t\u00e9cnicas metabol\u00f4micas e no emprego da plataforma GNPS para an\u00e1lise e interpreta\u00e7\u00e3o de dados. Atualmente, \u00e9 pesquisadora no Instituto Nacional de Ci\u00eancia e Tecnologia Forense, n\u00edvel DTI A, atuando no Centro Multiusu\u00e1rio para o Desenvolvimento Tecnol\u00f3gico e Inova\u00e7\u00e3o de Vila Velha localizado no IFES Vila Velha, onde tamb\u00e9m possui experi\u00eancia na \u00e1rea de petrole\u00f4mica.<\/p>\r\n<p><a href=\"http:\/\/lattes.cnpq.br\/0261756129729733\" target=\"_blank\" rel=\"noopener\">Curr\u00edculo lattes<\/a><\/p>\r\n<p>&nbsp;<\/p>\r\n<p><strong>Dra. Carla Santana Francisco<\/strong><\/p>\r\n<p style=\"text-align: justify\"><img decoding=\"async\" class=\"size-thumbnail wp-image-2071 alignleft\" src=\"https:\/\/site.ifes.edu.br\/cmvv\/wp-content\/uploads\/sites\/19\/2026\/04\/carla-150x150.jpg\" alt=\"\" width=\"150\" height=\"150\" srcset=\"https:\/\/site.ifes.edu.br\/cmvv\/wp-content\/uploads\/sites\/19\/2026\/04\/carla-150x150.jpg 150w, https:\/\/site.ifes.edu.br\/cmvv\/wp-content\/uploads\/sites\/19\/2026\/04\/carla-100x100.jpg 100w\" sizes=\"(max-width: 150px) 100vw, 150px\" \/>Possui Licenciatura em Qu\u00edmica (2006), UNESP, atuando na Qu\u00edmica dos Produtos Naturais. Possui Mestrado em Qu\u00edmica Medicinal (2008) pela Universidade do Minho (Braga &#8211; Portugal) atuando na s\u00edntese de an\u00e1logos da tacrina, inibidor da acetilcolinesterase. Participou num Projeto de Investiga\u00e7\u00e3o (2009) no Grupo de Ci\u00eancias Qu\u00edmicas e Radiofarmac\u00eauticas no Instituto Tecnol\u00f3gico e Nuclear, Lisboa (Portugal) em colabora\u00e7\u00e3o com a Universit\u00e0 degli Studi del Piemonte Orientale &#8221;Amedeo Avogadro&#8221; (Alessandria &#8211; It\u00e1lia). Possui Doutorado em Ci\u00eancias (2013) &#8211; Especialidade em Qu\u00edmica &#8211; na Universidade do Minho (Braga &#8211; Portugal), atuando nos seguintes temas: an\u00e1logos do psoraleno como potenciais agentes antitumorais. Desenvolveu um Projeto de P\u00f3s-Doutorado (2015-2018), na Universidade Federal do Esp\u00edrito Santo (UFES), como bolsista Fapes, atuando nos seguintes temas: s\u00edntese de derivados de cumarina como potenciais inibidores enzim\u00e1ticos (MAOs e acetilcolinesterases), estudo de modelagem molecular, ensaios biol\u00f3gicos. Desenvolveu atividades de apoio ao laborat\u00f3rio de Resson\u00e2nica Magn\u00e9tica Nuclear de alto campo na UFES (2018-2019). Recentemente, desenvolveu um Projeto de P\u00f3s-Doutorado na UFES, como bolsista Capes, atuando nos seguintes temas: s\u00edntese de derivados de cumarina como potenciais inibidores enzim\u00e1ticos da glicog\u00eanio sintase quinase. T\u00eam experi\u00eancia e interesse nas seguintes \u00e1reas e temas: Qu\u00edmica Org\u00e2nica, Qu\u00edmica Medicinal, S\u00edntese Org\u00e2nica, Compostos Heteroc\u00edclicos, Cumarina, Derivados de Cumarina, Produtos Naturais, Compostos Triaz\u00f3licos, Doen\u00e7as Neurol\u00f3gicas e Neurodegenerativas, Inibidores Enzim\u00e1ticos, Antitumorais, Antibacterianos, Estudos de Modelagem Molecular e Planejamento de Candidatos \u00e0 F\u00e1rmacos.<\/p>\r\n<p><a href=\"http:\/\/lattes.cnpq.br\/1420535236239995\" target=\"_blank\" rel=\"noopener\">Curr\u00edculo lattes<\/a><\/p>\r\n<p>&nbsp;<\/p>\r\n<p><strong>Dr. Eclair Venturini Filho<\/strong><\/p>\r\n<p><img decoding=\"async\" class=\"alignleft wp-image-1886 size-thumbnail\" src=\"https:\/\/site.ifes.edu.br\/cmvv\/wp-content\/uploads\/sites\/19\/2025\/08\/eclair-150x150.jpg\" alt=\"\" width=\"150\" height=\"150\" srcset=\"https:\/\/site.ifes.edu.br\/cmvv\/wp-content\/uploads\/sites\/19\/2025\/08\/eclair-150x150.jpg 150w, https:\/\/site.ifes.edu.br\/cmvv\/wp-content\/uploads\/sites\/19\/2025\/08\/eclair-100x100.jpg 100w\" sizes=\"(max-width: 150px) 100vw, 150px\" \/><\/p>\r\n<p style=\"text-align: justify\">Bacharel em Qu\u00edmica pela Universidade Federal de Vi\u00e7osa UFV (2014), com pesquisa na s\u00edntese de complexos bioativos e fungicidas derivados de ditiocarbimatos. Mestre em Qu\u00edmica pela Universidade Federal do Esp\u00edrito Santo UFES (2016), com estudos em compostos de coordena\u00e7\u00e3o luminescentes derivados de metais Terras Raras. Doutor em Qu\u00edmica pela UFES (2021), com pesquisa na s\u00edntese de novos h\u00edbridos moleculares contendo n\u00facleos heteroc\u00edclicos e ferroceno, visando potencial atividade antic\u00e2ncer. Licenciado em Qu\u00edmica pela UFES (2023), com projeto voltado para propostas de itiner\u00e1rios formativos do Novo Ensino M\u00e9dio. Realizou p\u00f3s-doutorado na UFES, investigando a s\u00edntese estereosseletiva, ancoragem molecular e avalia\u00e7\u00e3o das atividades antioxidante e antiproliferativa de novos polifen\u00f3is naftoquin\u00f4nicos. Atualmente realiza p\u00f3s-doutoramento no Instituto Federal do Esp\u00edrito Santo Campus Vila Velha, no Centro Multiusu\u00e1rio para o Desenvolvimento Tecnol\u00f3gico e Inova\u00e7\u00e3o de Vila Velha (CMVV), desenvolvendo pesquisa com t\u00e9cnicas de espectrometria de massas e cromatografia l\u00edquida de alta efici\u00eancia na \u00e1rea de qu\u00edmica anal\u00edtica e toxicologia forense, com foco em estudos \u00f4micos para caracteriza\u00e7\u00e3o e valoriza\u00e7\u00e3o de produtos agroindustriais do Esp\u00edrito Santo.<\/p>\r\n<p><a href=\"http:\/\/lattes.cnpq.br\/5693013745115587\" target=\"_blank\" rel=\"noopener\">Curr\u00edculo lattes<\/a><\/p>\r\n<p>&nbsp;<\/p>\r\n<p><strong>Dra. Larissa Campos Motta<\/strong><\/p>\r\n<p style=\"text-align: justify\"><img loading=\"lazy\" decoding=\"async\" class=\"alignleft wp-image-1884 size-thumbnail\" src=\"https:\/\/site.ifes.edu.br\/cmvv\/wp-content\/uploads\/sites\/19\/2025\/08\/IMG_9184-1-150x150.jpg\" alt=\"\" width=\"150\" height=\"150\" srcset=\"https:\/\/site.ifes.edu.br\/cmvv\/wp-content\/uploads\/sites\/19\/2025\/08\/IMG_9184-1-150x150.jpg 150w, https:\/\/site.ifes.edu.br\/cmvv\/wp-content\/uploads\/sites\/19\/2025\/08\/IMG_9184-1-100x100.jpg 100w\" sizes=\"(max-width: 150px) 100vw, 150px\" \/>Licenciada em Qu\u00edmica pelo Instituto Federal do Esp\u00edrito Santo (IFES, 2014), Mestre (2018) e Doutora (2025) em Qu\u00edmica pela Universidade Federal do Esp\u00edrito Santo (UFES). No mestrado, desenvolvi um projeto interdisciplinar e pioneiro na \u00e1rea de Entomologia Forense, aplicando t\u00e9cnicas de Bal\u00edstica Forense para a detec\u00e7\u00e3o de res\u00edduos de disparo de arma de fogo em larvas cadav\u00e9ricas. A metodologia empregou Espectrometria de Emiss\u00e3o \u00d3ptica com Plasma Indutivamente Acoplado (ICP OES) para a quantifica\u00e7\u00e3o dos res\u00edduos met\u00e1licos, demonstrando o potencial forense da t\u00e9cnica na investiga\u00e7\u00e3o de crimes envolvendo armas de fogo.Atuei profissionalmente na empresa Alianto, inicialmente como Assistente da Qualidade e, posteriormente, como Assistente T\u00e9cnico de N\u00edvel Superior, prestando suporte t\u00e9cnico especializado a clientes, realizando planejamento e execu\u00e7\u00e3o de experimentos para valida\u00e7\u00e3o de m\u00e9todos, al\u00e9m de contribuir para a implementa\u00e7\u00e3o de Boas Pr\u00e1ticas de Laborat\u00f3rio (BPL) e desenvolvimento de metodologias anal\u00edticas.Durante o doutorado, concentrei minha pesquisa na \u00e1rea de metabol\u00f4mica e lipid\u00f4mica aplicada \u00e0 sa\u00fade humana, com \u00eanfase na identifica\u00e7\u00e3o de candidatos a biomarcadores de les\u00e3o renal aguda (LRA) em pacientes submetidos ao transplante hep\u00e1tico ortot\u00f3pico. Para isso, utilizei t\u00e9cnicas avan\u00e7adas de espectrometria de massas, como MALDI-TOF MS e LC-MS\/MS, aplicadas a amostras de soro humano coletadas no per\u00edodo p\u00f3s-operat\u00f3rio. O estudo visa contribuir para o diagn\u00f3stico precoce e a compreens\u00e3o dos mecanismos bioqu\u00edmicos envolvidos na LRA, com potencial impacto cl\u00ednico na condu\u00e7\u00e3o terap\u00eautica desses pacientes.<\/p>\r\n<p><a href=\"https:\/\/lattes.cnpq.br\/2912357433377088\" target=\"_blank\" rel=\"noopener\">Curr\u00edculo lattes<\/a><\/p>\r\n<p>&nbsp;<\/p>\r\n<p><strong>Dra. Lindamara Maria de Souza<\/strong><\/p>\r\n<p><img loading=\"lazy\" decoding=\"async\" class=\"wp-image-1885 size-thumbnail alignleft\" src=\"https:\/\/site.ifes.edu.br\/cmvv\/wp-content\/uploads\/sites\/19\/2025\/08\/WhatsApp-Image-2025-08-22-at-11.28.31-150x150.jpeg\" alt=\"\" width=\"150\" height=\"150\" srcset=\"https:\/\/site.ifes.edu.br\/cmvv\/wp-content\/uploads\/sites\/19\/2025\/08\/WhatsApp-Image-2025-08-22-at-11.28.31-150x150.jpeg 150w, https:\/\/site.ifes.edu.br\/cmvv\/wp-content\/uploads\/sites\/19\/2025\/08\/WhatsApp-Image-2025-08-22-at-11.28.31-100x100.jpeg 100w\" sizes=\"(max-width: 150px) 100vw, 150px\" \/>Graduada no curso de Bacharel em Qu\u00edmica pela Universidade Federal do Esp\u00edrito Santo (UFES). Possui est\u00e1gio no Laborat\u00f3rio de Pesquisa e Desenvolvimento de Metodologias para An\u00e1lises de Petr\u00f3leo (LabPetro &#8211; UFES), realizando a caracteriza\u00e7\u00e3o de petr\u00f3leo de po\u00e7os variados. Para a confec\u00e7\u00e3o da monografia estudou o envelhecimento de pol\u00edmeros com finalidade de utiliz\u00e1-los como componentes de dutos flex\u00edveis usados no processo de extra\u00e7\u00e3o e transporte de petr\u00f3leo. Mestre em Qu\u00edmica pela UFES, na \u00e1rea de Qu\u00edmica Anal\u00edtica, sub\u00e1rea Qu\u00edmica Forense, conclu\u00eddo em mar\u00e7o de 2014. Doutora em Qu\u00edmica pela UFES, na \u00e1rea de Qu\u00edmica Anal\u00edtica, sub\u00e1rea Qu\u00edmica do Petr\u00f3leo. P\u00f3s-doutoranda em Qu\u00edmica pela UFES, na \u00e1rea de Qu\u00edmica do Petr\u00f3leo.<\/p>\r\n<p><a href=\"http:\/\/lattes.cnpq.br\/6194660060650807\" target=\"_blank\" rel=\"noopener\">Curr\u00edculo lattes<\/a><\/p>\r\n<p>&nbsp;<\/p>\r\n<p><strong>Dra. Mariane Olivier Brand\u00e3o Arrieiro<\/strong><\/p>\r\n<p style=\"text-align: justify\"><img loading=\"lazy\" decoding=\"async\" class=\"size-thumbnail wp-image-2068 alignleft\" src=\"https:\/\/site.ifes.edu.br\/cmvv\/wp-content\/uploads\/sites\/19\/2026\/04\/mariane-150x150.jpg\" alt=\"\" width=\"150\" height=\"150\" srcset=\"https:\/\/site.ifes.edu.br\/cmvv\/wp-content\/uploads\/sites\/19\/2026\/04\/mariane-150x150.jpg 150w, https:\/\/site.ifes.edu.br\/cmvv\/wp-content\/uploads\/sites\/19\/2026\/04\/mariane-100x100.jpg 100w\" sizes=\"(max-width: 150px) 100vw, 150px\" \/>Possui gradua\u00e7\u00e3o em Engenharia Qu\u00edmica (2019), mestrado (2021) e doutorado em Qu\u00edmica (2026) pela Universidade Federal dos Vales do Jequitinhonha e Mucuri. Possui experi\u00eancia no desenvolvimento de m\u00e9todos eletroanal\u00edticos simples e de baixo custo para aplica\u00e7\u00f5es em an\u00e1lises forenses. Atua como P\u00f3s-doutora no Instituto Federal do Esp\u00edrito Santo &#8211; Campus Vila Velha na \u00e1rea de controle de qualidade de biocombust\u00edveis.<\/p>\r\n<p><a href=\"http:\/\/lattes.cnpq.br\/4888692161363841\" target=\"_blank\" rel=\"noopener\">Curr\u00edculo lattes<\/a><\/p>\r\n<p>&nbsp;<\/p>\r\n<p><strong>Dra. Nayara Araujo dos Santos<\/strong><\/p>\r\n<p>\r\n\r\n\r\n\r\n<\/p>\r\n<p style=\"text-align: justify\"><img loading=\"lazy\" decoding=\"async\" class=\"size-thumbnail wp-image-2079 alignleft\" src=\"https:\/\/site.ifes.edu.br\/cmvv\/wp-content\/uploads\/sites\/19\/2026\/04\/Nayara-150x150.jpg\" alt=\"\" width=\"150\" height=\"150\" srcset=\"https:\/\/site.ifes.edu.br\/cmvv\/wp-content\/uploads\/sites\/19\/2026\/04\/Nayara-150x150.jpg 150w, https:\/\/site.ifes.edu.br\/cmvv\/wp-content\/uploads\/sites\/19\/2026\/04\/Nayara-100x100.jpg 100w\" sizes=\"(max-width: 150px) 100vw, 150px\" \/>Graduada em Qu\u00edmica pelo Instituto Federal do Esp\u00edrito Santo (Ifes) em 2015, com monografia baseada no estudo, por Espectrometria de Massas, do teste colorim\u00e9trico Salt Fast Blue BB para identifica\u00e7\u00e3o de amostras suspeitas de maconha apreendida. Especialista em Educa\u00e7\u00e3o e Divulga\u00e7\u00e3o Cient\u00edfica (EDIV-Ifes, 2022), com pesquisa sobre as potencialidades de uma HQ de Ci\u00eancias Forenses na divulga\u00e7\u00e3o e alfabetiza\u00e7\u00e3o cient\u00edfica. Mestra em Qu\u00edmica pela Universidade Federal do Esp\u00edrito Santo (Ufes) em 2018, com pesquisa sobre canabinoides isom\u00e9ricos e mobilidade i\u00f4nica (UPLC-TWIM-MS). Em 2022, obteve o t\u00edtulo de doutora em Qu\u00edmica pela Ufes, com pesquisa focada no imageamento de tecidos vegetais da Cannabis sativa e Erythroxylum coca por Espectrometria de Massas (Imaging Mass Spectrometry). Atua como docente na P\u00f3s-Gradua\u00e7\u00e3o lato sensu do Ifes &#8211; campus Vila Velha, e como pesquisadora na \u00e1rea de qu\u00edmica anal\u00edtica em estudos por espectrometria de massas, cromatografia l\u00edquida e t\u00e9cnicas espectrosc\u00f3picas (RAMAN, FTIR e NIR), com \u00eanfase na an\u00e1lise de produtos naturais, como a Cannabis, al\u00e9m de seus derivados para controle de qualidade de produtos medicinais, bem como na aplica\u00e7\u00e3o das t\u00e9cnicas susoditas na \u00e1rea de toxicologia forense e controle de qualidade de alimentos e biocombust\u00edveis (PROPEMM).<\/p>\r\n<p>\r\n\r\n<\/p>\r\n<p><a href=\"http:\/\/lattes.cnpq.br\/8370755863930866\" target=\"_blank\" rel=\"noopener\">Curr\u00edculo lattes<\/a><\/p>\r\n<p>\r\n\r\n<\/p>\r\n<p>&nbsp;<\/p>\r\n<p><strong>Dr. Rafael Oliari Muniz<\/strong><\/p>\r\n<p style=\"text-align: justify\"><img loading=\"lazy\" decoding=\"async\" class=\"size-thumbnail wp-image-2069 alignleft\" src=\"https:\/\/site.ifes.edu.br\/cmvv\/wp-content\/uploads\/sites\/19\/2026\/04\/rafael-pos-doc-150x150.png\" alt=\"\" width=\"150\" height=\"150\" srcset=\"https:\/\/site.ifes.edu.br\/cmvv\/wp-content\/uploads\/sites\/19\/2026\/04\/rafael-pos-doc-150x150.png 150w, https:\/\/site.ifes.edu.br\/cmvv\/wp-content\/uploads\/sites\/19\/2026\/04\/rafael-pos-doc-100x100.png 100w\" sizes=\"(max-width: 150px) 100vw, 150px\" \/>Doutor em F\u00edsica pela Universidade Federal do Esp\u00edrito Santo (UFES), com experi\u00eancia na t\u00e9cnica de Resson\u00e2ncia Magn\u00e9tica Nuclear de Baixo Campo aplicada ao estudo de meios porosos e alimentos. Mestre em Ensino de F\u00edsica pela UFES e Sociedade Brasileira de F\u00edsica &#8211; SBF. Atualmente trabalha no Laborat\u00f3rio de Espectroscopia M\u00f6ssbauer e Magnetometria da UFES, onde colabora com a utiliza\u00e7\u00e3o de equipamentos como Difrat\u00f4metro de Raios-X, Analisador Termogravim\u00e9trico, Magnetron Sputtering, Sistema de Medidas de Propriedades F\u00edsicas (PPMS), entre outros. Tamb\u00e9m atua no Laborat\u00f3rio de Resson\u00e2ncia Magn\u00e9tica Nuclear do LabPetro\/UFES conduzindo experimentos no espectr\u00f4metro de RMN de baixo campo. Possui gradua\u00e7\u00e3o em F\u00edsica pela UFES e T\u00e9cnico em Eletrot\u00e9cnica pelo Instituto Federal do Esp\u00edrito Santo &#8211; IFES.<\/p>\r\n<p><a href=\"http:\/\/lattes.cnpq.br\/3488772005733003\" target=\"_blank\" rel=\"noopener\">Curr\u00edculo lattes<\/a><\/p>\r\n<p>&nbsp;<\/p>\r\n","protected":false},"excerpt":{"rendered":"<p>Dra. Amanda Eiriz Feu Graduada em Qu\u00edmica pela Universidade Federal do Esp\u00edrito Santo (2018), com mestrado (2020) e doutorado (2024) pela mesma institui\u00e7\u00e3o, com \u00eanfase em Produtos Naturais. Ao longo de sua trajet\u00f3ria acad\u00eamica, publicou artigos cient\u00edficos em revistas de alto impacto, destacando-se pela investiga\u00e7\u00e3o de alcaloides da fam\u00edlia Amaryllidaceae e sua aplica\u00e7\u00e3o em estudos &hellip; <\/p>\n<p class=\"link-more\"><a href=\"https:\/\/site.ifes.edu.br\/cmvv\/pos-doutorado\/\" class=\"more-link\">Continue lendo<span class=\"screen-reader-text\"> &#8220;P\u00f3s-Doutorado&#8221;<\/span><\/a><\/p>\n","protected":false},"author":18,"featured_media":0,"parent":0,"menu_order":0,"comment_status":"closed","ping_status":"closed","template":"","meta":{"footnotes":""},"class_list":["post-160","page","type-page","status-publish","hentry"],"_links":{"self":[{"href":"https:\/\/site.ifes.edu.br\/cmvv\/wp-json\/wp\/v2\/pages\/160"}],"collection":[{"href":"https:\/\/site.ifes.edu.br\/cmvv\/wp-json\/wp\/v2\/pages"}],"about":[{"href":"https:\/\/site.ifes.edu.br\/cmvv\/wp-json\/wp\/v2\/types\/page"}],"author":[{"embeddable":true,"href":"https:\/\/site.ifes.edu.br\/cmvv\/wp-json\/wp\/v2\/users\/18"}],"replies":[{"embeddable":true,"href":"https:\/\/site.ifes.edu.br\/cmvv\/wp-json\/wp\/v2\/comments?post=160"}],"version-history":[{"count":25,"href":"https:\/\/site.ifes.edu.br\/cmvv\/wp-json\/wp\/v2\/pages\/160\/revisions"}],"predecessor-version":[{"id":2080,"href":"https:\/\/site.ifes.edu.br\/cmvv\/wp-json\/wp\/v2\/pages\/160\/revisions\/2080"}],"wp:attachment":[{"href":"https:\/\/site.ifes.edu.br\/cmvv\/wp-json\/wp\/v2\/media?parent=160"}],"curies":[{"name":"wp","href":"https:\/\/api.w.org\/{rel}","templated":true}]}}